{"id":98,"date":"2022-08-05T11:48:36","date_gmt":"2022-08-05T10:48:36","guid":{"rendered":"https:\/\/www.iniciativas3d.com\/tienda-online\/?post_type=product&#038;p=98"},"modified":"2022-08-05T11:51:12","modified_gmt":"2022-08-05T10:51:12","slug":"comprar-mynt3d-boligrafo-de-impresora-3d-al-mejor-precio","status":"publish","type":"product","link":"https:\/\/www.iniciativas3d.com\/tienda-online\/product\/comprar-mynt3d-boligrafo-de-impresora-3d-al-mejor-precio\/","title":{"rendered":"Comprar MYNT3D Bol\u00edgrafo impresora 3D al mejor precio"},"content":{"rendered":"<table id=\"productDetails_techSpec_section_1\" class=\"a-keyvalue prodDetTable\" role=\"presentation\">\n<tbody>\n<tr>\n<th class=\"a-color-secondary a-size-base prodDetSectionEntry\">Fabricante<\/th>\n<td class=\"a-size-base prodDetAttrValue\">\u200eMYNT3D<\/td>\n<\/tr>\n<tr>\n<th class=\"a-color-secondary a-size-base prodDetSectionEntry\">Identificador de producto del fabricante<\/th>\n<td class=\"a-size-base prodDetAttrValue\">\u200eMP032-OG<\/td>\n<\/tr>\n<tr>\n<th class=\"a-color-secondary a-size-base prodDetSectionEntry\">Dimensiones del paquete<\/th>\n<td class=\"a-size-base prodDetAttrValue\">\u200e19.71 x 12.4 x 6.4 cm; 249 gramos<\/td>\n<\/tr>\n<tr>\n<th class=\"a-color-secondary a-size-base prodDetSectionEntry\">Referencia del fabricante<\/th>\n<td class=\"a-size-base prodDetAttrValue\">\u200eMP032-OG<\/td>\n<\/tr>\n<tr>\n<th class=\"a-color-secondary a-size-base prodDetSectionEntry\">Material<\/th>\n<td class=\"a-size-base prodDetAttrValue\">\u200ePl\u00e1stico<\/td>\n<\/tr>\n<tr>\n<th class=\"a-color-secondary a-size-base prodDetSectionEntry\">N\u00famero de productos<\/th>\n<td class=\"a-size-base prodDetAttrValue\">\u200e1<\/td>\n<\/tr>\n<tr>\n<th class=\"a-color-secondary a-size-base prodDetSectionEntry\">Necesita bater\u00edas<\/th>\n<td class=\"a-size-base prodDetAttrValue\">\u200eNo<\/td>\n<\/tr>\n<tr>\n<th class=\"a-color-secondary a-size-base prodDetSectionEntry\">Peso del producto<\/th>\n<td class=\"a-size-base prodDetAttrValue\">\u200e249 g<\/td>\n<\/tr>\n<\/tbody>\n<\/table>\n","protected":false},"excerpt":{"rendered":"<h1 id=\"title\" class=\"a-size-large a-spacing-none\"><span id=\"productTitle\" class=\"a-size-large product-title-word-break\">MYNT3D Bol\u00edgrafo 3D Junior2 para ni\u00f1os [actualizado en 2020] Bol\u00edgrafo de impresi\u00f3n a baja temperatura seguro para ni\u00f1os (NO compatible con ABS\/PLA)<\/span><\/h1>\n<ul class=\"a-unordered-list a-vertical a-spacing-mini\">\n<li><span class=\"a-list-item\">pluma 3d dise\u00f1ado espec\u00edficamente para los ni\u00f1os, con f\u00e1cil de entender el dise\u00f1o ergon\u00f3mico y la boquilla de baja temperatura que suele quemar las manos j\u00f3venes<\/span><\/li>\n<li><span class=\"a-list-item\">observe a su j\u00f3venes artistas, arquitectos o constructores imaginaci\u00f3n crecer en el papel en 3d<\/span><\/li>\n<li><span class=\"a-list-item\">junior2 se actualiza con el mismo dise\u00f1o de la boquilla sellada como plumas mynt3d m\u00e1s avanzados a los zuecos de parada y proporcionan innumerables horas de diversi\u00f3n y aprendizaje<\/span><\/li>\n<li><span class=\"a-list-item\">alimentaci\u00f3n por bater\u00eda, con cargos micro usb (nota: adaptador de ca no incluido) trabaja con seguro para los ni\u00f1os de baja temperatura de filamentos 1.75mm pcl (no compatible con abs o pla)<\/span><\/li>\n<li><span class=\"a-list-item\">3d incluye bol\u00edgrafo, manual de usuario, 3 rollos de pl\u00e1stico mynt3d pcl, plantillas de arranque y cable usb<\/span><\/li>\n<\/ul>\n<h2>Lea antes de comprar:<\/h2>\n<p>Esta es una p\u00e1gina de referidos, usted compra directamente en Amazon, cualquier pregunta, env\u00edo, etc.. deber\u00e1 de consultar con la p\u00e1gina web de dicha empresa. Iniciativas3D solamente selecciona aquellas impresoras que mejor se adaptan a nuestros clientes<\/p>\n","protected":false},"featured_media":99,"comment_status":"open","ping_status":"closed","template":"","meta":[],"class_list":["post-98","product","type-product","status-publish","has-post-thumbnail","hentry","product_cat-lapiz-impresion-3d","product_cat-para-ninos","product_tag-impresion-3d","product_tag-lapiz-impresion-3d","product_tag-para-ninos"],"_links":{"self":[{"href":"https:\/\/www.iniciativas3d.com\/tienda-online\/wp-json\/wp\/v2\/product\/98","targetHints":{"allow":["GET"]}}],"collection":[{"href":"https:\/\/www.iniciativas3d.com\/tienda-online\/wp-json\/wp\/v2\/product"}],"about":[{"href":"https:\/\/www.iniciativas3d.com\/tienda-online\/wp-json\/wp\/v2\/types\/product"}],"replies":[{"embeddable":true,"href":"https:\/\/www.iniciativas3d.com\/tienda-online\/wp-json\/wp\/v2\/comments?post=98"}],"wp:featuredmedia":[{"embeddable":true,"href":"https:\/\/www.iniciativas3d.com\/tienda-online\/wp-json\/wp\/v2\/media\/99"}],"wp:attachment":[{"href":"https:\/\/www.iniciativas3d.com\/tienda-online\/wp-json\/wp\/v2\/media?parent=98"}],"curies":[{"name":"wp","href":"https:\/\/api.w.org\/{rel}","templated":true}]}}