{"id":94,"date":"2022-08-05T11:41:54","date_gmt":"2022-08-05T10:41:54","guid":{"rendered":"https:\/\/www.iniciativas3d.com\/tienda-online\/?post_type=product&#038;p=94"},"modified":"2023-07-11T13:31:37","modified_gmt":"2023-07-11T12:31:37","slug":"comprar-copsd-pla-pluma-impresion-3d-al-mejor-precio-copia","status":"publish","type":"product","link":"https:\/\/www.iniciativas3d.com\/tienda-online\/product\/comprar-copsd-pla-pluma-impresion-3d-al-mejor-precio-copia\/","title":{"rendered":"Comprar COPSD PLA Pluma impresion 3d al mejor precio"},"content":{"rendered":"<table id=\"productDetails_techSpec_section_1\" class=\"a-keyvalue prodDetTable\" role=\"presentation\">\n<tbody>\n<tr>\n<th class=\"a-color-secondary a-size-base prodDetSectionEntry\">Marca<\/th>\n<td class=\"a-size-base prodDetAttrValue\">\u200eCOPSD<\/td>\n<\/tr>\n<tr>\n<th class=\"a-color-secondary a-size-base prodDetSectionEntry\">N\u00famero de modelo<\/th>\n<td class=\"a-size-base prodDetAttrValue\">\u200eDEC00016<\/td>\n<\/tr>\n<tr>\n<th class=\"a-color-secondary a-size-base prodDetSectionEntry\">Color<\/th>\n<td class=\"a-size-base prodDetAttrValue\">\u200eColor<\/td>\n<\/tr>\n<tr>\n<th class=\"a-color-secondary a-size-base prodDetSectionEntry\">Dimensiones del paquete<\/th>\n<td class=\"a-size-base prodDetAttrValue\">\u200e29.1 x 22.8 x 3.2 cm; 630 gramos<\/td>\n<\/tr>\n<tr>\n<th class=\"a-color-secondary a-size-base prodDetSectionEntry\">Peso del producto<\/th>\n<td class=\"a-size-base prodDetAttrValue\">\u200e630 g<\/td>\n<\/tr>\n<\/tbody>\n<\/table>\n","protected":false},"excerpt":{"rendered":"<h1 id=\"title\" class=\"a-size-large a-spacing-none\"><span id=\"productTitle\" class=\"a-size-large product-title-word-break\">COPSD PLA Pluma de impresi\u00f3n 3D Plantilla de sello de silicona Plantilla de \u00e1lbum de recortes 10 colores 1.75 mm Total 50 yardas Sello de silicona grande 40 dise\u00f1os Copiar \u00e1lbum Protector de dedos<\/span><\/h1>\n<ul class=\"a-unordered-list a-vertical a-spacing-mini\">\n<li><span class=\"a-list-item\">Accesorios de impresi\u00f3n 3D: accesorios PLA en 10 colores, longitud total 50 m, hechos de material vegetal, respetuosos con el medio ambiente, no t\u00f3xicos e ins\u00edpidos, se pueden usar sin dudarlo, negro, blanco, gris, amarillo, rojo, naranja, azul, verde, morado, rosa, libre de hacer tu propia creatividad.<\/span><\/li>\n<li><span class=\"a-list-item\">Alfombrilla de plantilla de silicona para impresi\u00f3n 3D: est\u00e1 hecha de silicona ecol\u00f3gica, puede soportar temperaturas de 220-260 \u2103 y protege eficazmente la superficie de trabajo, se puede lavar con agua, es f\u00e1cil de limpiar. El tama\u00f1o de 45 * 28 CM es conveniente para crear diferentes tama\u00f1os de modelos.<\/span><\/li>\n<li><span class=\"a-list-item\">Tablero de copia de folleto de impresi\u00f3n 3D: 40 tableros de copia diferentes (20 tableros de dibujo tridimensionales de doble cara hechos de papel de aluminio), 1 tablero de dibujo transparente de alta y baja temperatura, use con plantilla, puede comenzar r\u00e1pidamente e implementar sus ideas<\/span><\/li>\n<li><span class=\"a-list-item\">Cubierta anti-quemaduras para los dedos: dise\u00f1o de silicona el\u00e1stica con dise\u00f1o el\u00e1stico y poroso, sin dedos inc\u00f3modos durante mucho tiempo, gr\u00e1nulos en el interior de la cubierta para los dedos para mejorar el antideslizante. 2 tallas grandes y 2 peque\u00f1as para adultos y ni\u00f1as y ni\u00f1os<\/span><\/li>\n<li><span class=\"a-list-item\">MEJOR REGALO: No importa si es un ni\u00f1o o una ni\u00f1a, un artista o un aficionado, \u00a1este juego de bol\u00edgrafos impresos en 3D ser\u00e1 un regalo divertido para sus compa\u00f1eros de clase, amigos, ni\u00f1os en cumplea\u00f1os, Navidad o Halloween!<\/span><\/li>\n<\/ul>\n<h2>Lea antes de comprar:<\/h2>\n<p>Esta es una p\u00e1gina de referidos, usted compra directamente en Amazon, cualquier pregunta, env\u00edo, etc.. deber\u00e1 de consultar con la p\u00e1gina web de dicha empresa. Iniciativas3D solamente selecciona aquellas impresoras que mejor se adaptan a nuestros clientes<\/p>\n","protected":false},"featured_media":95,"comment_status":"open","ping_status":"closed","template":"","meta":[],"class_list":["post-94","product","type-product","status-publish","has-post-thumbnail","hentry","product_cat-lapiz-impresion-3d","product_cat-para-ninos","product_tag-impresion-3d","product_tag-lapiz-impresion-3d","product_tag-para-ninos","product_tag-pla"],"_links":{"self":[{"href":"https:\/\/www.iniciativas3d.com\/tienda-online\/wp-json\/wp\/v2\/product\/94","targetHints":{"allow":["GET"]}}],"collection":[{"href":"https:\/\/www.iniciativas3d.com\/tienda-online\/wp-json\/wp\/v2\/product"}],"about":[{"href":"https:\/\/www.iniciativas3d.com\/tienda-online\/wp-json\/wp\/v2\/types\/product"}],"replies":[{"embeddable":true,"href":"https:\/\/www.iniciativas3d.com\/tienda-online\/wp-json\/wp\/v2\/comments?post=94"}],"wp:featuredmedia":[{"embeddable":true,"href":"https:\/\/www.iniciativas3d.com\/tienda-online\/wp-json\/wp\/v2\/media\/95"}],"wp:attachment":[{"href":"https:\/\/www.iniciativas3d.com\/tienda-online\/wp-json\/wp\/v2\/media?parent=94"}],"curies":[{"name":"wp","href":"https:\/\/api.w.org\/{rel}","templated":true}]}}