{"id":90,"date":"2022-08-04T13:02:53","date_gmt":"2022-08-04T12:02:53","guid":{"rendered":"https:\/\/www.iniciativas3d.com\/tienda-online\/?post_type=product&#038;p=90"},"modified":"2022-08-04T13:05:23","modified_gmt":"2022-08-04T12:05:23","slug":"comprar-libro-de-impresion-y-escaneo-3d-al-mejor-precio","status":"publish","type":"product","link":"https:\/\/www.iniciativas3d.com\/tienda-online\/product\/comprar-libro-de-impresion-y-escaneo-3d-al-mejor-precio\/","title":{"rendered":"Comprar libro de Impresi\u00f3n y escaneo 3D al mejor precio"},"content":{"rendered":"<ul class=\"a-unordered-list a-nostyle a-vertical a-spacing-none detail-bullet-list\">\n<li><span class=\"a-list-item\"><span class=\"a-text-bold\">ASIN \u200f : \u200e\u00a0<\/span>B09NGS5315<\/span><\/li>\n<li><span class=\"a-list-item\"><span class=\"a-text-bold\">Editorial \u200f : \u200e\u00a0<\/span>Independently published (11 diciembre 2021)<\/span><\/li>\n<li><span class=\"a-list-item\"><span class=\"a-text-bold\">Idioma \u200f : \u200e\u00a0<\/span>Espa\u00f1ol<\/span><\/li>\n<li><span class=\"a-list-item\"><span class=\"a-text-bold\">Tapa blanda \u200f : \u200e\u00a0<\/span>218 p\u00e1ginas<\/span><\/li>\n<li><span class=\"a-list-item\"><span class=\"a-text-bold\">ISBN-13 \u200f : \u200e\u00a0<\/span>979-8777357700<\/span><\/li>\n<li><span class=\"a-list-item\"><span class=\"a-text-bold\">Peso del producto \u200f : \u200e\u00a0<\/span>640 g<\/span><\/li>\n<li><span class=\"a-list-item\"><span class=\"a-text-bold\">Dimensiones \u200f : \u200e\u00a0<\/span>21.59 x 1.32 x 27.94 cm<\/span><\/li>\n<\/ul>\n","protected":false},"excerpt":{"rendered":"<h1 id=\"title\" class=\"a-spacing-none a-text-normal\"><span id=\"productTitle\" class=\"a-size-extra-large\">Impresi\u00f3n y Escaneo 3D: El Futuro de la Manufactura: La \u00fanica gu\u00eda que te garantiza que aprender\u00e1s a imprimir y escanear 3D desde cero\u00a0<\/span><span id=\"productSubtitle\" class=\"a-size-large a-color-secondary\">Tapa blanda<\/span><\/h1>\n<p><span class=\"a-text-bold\">Este libro te ense\u00f1a:<\/span><\/p>\n<ul class=\"a-unordered-list a-vertical\">\n<li><span class=\"a-list-item\">Toda la teor\u00eda sobre la impresi\u00f3n y escaneo 3D.<\/span><\/li>\n<li><span class=\"a-list-item\">Descargar modelos 3D gratuitos y de paga desde internet.<\/span><\/li>\n<li><span class=\"a-list-item\">Todos los tipos de filamento y sus caracter\u00edsticas.<\/span><\/li>\n<li><span class=\"a-list-item\">Elegir el filamento adecuado para cada proyecto.<\/span><\/li>\n<li><span class=\"a-list-item\">Escalar o elegir el tama\u00f1o ideal de los modelos 3D.<\/span><\/li>\n<li><span class=\"a-list-item\">Todos los par\u00e1metros de impresi\u00f3n y sus configuraciones.<\/span><\/li>\n<li><span class=\"a-list-item\">Elegir los correctos par\u00e1metros de impresi\u00f3n para cada proyecto.<\/span><\/li>\n<li><span class=\"a-list-item\">Dise\u00f1ar los soportes tipo \u00e1rbol y tipo columna para distintos modelos 3D.<\/span><\/li>\n<li><span class=\"a-list-item\">Calibrar la impresora 3D.<\/span><\/li>\n<li><span class=\"a-list-item\">Ejercicios que describen paso a paso c\u00f3mo imprimir distintos modelos 3D de diferentes materiales.<\/span><\/li>\n<li><span class=\"a-list-item\">Post-producci\u00f3n de las piezas impresas.<\/span><\/li>\n<li><span class=\"a-list-item\">Solucionar los problemas m\u00e1s comunes que ocurren en la impresora 3D o durante la impresi\u00f3n.<\/span><\/li>\n<li><span class=\"a-list-item\">Actualizaci\u00f3n de Firmware de la impresora 3D.<\/span><\/li>\n<li><span class=\"a-list-item\">Teor\u00eda de c\u00f3mo imprimir metales o cer\u00e1micos con impresora l\u00e1ser (LMD).<\/span><\/li>\n<li><span class=\"a-list-item\">Ejercicios que muestran paso a paso c\u00f3mo escanear 3D sin gastar dinero y con calidad profesional.<\/span><\/li>\n<li><span class=\"a-list-item\">Crear anuncios, logotipos, manualidades 3D a partir de una imagen 2D.<\/span><\/li>\n<\/ul>\n<h2>Lea antes de comprar:<\/h2>\n<p>Esta es una p\u00e1gina de referidos, usted compra directamente en Amazon, cualquier pregunta, env\u00edo, etc.. deber\u00e1 de consultar con la p\u00e1gina web de dicha empresa. Iniciativas3D solamente selecciona aquellas impresoras que mejor se adaptan a nuestros clientes<\/p>\n","protected":false},"featured_media":91,"comment_status":"open","ping_status":"closed","template":"","meta":[],"class_list":["post-90","product","type-product","status-publish","has-post-thumbnail","hentry","product_cat-impresion-3d","product_cat-libros","product_tag-escaneo-3d","product_tag-impresion-3d","product_tag-iniciacion","product_tag-introduccion","product_tag-libros"],"_links":{"self":[{"href":"https:\/\/www.iniciativas3d.com\/tienda-online\/wp-json\/wp\/v2\/product\/90","targetHints":{"allow":["GET"]}}],"collection":[{"href":"https:\/\/www.iniciativas3d.com\/tienda-online\/wp-json\/wp\/v2\/product"}],"about":[{"href":"https:\/\/www.iniciativas3d.com\/tienda-online\/wp-json\/wp\/v2\/types\/product"}],"replies":[{"embeddable":true,"href":"https:\/\/www.iniciativas3d.com\/tienda-online\/wp-json\/wp\/v2\/comments?post=90"}],"wp:featuredmedia":[{"embeddable":true,"href":"https:\/\/www.iniciativas3d.com\/tienda-online\/wp-json\/wp\/v2\/media\/91"}],"wp:attachment":[{"href":"https:\/\/www.iniciativas3d.com\/tienda-online\/wp-json\/wp\/v2\/media?parent=90"}],"curies":[{"name":"wp","href":"https:\/\/api.w.org\/{rel}","templated":true}]}}