{"id":78,"date":"2022-08-04T11:58:34","date_gmt":"2022-08-04T10:58:34","guid":{"rendered":"https:\/\/www.iniciativas3d.com\/tienda-online\/?post_type=product&#038;p=78"},"modified":"2022-08-04T11:58:34","modified_gmt":"2022-08-04T10:58:34","slug":"comprar-libro-de-impresion-3d-guia-de-problemas-al-mejor-precio","status":"publish","type":"product","link":"https:\/\/www.iniciativas3d.com\/tienda-online\/product\/comprar-libro-de-impresion-3d-guia-de-problemas-al-mejor-precio\/","title":{"rendered":"Comprar libro de Impresi\u00f3n 3D Gu\u00eda de problemas al mejor precio"},"content":{"rendered":"<h2>Detalles del producto<\/h2>\n<div id=\"detailBullets_feature_div\">\n<ul class=\"a-unordered-list a-nostyle a-vertical a-spacing-none detail-bullet-list\">\n<li><span class=\"a-list-item\"><span class=\"a-text-bold\">ASIN \u200f : \u200e\u00a0<\/span>B09K2359FN<\/span><\/li>\n<li><span class=\"a-list-item\"><span class=\"a-text-bold\">Editorial \u200f : \u200e\u00a0<\/span>Independently published (22 octubre 2021)<\/span><\/li>\n<li><span class=\"a-list-item\"><span class=\"a-text-bold\">Idioma \u200f : \u200e\u00a0<\/span>Espa\u00f1ol<\/span><\/li>\n<li><span class=\"a-list-item\"><span class=\"a-text-bold\">Tapa blanda \u200f : \u200e\u00a0<\/span>83 p\u00e1ginas<\/span><\/li>\n<li><span class=\"a-list-item\"><span class=\"a-text-bold\">ISBN-13 \u200f : \u200e\u00a0<\/span>979-8751770464<\/span><\/li>\n<li><span class=\"a-list-item\"><span class=\"a-text-bold\">Peso del producto \u200f : \u200e\u00a0<\/span>163 g<\/span><\/li>\n<li><span class=\"a-list-item\"><span class=\"a-text-bold\">Dimensiones \u200f : \u200e\u00a0<\/span>13.97 x 0.51 x 21.59 cm<\/span><\/li>\n<\/ul>\n<\/div>\n","protected":false},"excerpt":{"rendered":"<h1 id=\"title\" class=\"a-spacing-none a-text-normal\"><span id=\"productTitle\" class=\"a-size-extra-large\">Soluci\u00f3n de problemas de impresi\u00f3n en 3D: La gu\u00eda completa para arreglar todos los problemas de la impresi\u00f3n en 3D (Impresi\u00f3n 3D | Introducci\u00f3n, Soluci\u00f3n de problemas e Ideas)\u00a0<\/span><span id=\"productSubtitle\" class=\"a-size-large a-color-secondary\">Tapa blanda<\/span><\/h1>\n<p><span class=\"a-text-bold\">Este manual de resoluci\u00f3n de problemas de impresi\u00f3n en 3D le ayudar\u00e1 a:<\/span><\/p>\n<p><span class=\"a-text-bold\">a) evitar los problemas de impresi\u00f3n en 3D, b) mejorar la calidad general de sus impresiones en 3D, c) evitar el costoso posprocesamiento de la impresi\u00f3n en 3D y, sobre todo, d) identificar y corregir errores espec\u00edficos.<\/span><\/p>\n<p><span class=\"a-text-bold\">Esta gu\u00eda de soluci\u00f3n de problemas incluye m\u00e1s de 40 errores que pueden producirse al utilizar una impresora 3D FDM!<\/span>\u00a0Este libro no s\u00f3lo explica las causas de los resultados de impresi\u00f3n insatisfactorios, sino que tambi\u00e9n proporciona pasos de soluci\u00f3n espec\u00edficos que puede aplicar para resolver sus problemas de impresi\u00f3n en 3D.\u00a0<span class=\"a-text-bold\">Utiliza esta compacta gu\u00eda para una amplia resoluci\u00f3n de problemas y mejora la calidad de tus resultados de impresi\u00f3n en poco tiempo.<\/span><\/p>\n<p><span class=\"a-text-bold\">El autor del libro es ingeniero (M.Eng.) y un entusiasta de impresi\u00f3n en 3D.<\/span>\u00a0Adem\u00e1s de una breve introducci\u00f3n a los conceptos b\u00e1sicos de la impresi\u00f3n en 3D para principiantes, un an\u00e1lisis de los componentes cr\u00edticos y una gu\u00eda de nivelaci\u00f3n de la cama de impresi\u00f3n, tambi\u00e9n encontrar\u00e1 un directorio basado en im\u00e1genes de todos los patrones de error para una f\u00e1cil y r\u00e1pida identificaci\u00f3n de su problema espec\u00edfico de impresi\u00f3n en 3D.<\/p>\n<p>El software gratuito de rebanado \u00abCura\u00bb se utiliza en este concepto. Numerosas im\u00e1genes apoyan las explicaciones del libro y as\u00ed crear una clara y simple soluci\u00f3n de problemas de impresi\u00f3n en 3D.<\/p>\n<p><span class=\"a-text-bold\">Este libro es una referencia est\u00e1ndar tanto para principiantes como para avanzados y debe estar siempre a mano. Ah\u00f3rrese el tiempo de una extensa b\u00fasqueda de informaci\u00f3n y obtenga su copia ahora mismo.<\/span><\/p>\n<p><span class=\"a-text-bold\"><u>\u00cdndice (forma breve):<\/u><\/span><\/p>\n<p><span class=\"a-text-bold\">a)<\/span>\u00a0\u00abHot End\u00bb no se calienta\u00a0<span class=\"a-text-bold\">b)<\/span>\u00a0Boquilla obstruida\u00a0<span class=\"a-text-bold\">c)<\/span>\u00a0La impresi\u00f3n no se inicia\u00a0<span class=\"a-text-bold\">d)<\/span>\u00a0Mala adherencia\u00a0<span class=\"a-text-bold\">e)<\/span>\u00a0Problemas de filamentos\u00a0<span class=\"a-text-bold\">f)<\/span>\u00a0\u00abUnder-extrusion\u00bb y \u00abOver-extrusion\u00bb\u00a0<span class=\"a-text-bold\">g)<\/span>\u00a0\u00abCurling\u00bb\u00a0<span class=\"a-text-bold\">h)<\/span>\u00a0\u00abStringing\u00bb o \u00abOozing\u00bb<span class=\"a-text-bold\">\u00a0i)<\/span>\u00a0\u00abBlobs and Zits\u00bb<span class=\"a-text-bold\">\u00a0j)<\/span>\u00a0\u00abPillowing\u00bb\u00a0<span class=\"a-text-bold\">k)<\/span>\u00a0\u00abVibration &amp; Ringing\u00bb (Ghosting)<span class=\"a-text-bold\">\u00a0l)<\/span>\u00a0\u00abWarping\u00bb\u00a0<span class=\"a-text-bold\">m)<\/span>\u00a0\u00abElephant foot\u00bb<span class=\"a-text-bold\">\u00a0n)<\/span>\u00a0\u00abZ-axis wobble\u00bb\u00a0<span class=\"a-text-bold\">o)<\/span>\u00a0Espacios entre las capas (\u00abLayer Cracking \/ Separation \/ Splitting\u00bb)\u00a0<span class=\"a-text-bold\">p)<\/span>\u00a0\u00abLayer Shifting\u00bb\u00a0<span class=\"a-text-bold\">q)<\/span>\u00a0Falta de capas\u00a0<span class=\"a-text-bold\">r)<\/span>\u00a0Cicatrices en la impresi\u00f3n\u00a0<span class=\"a-text-bold\">s)<\/span>\u00a0La impresora 3D golpea las partes\u00a0<span class=\"a-text-bold\">t)<\/span>\u00a0Falta de conexi\u00f3n)\u00a0<span class=\"a-text-bold\">u)<\/span>\u00a0El objeto impreso no puede ser retirado de la cama\u00a0<span class=\"a-text-bold\">v)<\/span>\u00a0La costura z es claramente visible\u00a0<span class=\"a-text-bold\">w)<\/span>\u00a0Desviaciones dimensionales entre la impresi\u00f3n y el modelo CAD\u00a0<span class=\"a-text-bold\">x)<\/span>\u00a0Problemas con el relleno<span class=\"a-text-bold\">\u00a0y)<\/span>\u00a0Problemas generales con la estructura de soporte<\/p>\n<p>Este libro tambi\u00e9n incluye un cap\u00edtulo extra con un perfil de rebanado de impresi\u00f3n 3D optimizado!<\/p>\n<p>En un pr\u00e1ctico formato o como un ebook en tu tableta, siempre a mano cuando surgen problemas de impresi\u00f3n en 3D y te dan ganas de maldecir!<\/p>\n<p><span class=\"a-text-bold\">\u00a1Empieza echando un vistazo al interior y pide tu copia de inmediato!<\/span><\/p>\n<h2><\/h2>\n<h2>Lea antes de comprar:<\/h2>\n<p>Esta es una p\u00e1gina de referidos, usted compra directamente en Amazon, cualquier pregunta, env\u00edo, etc.. deber\u00e1 de consultar con la p\u00e1gina web de dicha empresa. Iniciativas3D solamente selecciona aquellas impresoras que mejor se adaptan a nuestros clientes<\/p>\n","protected":false},"featured_media":79,"comment_status":"open","ping_status":"closed","template":"","meta":[],"class_list":["post-78","product","type-product","status-publish","has-post-thumbnail","hentry","product_cat-impresion-3d","product_cat-libros","product_tag-guia","product_tag-impresion-3d","product_tag-libros","product_tag-solucion-problemas"],"_links":{"self":[{"href":"https:\/\/www.iniciativas3d.com\/tienda-online\/wp-json\/wp\/v2\/product\/78","targetHints":{"allow":["GET"]}}],"collection":[{"href":"https:\/\/www.iniciativas3d.com\/tienda-online\/wp-json\/wp\/v2\/product"}],"about":[{"href":"https:\/\/www.iniciativas3d.com\/tienda-online\/wp-json\/wp\/v2\/types\/product"}],"replies":[{"embeddable":true,"href":"https:\/\/www.iniciativas3d.com\/tienda-online\/wp-json\/wp\/v2\/comments?post=78"}],"wp:featuredmedia":[{"embeddable":true,"href":"https:\/\/www.iniciativas3d.com\/tienda-online\/wp-json\/wp\/v2\/media\/79"}],"wp:attachment":[{"href":"https:\/\/www.iniciativas3d.com\/tienda-online\/wp-json\/wp\/v2\/media?parent=78"}],"curies":[{"name":"wp","href":"https:\/\/api.w.org\/{rel}","templated":true}]}}