{"id":73,"date":"2022-08-04T11:46:04","date_gmt":"2022-08-04T10:46:04","guid":{"rendered":"https:\/\/www.iniciativas3d.com\/tienda-online\/?post_type=product&#038;p=73"},"modified":"2023-07-11T13:32:32","modified_gmt":"2023-07-11T12:32:32","slug":"comprar-impresora-3d-resina-anycubic-photon-m3-al-mejor-precio-copia","status":"publish","type":"product","link":"https:\/\/www.iniciativas3d.com\/tienda-online\/product\/comprar-impresora-3d-resina-anycubic-photon-m3-al-mejor-precio-copia\/","title":{"rendered":"Comprar Impresora 3D Resina ANYCUBIC Photon M3 al mejor precio"},"content":{"rendered":"<div class=\"a-section a-spacing-large pzr-features-containers\">\n<div class=\"a-section a-spacing-large pzr-features-containers\">\n<h5 class=\"a-spacing-small\">Especificaciones de producto<\/h5>\n<div class=\"a-row\">\n<div class=\"a-column a-span12 a-span-last\">\n<div class=\"a-expander-collapsed-height a-row a-expander-container a-expander-partial-collapse-container\" data-a-expander-name=\"psw_table_expander\" data-a-expander-collapsed-height=\"300\">\n<div class=\"a-expander-content a-expander-partial-collapse-content\" aria-expanded=\"false\">\n<table id=\"product-specification-table\" class=\"a-keyvalue\">\n<tbody>\n<tr>\n<th class=\"a-span4 a-text-right\">Color<\/th>\n<td>Photon M3 Plus<\/td>\n<\/tr>\n<tr>\n<th class=\"a-span4 a-text-right\">Componentes incluidos<\/th>\n<td>1<\/td>\n<\/tr>\n<tr>\n<th class=\"a-span4 a-text-right\">Descripci\u00f3n de la garant\u00eda<\/th>\n<td>Anycubic impresora 3D ofrece un mes de devoluci\u00f3n y cambio gratis, si tiene alg\u00fan problema, no dude en contactarnos.<\/td>\n<\/tr>\n<tr>\n<th class=\"a-span4 a-text-right\">Especificaci\u00f3n cumplida<\/th>\n<td><\/td>\n<\/tr>\n<tr>\n<th class=\"a-span4 a-text-right\">Material<\/th>\n<td>Resina<\/td>\n<\/tr>\n<tr>\n<th class=\"a-span4 a-text-right\">N\u00famero de modelo<\/th>\n<td>Photon M3 Plus<\/td>\n<\/tr>\n<tr>\n<th class=\"a-span4 a-text-right\">N\u00famero de pieza<\/th>\n<td>DE-LCD Printer<\/td>\n<\/tr>\n<tr>\n<th class=\"a-span4 a-text-right\">Talla<\/th>\n<td>Photon M3 Plus<\/td>\n<\/tr>\n<tr>\n<th class=\"a-span4 a-text-right\">Tecnolog\u00eda de conectividad<\/th>\n<td>USB<\/td>\n<\/tr>\n<\/tbody>\n<\/table>\n<\/div>\n<\/div>\n<\/div>\n<\/div>\n<\/div>\n<div class=\"a-section a-spacing-large pzr-features-containers\">\n<h5 class=\"a-spacing-small\">Especificaciones para esta familia de productos<\/h5>\n<div class=\"a-row\">\n<div class=\"a-column a-span12 a-span-last\">\n<div class=\"a-expander-collapsed-height a-row a-expander-container a-expander-partial-collapse-container\" data-a-expander-name=\"psw_table_expander\" data-a-expander-collapsed-height=\"300\">\n<div class=\"a-expander-content a-expander-partial-collapse-content\" aria-expanded=\"false\">\n<table id=\"product-specification-table\" class=\"a-keyvalue\">\n<tbody>\n<tr>\n<th class=\"a-span4 a-text-right\">Nombre de la marca<\/th>\n<td>ANYCUBIC<\/td>\n<\/tr>\n<tr>\n<th class=\"a-span4 a-text-right\">N\u00famero de art\u00edculos<\/th>\n<td>1<\/td>\n<\/tr>\n<tr>\n<th class=\"a-span4 a-text-right\">N\u00famero de pieza<\/th>\n<td>Photon-Serie<\/td>\n<\/tr>\n<\/tbody>\n<\/table>\n<\/div>\n<\/div>\n<\/div>\n<\/div>\n<\/div>\n<div class=\"a-row\">\n<div class=\"a-column a-span12 a-span-last\">\n<div class=\"a-expander-collapsed-height a-row a-expander-container a-expander-partial-collapse-container\" data-a-expander-name=\"psw_table_expander\" data-a-expander-collapsed-height=\"300\"><\/div>\n<\/div>\n<\/div>\n<\/div>\n","protected":false},"excerpt":{"rendered":"<h1>Impresora 3D Resina\u00a0<span id=\"productTitle\" class=\"a-size-large product-title-word-break\">ANYCUBIC Photon M3 Plus\u00a0<\/span><\/h1>\n<p><small>La impresora 3D de resina a mejor precio con respecto a su calidad<\/small><\/p>\n<p><span class=\"a-list-item\">? <\/span><strong>[Impresi\u00f3n Inteligente y Alimentaci\u00f3n Autom\u00e1tica de Resina]<\/strong> La impresora 3D de Anycubic Photon M3 Plus admite el modo de control USB-A 2.0 \/ USB-A 3.0 \/ LAN \/ WAN. No importa si transfiere archivos o imprime, puede hacerlo con solo un toque en Anycubic Cloud por su telefono. Agrega una funci\u00f3n nueva de alimentaci\u00f3n autom\u00e1tica, que se alimenta autom\u00e1ticamente cuando la resina es insuficiente.<\/p>\n<p><span class=\"a-list-item\">?\u3010<strong>Cada minuto cuenta<\/strong>\u3011La velocidad m\u00e1xima de impresi\u00f3n de Anycubic Photon M3 Plus puede alcanzar hasta 100 mm\/h. Solo se necesitan 1,2 horas para imprimir un modelo de 12 cm de alto. Cada minuto tuyo es precioso para Anycubic.<\/span><\/p>\n<p><span class=\"a-list-item\">?\u3010<strong>Alta precisi\u00f3n de impresi\u00f3n<\/strong>\u3011Anycubic Photon M3 Plus tiene un gran tama\u00f1o de impresi\u00f3n de 245 * 197 * 122 mm, equipada con una pantalla monocrom\u00e1tica con resoluci\u00f3n 6K, que alcanza una resoluci\u00f3n de m\u00e1s de 20 millones p\u00edxeles y tiene la relaci\u00f3n de contraste alta de 350:1, lo que hace que la precisi\u00f3n de impresi\u00f3n sea m\u00e1s alta, y el producto terminado es rico en detalles y realista.<\/span><\/p>\n<p><span class=\"a-list-item\">?\u3010<strong>Operaci\u00f3n simple, alta tasa de \u00e9xito de impresi\u00f3n<\/strong>\u3011Anycubic Photon M3 Plus 3D Printer est\u00e1 equipada con la pantalla LCD t\u00e1ctil a color de 5 inch, respuesta sensible, pantalla brillante y brillante, que brinda una mejor sensaci\u00f3n de control. La plataforma de grabado l\u00e1ser aumenta significativamente la adherencia en la parte inferior de la plataforma y mejor\u00f3 la tasa de \u00e9xito de impresi\u00f3n.<\/span><\/p>\n<p><span class=\"a-list-item\">?\u3010<strong>Garant\u00eda y servicio<\/strong>\u3011<\/span>Anycubic impresora 3D ofrece un mes de devoluci\u00f3n y cambio gratis, si tiene alg\u00fan problema, no dude en contactarnos. Anycubic Photon M3 Plus viene con el software de corte profesional\uff1a Anycubic Photon Workshop, no es necesario comprar un costoso software de terceros, puede disfrutar de la diversi\u00f3n de la creaci\u00f3n libremente.<\/p>\n<h2>Lea antes de comprar:<\/h2>\n<p>Esta es una p\u00e1gina de referidos, usted compra directamente en Amazon, cualquier pregunta, env\u00edo, etc.. deber\u00e1 de consultar con la p\u00e1gina web de dicha empresa. Iniciativas3D solamente selecciona aquellas impresoras que mejor se adaptan a nuestros clientes<\/p>\n","protected":false},"featured_media":74,"comment_status":"open","ping_status":"closed","template":"","meta":[],"class_list":["post-73","product","type-product","status-publish","has-post-thumbnail","hentry","product_cat-electronica","product_cat-impresoras-3d","product_cat-impresoras-3d-resina","product_tag-impresora-3d","product_tag-resina","product_tag-usb"],"_links":{"self":[{"href":"https:\/\/www.iniciativas3d.com\/tienda-online\/wp-json\/wp\/v2\/product\/73","targetHints":{"allow":["GET"]}}],"collection":[{"href":"https:\/\/www.iniciativas3d.com\/tienda-online\/wp-json\/wp\/v2\/product"}],"about":[{"href":"https:\/\/www.iniciativas3d.com\/tienda-online\/wp-json\/wp\/v2\/types\/product"}],"replies":[{"embeddable":true,"href":"https:\/\/www.iniciativas3d.com\/tienda-online\/wp-json\/wp\/v2\/comments?post=73"}],"wp:featuredmedia":[{"embeddable":true,"href":"https:\/\/www.iniciativas3d.com\/tienda-online\/wp-json\/wp\/v2\/media\/74"}],"wp:attachment":[{"href":"https:\/\/www.iniciativas3d.com\/tienda-online\/wp-json\/wp\/v2\/media?parent=73"}],"curies":[{"name":"wp","href":"https:\/\/api.w.org\/{rel}","templated":true}]}}