{"id":67,"date":"2022-08-04T11:35:07","date_gmt":"2022-08-04T10:35:07","guid":{"rendered":"https:\/\/www.iniciativas3d.com\/tienda-online\/?post_type=product&#038;p=67"},"modified":"2023-07-11T13:33:13","modified_gmt":"2023-07-11T12:33:13","slug":"comprar-impresora-3d-resina-elegoo-al-mejor-precio","status":"publish","type":"product","link":"https:\/\/www.iniciativas3d.com\/tienda-online\/product\/comprar-impresora-3d-resina-elegoo-al-mejor-precio\/","title":{"rendered":"Comprar Impresora 3D Resina ELEGOO al mejor precio"},"content":{"rendered":"<div class=\"a-section a-spacing-large pzr-features-containers\">\n<div class=\"a-section a-spacing-large pzr-features-containers\">\n<h5 class=\"a-spacing-small\">Especificaciones de producto<\/h5>\n<div class=\"a-row\">\n<div class=\"a-column a-span12 a-span-last\">\n<div class=\"a-expander-collapsed-height a-row a-expander-container a-expander-partial-collapse-container\" data-a-expander-name=\"psw_table_expander\" data-a-expander-collapsed-height=\"300\">\n<div class=\"a-expander-content a-expander-partial-collapse-content\" aria-expanded=\"false\">\n<table id=\"product-specification-table\" class=\"a-keyvalue\">\n<tbody>\n<tr>\n<th class=\"a-span4 a-text-right\">Color<\/th>\n<td>Negro<\/td>\n<\/tr>\n<tr>\n<th class=\"a-span4 a-text-right\">Especificaci\u00f3n cumplida<\/th>\n<td><\/td>\n<\/tr>\n<tr>\n<th class=\"a-span4 a-text-right\">Estilo<\/th>\n<td>Mars 2<\/td>\n<\/tr>\n<tr>\n<th class=\"a-span4 a-text-right\">Material<\/th>\n<td>pl\u00e1stico , Resina , Aluminio<\/td>\n<\/tr>\n<tr>\n<th class=\"a-span4 a-text-right\">N\u00famero de art\u00edculos<\/th>\n<td>1<\/td>\n<\/tr>\n<tr>\n<th class=\"a-span4 a-text-right\">N\u00famero de pieza<\/th>\n<td>Mars 2<\/td>\n<\/tr>\n<tr>\n<th class=\"a-span4 a-text-right\">Tecnolog\u00eda de conectividad<\/th>\n<td>USB<\/td>\n<\/tr>\n<\/tbody>\n<\/table>\n<\/div>\n<\/div>\n<\/div>\n<\/div>\n<\/div>\n<div class=\"a-section a-spacing-large pzr-features-containers\">\n<h5 class=\"a-spacing-small\">Especificaciones para esta familia de productos<\/h5>\n<div class=\"a-row\">\n<div class=\"a-column a-span12 a-span-last\">\n<div class=\"a-expander-collapsed-height a-row a-expander-container a-expander-partial-collapse-container\" data-a-expander-name=\"psw_table_expander\" data-a-expander-collapsed-height=\"300\">\n<div class=\"a-expander-content a-expander-partial-collapse-content\" aria-expanded=\"false\">\n<table id=\"product-specification-table\" class=\"a-keyvalue\">\n<tbody>\n<tr>\n<th class=\"a-span4 a-text-right\">Material<\/th>\n<td>Resina<\/td>\n<\/tr>\n<tr>\n<th class=\"a-span4 a-text-right\">Nombre de la marca<\/th>\n<td>ELEGOO<\/td>\n<\/tr>\n<\/tbody>\n<\/table>\n<\/div>\n<\/div>\n<\/div>\n<\/div>\n<\/div>\n<div class=\"a-row\">\n<div class=\"a-column a-span12 a-span-last\">\n<div class=\"a-expander-collapsed-height a-row a-expander-container a-expander-partial-collapse-container\" data-a-expander-name=\"psw_table_expander\" data-a-expander-collapsed-height=\"300\"><\/div>\n<\/div>\n<\/div>\n<\/div>\n","protected":false},"excerpt":{"rendered":"<h1>Impresora 3D Resina <span id=\"productTitle\" class=\"a-size-large product-title-word-break\">ELEGOO Mars 2<\/span><\/h1>\n<p><small>La impresora 3D de resina a mejor precio con respecto a su calidad<\/small><\/p>\n<p><span class=\"a-list-item\">? <\/span><strong>[Impresi\u00f3n r\u00e1pida y menos mantenimiento]<\/strong> Mars 2 viene con una pantalla LCD monocrom\u00e1tica de 6.08 pulgadas con resoluci\u00f3n 2K HD y solo toma 2 segundos por capa de exposici\u00f3n para curar la resina, lo que podr\u00eda mejorar significativamente su eficiencia de impresi\u00f3n. La pantalla LCD monocroma tiene una vida \u00fatil mucho m\u00e1s larga y un rendimiento estable durante la impresi\u00f3n a largo plazo, por lo que ahorra costes.<\/p>\n<p><span class=\"a-list-item\">?\u3010<strong>Impresiones excepcionales y ultraprecisi\u00f3n<\/strong>\u3011La nueva estructura de la fuente de luz proporciona una emisi\u00f3n de luz ultravioleta m\u00e1s uniforme y, al trabajar junto con la pantalla LCD monocrom\u00e1tica 2K, los detalles y la precisi\u00f3n de la impresi\u00f3n se mejoran enormemente y los modelos impresos en 3D son fascinantes.<\/span><\/p>\n<p><span class=\"a-list-item\">?\u3010<strong>Calidad de construcci\u00f3n robusta<\/strong>\u3011El cuerpo de aluminio mecanizado por CNC hace de Mars 2 una m\u00e1quina muy formidable. La placa de construcci\u00f3n pulida con chorro de arena de nuevo dise\u00f1o tiene una adherencia mucho m\u00e1s fuerte durante la impresi\u00f3n y permite un \u00e9xito de impresi\u00f3n constante. El carb\u00f3n activo incorporado podr\u00eda absorber el humo de la resina y ofrecerle una experiencia de impresi\u00f3n refrescante.<\/span><\/p>\n<p><span class=\"a-list-item\">?\u3010<strong>Interfaz en varios idiomas<\/strong>\u3011Mars 2 ahora admite 12 tipos de idiomas para que los clientes de todo el mundo puedan operar la impresora 3D de manera m\u00e1s conveniente sin restricciones. Los 10 idiomas reci\u00e9n agregados son japon\u00e9s, holand\u00e9s, coreano, franc\u00e9s, alem\u00e1n, ruso, italiano, espa\u00f1ol , turco y portugu\u00e9s.<\/span><\/p>\n<p><span class=\"a-list-item\">?\u3010<strong>Garant\u00eda y servicio<\/strong>\u3011Ofrecemos una garant\u00eda de 1 a\u00f1o para toda la impresora y una garant\u00eda de 6 meses para la pantalla LCD 2K (se excluye la pel\u00edcula FEP).<\/span><\/p>\n<h2>Lea antes de comprar:<\/h2>\n<p>Esta es una p\u00e1gina de referidos, usted compra directamente en Amazon, cualquier pregunta, env\u00edo, etc.. deber\u00e1 de consultar con la p\u00e1gina web de dicha empresa. Iniciativas3D solamente selecciona aquellas impresoras que mejor se adaptan a nuestros clientes<\/p>\n","protected":false},"featured_media":68,"comment_status":"open","ping_status":"closed","template":"","meta":[],"class_list":["post-67","product","type-product","status-publish","has-post-thumbnail","hentry","product_cat-electronica","product_cat-impresoras-3d","product_cat-impresoras-3d-resina","product_tag-impresora-3d","product_tag-resina","product_tag-usb"],"_links":{"self":[{"href":"https:\/\/www.iniciativas3d.com\/tienda-online\/wp-json\/wp\/v2\/product\/67","targetHints":{"allow":["GET"]}}],"collection":[{"href":"https:\/\/www.iniciativas3d.com\/tienda-online\/wp-json\/wp\/v2\/product"}],"about":[{"href":"https:\/\/www.iniciativas3d.com\/tienda-online\/wp-json\/wp\/v2\/types\/product"}],"replies":[{"embeddable":true,"href":"https:\/\/www.iniciativas3d.com\/tienda-online\/wp-json\/wp\/v2\/comments?post=67"}],"wp:featuredmedia":[{"embeddable":true,"href":"https:\/\/www.iniciativas3d.com\/tienda-online\/wp-json\/wp\/v2\/media\/68"}],"wp:attachment":[{"href":"https:\/\/www.iniciativas3d.com\/tienda-online\/wp-json\/wp\/v2\/media?parent=67"}],"curies":[{"name":"wp","href":"https:\/\/api.w.org\/{rel}","templated":true}]}}