{"id":51,"date":"2022-08-03T17:56:02","date_gmt":"2022-08-03T16:56:02","guid":{"rendered":"https:\/\/www.iniciativas3d.com\/tienda-online\/?post_type=product&#038;p=51"},"modified":"2025-08-16T15:46:54","modified_gmt":"2025-08-16T14:46:54","slug":"comprar-impresora-3d-creality-ender-3-al-mejor-precio","status":"publish","type":"product","link":"https:\/\/www.iniciativas3d.com\/tienda-online\/product\/comprar-impresora-3d-creality-ender-3-al-mejor-precio\/","title":{"rendered":"Comprar Impresora 3D Creality Ender-3 al mejor precio"},"content":{"rendered":"<div class=\"a-section a-spacing-large pzr-features-containers\">\n<h5 class=\"a-spacing-small\">Especificaciones de producto<\/h5>\n<div class=\"a-row\">\n<div class=\"a-column a-span12 a-span-last\">\n<div class=\"a-expander-collapsed-height a-row a-expander-container a-expander-partial-collapse-container\" data-a-expander-name=\"psw_table_expander\" data-a-expander-collapsed-height=\"300\">\n<div class=\"a-expander-content a-expander-partial-collapse-content\" aria-expanded=\"false\">\n<table id=\"product-specification-table\" class=\"a-keyvalue\">\n<tbody>\n<tr>\n<th class=\"a-span4 a-text-right\">EAN<\/th>\n<td>0796862079093 , 0649910035087 , 0680577986473 , 0193621889328<\/td>\n<\/tr>\n<tr>\n<th class=\"a-span4 a-text-right\">Especificaci\u00f3n cumplida<\/th>\n<td><\/td>\n<\/tr>\n<tr>\n<th class=\"a-span4 a-text-right\">Estilo<\/th>\n<td>Ender-3<\/td>\n<\/tr>\n<tr>\n<th class=\"a-span4 a-text-right\">Material<\/th>\n<td>Aluminio<\/td>\n<\/tr>\n<tr>\n<th class=\"a-span4 a-text-right\">N\u00famero de art\u00edculos<\/th>\n<td>1<\/td>\n<\/tr>\n<tr>\n<th class=\"a-span4 a-text-right\">N\u00famero de modelo<\/th>\n<td>Ender 3<\/td>\n<\/tr>\n<tr>\n<th class=\"a-span4 a-text-right\">N\u00famero de pieza<\/th>\n<td>ender320180323<\/td>\n<\/tr>\n<tr>\n<th class=\"a-span4 a-text-right\">N\u00famero de serie del fabricante<\/th>\n<td>Ender 3<\/td>\n<\/tr>\n<tr>\n<th class=\"a-span4 a-text-right\">Peso del producto<\/th>\n<td>8.00 kilogramos<\/td>\n<\/tr>\n<tr>\n<th class=\"a-span4 a-text-right\">UPC<\/th>\n<td>649910035087 , 680577986473 , 796862079093 , 193621889328<\/td>\n<\/tr>\n<tr>\n<th class=\"a-span4 a-text-right\">Vataje<\/th>\n<td>270 vatios<\/td>\n<\/tr>\n<tr>\n<th class=\"a-span4 a-text-right\">Voltaje<\/th>\n<td>230.00 voltios<\/td>\n<\/tr>\n<\/tbody>\n<\/table>\n<\/div>\n<\/div>\n<\/div>\n<\/div>\n<\/div>\n","protected":false},"excerpt":{"rendered":"<h1>Impresora 3D <span id=\"productTitle\" class=\"a-size-large product-title-word-break\">Creality Ender-3<\/span><\/h1>\n<p><small>La impresora 3D a mejor precio con respecto a su calidad<\/small><\/p>\n<p><span class=\"a-list-item\">? <\/span><strong>[Reanudaci\u00f3n de impresi\u00f3n]<\/strong> Ender 3 tiene la habilidad de reanudar la impresi\u00f3n incluso si ocurre un corte o interrupci\u00f3n el\u00e9ctrica.<\/p>\n<p><span class=\"a-list-item\">?\u3010<strong>F\u00e1cil y r\u00e1pida de montar<\/strong>\u3011viene con varias partes ya montadas. solo necesitar\u00e1 15 minutos aprox. para fijar bien 20 tuercas.<\/span><\/p>\n<p><span class=\"a-list-item\">?\u3010<strong>Prueba estricta<\/strong>\u3011prueba de los componentes claves 24 horas antes del env\u00edo y soporte t\u00e9cnico de por vida.<\/span><\/p>\n<p><span class=\"a-list-item\">?\u3010<strong>Tecnolog\u00eda patentada<\/strong>\u3011el extrusor MK-8 reduce el riesgo de obturaci\u00f3n y mala extrusi\u00f3n. La ranura en V con una rueda de POM hace que se mueva silenciosamente, de forma suave y duradera.<\/span><\/p>\n<p><span class=\"a-list-item\">?\u3010<strong>Fuente de alimentaci\u00f3n protegida por seguridad<\/strong>\u3011Solo necesita 5 minutos para que la cama caliente alcance los 110\u00b0C.<\/span><\/p>\n<h2>Lea antes de comprar:<\/h2>\n<p>Esta es una p\u00e1gina de referidos, usted compra directamente en Amazon, cualquier pregunta, env\u00edo, etc.. deber\u00e1 de consultar con la p\u00e1gina web de dicha empresa. Iniciativas3D solamente selecciona aquellas impresoras que mejor se adaptan a nuestros clientes<\/p>\n","protected":false},"featured_media":52,"comment_status":"open","ping_status":"closed","template":"","meta":[],"class_list":["post-51","product","type-product","status-publish","has-post-thumbnail","hentry","product_cat-electronica","product_cat-impresoras-3d","product_tag-abs","product_tag-impresora-3d","product_tag-pla","product_tag-prusa","product_tag-usb"],"_links":{"self":[{"href":"https:\/\/www.iniciativas3d.com\/tienda-online\/wp-json\/wp\/v2\/product\/51","targetHints":{"allow":["GET"]}}],"collection":[{"href":"https:\/\/www.iniciativas3d.com\/tienda-online\/wp-json\/wp\/v2\/product"}],"about":[{"href":"https:\/\/www.iniciativas3d.com\/tienda-online\/wp-json\/wp\/v2\/types\/product"}],"replies":[{"embeddable":true,"href":"https:\/\/www.iniciativas3d.com\/tienda-online\/wp-json\/wp\/v2\/comments?post=51"}],"wp:featuredmedia":[{"embeddable":true,"href":"https:\/\/www.iniciativas3d.com\/tienda-online\/wp-json\/wp\/v2\/media\/52"}],"wp:attachment":[{"href":"https:\/\/www.iniciativas3d.com\/tienda-online\/wp-json\/wp\/v2\/media?parent=51"}],"curies":[{"name":"wp","href":"https:\/\/api.w.org\/{rel}","templated":true}]}}