{"id":47,"date":"2022-08-03T17:43:58","date_gmt":"2022-08-03T16:43:58","guid":{"rendered":"https:\/\/www.iniciativas3d.com\/tienda-online\/?post_type=product&#038;p=47"},"modified":"2023-07-11T13:34:12","modified_gmt":"2023-07-11T12:34:12","slug":"comprar-impresora-3d-witbox-2-al-mejor-precio","status":"publish","type":"product","link":"https:\/\/www.iniciativas3d.com\/tienda-online\/product\/comprar-impresora-3d-witbox-2-al-mejor-precio\/","title":{"rendered":"Comprar Impresora BQ Witbox 2 al mejor precio"},"content":{"rendered":"<div class=\"a-section a-spacing-large pzr-features-containers\">\n<h5 class=\"a-spacing-small\">Especificaciones de producto<\/h5>\n<div class=\"a-row\">\n<div class=\"a-column a-span12 a-span-last\">\n<div class=\"a-expander-collapsed-height a-row a-expander-container a-expander-partial-collapse-container\" data-a-expander-name=\"psw_table_expander\" data-a-expander-collapsed-height=\"300\">\n<div class=\"a-expander-content a-expander-partial-collapse-content\" aria-expanded=\"false\">\n<table id=\"product-specification-table\" class=\"a-keyvalue\">\n<tbody>\n<tr>\n<th class=\"a-span4 a-text-right\">Color<\/th>\n<td>Blanco<\/td>\n<\/tr>\n<tr>\n<th class=\"a-span4 a-text-right\">Descripci\u00f3n de la garant\u00eda<\/th>\n<td>No aplica.<\/td>\n<\/tr>\n<tr>\n<th class=\"a-span4 a-text-right\">EAN<\/th>\n<td>8435439859875<\/td>\n<\/tr>\n<tr>\n<th class=\"a-span4 a-text-right\">Nombre de la marca<\/th>\n<td>BQ<\/td>\n<\/tr>\n<tr>\n<th class=\"a-span4 a-text-right\">N\u00famero de art\u00edculos<\/th>\n<td>1<\/td>\n<\/tr>\n<tr>\n<th class=\"a-span4 a-text-right\">N\u00famero de modelo<\/th>\n<td>D000020<\/td>\n<\/tr>\n<tr>\n<th class=\"a-span4 a-text-right\">N\u00famero de pieza<\/th>\n<td>D000020<\/td>\n<\/tr>\n<tr>\n<th class=\"a-span4 a-text-right\">Peso del producto<\/th>\n<td>1.00 kilogramos<\/td>\n<\/tr>\n<tr>\n<th class=\"a-span4 a-text-right\">Salida de la impresora<\/th>\n<td>Colour<\/td>\n<\/tr>\n<tr>\n<th class=\"a-span4 a-text-right\">Tecnolog\u00eda de conectividad<\/th>\n<td>USB<\/td>\n<\/tr>\n<tr>\n<th class=\"a-span4 a-text-right\">Tecnolog\u00eda de la impresora<\/th>\n<td>l\u00e1ser<\/td>\n<\/tr>\n<tr>\n<th class=\"a-span4 a-text-right\">Tipo de fuente de alimentaci\u00f3n<\/th>\n<td>12 V, 150 W<\/td>\n<\/tr>\n<tr>\n<th class=\"a-span4 a-text-right\">Volumen del producto<\/th>\n<td>12.474 litros<\/td>\n<\/tr>\n<\/tbody>\n<\/table>\n<\/div>\n<\/div>\n<\/div>\n<\/div>\n<\/div>\n<div class=\"a-section a-spacing-large pzr-features-containers\">\n<div class=\"a-row\">\n<div class=\"a-column a-span12 a-span-last\">\n<div class=\"a-expander-collapsed-height a-row a-expander-container a-expander-partial-collapse-container\" data-a-expander-name=\"psw_table_expander\" data-a-expander-collapsed-height=\"300\"><\/div>\n<\/div>\n<\/div>\n<\/div>\n","protected":false},"excerpt":{"rendered":"<h1>Impresora 3D BQ Witbox 2<\/h1>\n<p><small>La impresora 3D a mejor precio con respecto a su calidad<\/small><\/p>\n<h3>Descripci\u00f3n del producto<\/h3>\n<p>Resoluci\u00f3n hasta 20 micras.<\/p>\n<p>Velocidad m\u00e1x de impresi\u00f3n hasta 200 mm\/s.<\/p>\n<p>Volumen de impresi\u00f3n: 297 x 210 x 200 mm.<\/p>\n<p>Seguridad: m\u00e1quina cerrada con seguridad en puerta. Otros: apilable.<br \/>\nLector de tarjetas SD est\u00e1ndar, puerto USB tipo B.<br \/>\nFilamento de 1,75 mm: PLA, madera, bronce, cobre, FilaFlex.<br \/>\nContenido: controladora BQ Zum CNC, BQ Zum Inductive Sensor para asistencia en la nivelacion de la cama, interfaz grafica BQ Zum LCD Smart Controller, termistor 100 k en Hot-End, cartucho calefactor 40 W 12 V, cableado optimizado mediante fajas.<br \/>\nBastidor de acero pintado al polvo. Barras de cromo duro para los ejes X e Y. Rodamientos lineales para los ejes X e Y. Husillo de 4 entradas con acoplamiento directo a motor en el eje Z. Railes y patines de bolas en el eje Z. Partes m\u00f3viles y soportes en acero pintado al polvo. Base fr\u00eda de cristal tama\u00f1o A4 (305 x 220 mm). Sistema de nivelado de base de impresi\u00f3n con 3 puntos y amortiguaci\u00f3n. Sistema de cambio rapido de base de impresi\u00f3n con imanes de neodimio.<br \/>\nExtrusor de dise\u00f1o propio con doble Drive gear. Hot-End dise\u00f1ado para un f\u00e1cil mantenimiento. Boquilla de 0,4 mm para filamento de 1,75 mm. Disipador de aletas con ventilador axial controlado por Firmware.<\/p>\n<p>Tobera de refrigeraci\u00f3n impresa.<\/p>\n<h3>Contenido de la caja<\/h3>\n<p>Impresora 3D Witbox 2, gu\u00eda rapida y garant\u00eda, cable USB, 2 cables de alimentaci\u00f3n: europeo y UK, bobina de filamento PLA de 1,75 mm de di\u00e1metro, soporte met\u00e1lico para bobina, tarjeta SD 4GB (con modelos 3D de ejemplo precargados), pieza impresa de prueba, cuatro patas de soporte para la impresora, 5 tubos PTFE, dos agujas para limpieza, esp\u00e1tula, cepillo de cerdas met\u00e1licas para limpieza, llaves Allen de 1,5, de 2, de 2,5 y de 4 mm, inmovilizador del carro para transporte.<\/p>\n<h2>Lea antes de comprar:<\/h2>\n<p>Esta es una p\u00e1gina de referidos, usted compra directamente en Amazon, cualquier pregunta, env\u00edo, etc.. deber\u00e1 de consultar con la p\u00e1gina web de dicha empresa. Iniciativas3D solamente selecciona aquellas impresoras que mejor se adaptan a nuestros clientes<\/p>\n","protected":false},"featured_media":48,"comment_status":"open","ping_status":"closed","template":"","meta":[],"class_list":["post-47","product","type-product","status-publish","has-post-thumbnail","hentry","product_cat-electronica","product_cat-impresoras-3d","product_tag-abs","product_tag-caja","product_tag-impresora-3d","product_tag-pla","product_tag-usb"],"_links":{"self":[{"href":"https:\/\/www.iniciativas3d.com\/tienda-online\/wp-json\/wp\/v2\/product\/47","targetHints":{"allow":["GET"]}}],"collection":[{"href":"https:\/\/www.iniciativas3d.com\/tienda-online\/wp-json\/wp\/v2\/product"}],"about":[{"href":"https:\/\/www.iniciativas3d.com\/tienda-online\/wp-json\/wp\/v2\/types\/product"}],"replies":[{"embeddable":true,"href":"https:\/\/www.iniciativas3d.com\/tienda-online\/wp-json\/wp\/v2\/comments?post=47"}],"wp:featuredmedia":[{"embeddable":true,"href":"https:\/\/www.iniciativas3d.com\/tienda-online\/wp-json\/wp\/v2\/media\/48"}],"wp:attachment":[{"href":"https:\/\/www.iniciativas3d.com\/tienda-online\/wp-json\/wp\/v2\/media?parent=47"}],"curies":[{"name":"wp","href":"https:\/\/api.w.org\/{rel}","templated":true}]}}