{"id":425,"date":"2025-08-16T16:23:19","date_gmt":"2025-08-16T15:23:19","guid":{"rendered":"https:\/\/www.iniciativas3d.com\/tienda-online\/?post_type=product&#038;p=425"},"modified":"2025-08-16T16:26:30","modified_gmt":"2025-08-16T15:26:30","slug":"comprar-impresora-3d-luocute-para-principiantes-al-mejor-precio","status":"publish","type":"product","link":"https:\/\/www.iniciativas3d.com\/tienda-online\/product\/comprar-impresora-3d-luocute-para-principiantes-al-mejor-precio\/","title":{"rendered":"Comprar Impresora 3D Luocute para principiantes al mejor precio"},"content":{"rendered":"<div class=\"a-section a-spacing-large pzr-features-containers\">\n<h5 class=\"a-spacing-small\">Especificaciones de producto<\/h5>\n<div class=\"a-row\">\n<div class=\"a-column a-span12 a-span-last\">\n<div class=\"a-expander-collapsed-height a-row a-expander-container a-expander-partial-collapse-container\" data-a-expander-name=\"psw_table_expander\" data-a-expander-collapsed-height=\"300\">\n<div class=\"a-expander-content a-expander-partial-collapse-content\" aria-expanded=\"false\">\n<table id=\"product-specification-table\" class=\"a-keyvalue\">\n<tbody>\n<tr>\n<th class=\"a-span4 a-text-right\">Marca<\/th>\n<td>Luocute<\/td>\n<\/tr>\n<tr>\n<th class=\"a-span4 a-text-right\">Color<\/th>\n<td>Negro\/rojo<\/td>\n<\/tr>\n<tr>\n<th class=\"a-span4 a-text-right\">Dimensiones del producto<\/th>\n<td>26f. x 21an. x 9al. cent\u00edmetros<\/td>\n<\/tr>\n<tr>\n<th class=\"a-span4 a-text-right\">Tecnologica conexi\u00f3n<\/th>\n<td>Ethernet<\/td>\n<\/tr>\n<tr>\n<th class=\"a-span4 a-text-right\">Aparatos compatibles<\/th>\n<td>Ordenador personal<\/td>\n<\/tr>\n<tr>\n<th class=\"a-span4 a-text-right\">Formato de archivo admitido<\/th>\n<td>G-code, STL<\/td>\n<\/tr>\n<tr>\n<th class=\"a-span4 a-text-right\">Tecnolog\u00eda de impresi\u00f3n<\/th>\n<td>FDM \/ PLA<\/td>\n<\/tr>\n<\/tbody>\n<\/table>\n<\/div>\n<\/div>\n<\/div>\n<\/div>\n<\/div>\n","protected":false},"excerpt":{"rendered":"<h1>Mini Impresora 3D <span id=\"productTitle\" class=\"a-size-large product-title-word-break\">para fabricantes<\/span><\/h1>\n<p><small>La mini impresora 3D a mejor precio con respecto a su calidad<\/small><\/p>\n<ul class=\"a-unordered-list a-vertical a-spacing-mini\">\n<li class=\"a-spacing-mini\"><span class=\"a-list-item\">[Compacto pero capaz] A pesar de su peque\u00f1o volumen de compilaci\u00f3n de mm ( para uso de escritorio), esta impresora ofrece un rendimiento de tama\u00f1o completo. La placa de construcci\u00f3n magn\u00e9tica extra\u00edble hace que la eliminaci\u00f3n de la impresi\u00f3n sea f\u00e1cil mientras mantiene la adhesi\u00f3n perfecta para la cama durante la impresi\u00f3n. Su huella de 160x200x250 mm se ajusta a cualquier lugar de cualquier lugar, pero ofrece una sorprendente capacidad de producci\u00f3n para proyectos educativos o aficionados.<\/span><\/li>\n<li class=\"a-spacing-mini\"><span class=\"a-list-item\">[Compatibilidad del filamento vers\u00e1til] desata su creatividad con el soporte de doble material para los filamentos PLA y TPU 1.75 mm. El extremo caliente totalmente met\u00e1lico alcanza temperaturas \u00f3ptimas entre 180-230 \u2103 para extrusi\u00f3n limpia y una fuerte adhesi\u00f3n de la capa. Ya sean imprimiendo estuches telef\u00f3nicos flexibles o modelos arquitect\u00f3nicos r\u00edgidos, esta m\u00e1quina maneja diversos proyectos con calidad de grado profesional.<\/span><\/li>\n<li class=\"a-spacing-mini\"><span class=\"a-list-item\">[Crystal Clear ] Experimente una impresionante resoluci\u00f3n de capa de 0.05 mm que vida a sus dise\u00f1os con detalles vibrantes y superficies lisas. La boquilla de 0.4 mm combinada con un grosor de capa ajustable (0.05-0.4 mm) asegura que tanto las miniaturas delicadas como las piezas funcionales resistentes se impriman perfectamente. Nuestra placa base avanzada de 32 bits ofrece una precisi\u00f3n consistente a velocidades de impresi\u00f3n de hasta 40 mm\/s para obtener resultados confiables cada vez.<\/span><\/li>\n<li class=\"a-spacing-mini\"><span class=\"a-list-item\">[Herramienta educativa y Hobbyist Dream] M\u00e1s que una simple impresora, el K9 es un de aprendizaje STEM completo que desarrolla la imaginaci\u00f3n espacial y las habilidades de percepci\u00f3n 3D. Compatible con Cura est\u00e1ndar de la industria y Simplify3D Software, crece con sus habilidades desde las primeras impresiones hasta dise\u00f1os complejos. Los archivos de muestra incluidos y los recursos en l\u00ednea proporcionan infinitas posibilidades creativas para los usuarios de todos los niveles de experiencia.<\/span><\/li>\n<li class=\"a-spacing-mini\"><span class=\"a-list-item\">[Dise\u00f1o amigable para principiantes] La impresora K9 3D est\u00e1 espec\u00edficamente dise\u00f1ada para principiantes con su simple ensamblaje de tres partes y sus archivos de modelo listos para impresiones. Nuestro software de corte autom\u00e1tico (Easyware) hace que la impresi\u00f3n 3D sea accesible para los usuarios por primera vez al tiempo que fomenta el inter\u00e9s tecnol\u00f3gico en los ni\u00f1os. Con una operaci\u00f3n y compatibilidad de la tarjeta de memoria directa en los sistemas e iOS, crear\u00e1 impresiones<\/span><\/li>\n<\/ul>\n<h2>Lea antes de comprar:<\/h2>\n<p>Esta es una p\u00e1gina de referidos, usted compra directamente en Amazon, cualquier pregunta, env\u00edo, etc.. deber\u00e1 de consultar con la p\u00e1gina web de dicha empresa. Iniciativas3D solamente selecciona aquellas impresoras que mejor se adaptan a nuestros clientes<\/p>\n","protected":false},"featured_media":426,"comment_status":"open","ping_status":"closed","template":"","meta":[],"class_list":["post-425","product","type-product","status-publish","has-post-thumbnail","hentry","product_cat-electronica","product_cat-impresoras-3d","product_cat-iniciados","product_tag-impresora-3d","product_tag-pla","product_tag-principiantes","product_tag-prusa","product_tag-usb"],"_links":{"self":[{"href":"https:\/\/www.iniciativas3d.com\/tienda-online\/wp-json\/wp\/v2\/product\/425","targetHints":{"allow":["GET"]}}],"collection":[{"href":"https:\/\/www.iniciativas3d.com\/tienda-online\/wp-json\/wp\/v2\/product"}],"about":[{"href":"https:\/\/www.iniciativas3d.com\/tienda-online\/wp-json\/wp\/v2\/types\/product"}],"replies":[{"embeddable":true,"href":"https:\/\/www.iniciativas3d.com\/tienda-online\/wp-json\/wp\/v2\/comments?post=425"}],"wp:featuredmedia":[{"embeddable":true,"href":"https:\/\/www.iniciativas3d.com\/tienda-online\/wp-json\/wp\/v2\/media\/426"}],"wp:attachment":[{"href":"https:\/\/www.iniciativas3d.com\/tienda-online\/wp-json\/wp\/v2\/media?parent=425"}],"curies":[{"name":"wp","href":"https:\/\/api.w.org\/{rel}","templated":true}]}}