{"id":421,"date":"2025-08-16T16:11:28","date_gmt":"2025-08-16T15:11:28","guid":{"rendered":"https:\/\/www.iniciativas3d.com\/tienda-online\/?post_type=product&#038;p=421"},"modified":"2025-08-16T16:14:27","modified_gmt":"2025-08-16T15:14:27","slug":"comprar-resina-anycubic-tough-2-para-impresora-3d-al-mejor-precio","status":"publish","type":"product","link":"https:\/\/www.iniciativas3d.com\/tienda-online\/product\/comprar-resina-anycubic-tough-2-para-impresora-3d-al-mejor-precio\/","title":{"rendered":"Comprar Resina ANYCUBIC Tough 2.0 para impresora 3D al mejor precio"},"content":{"rendered":"<div class=\"a-section a-spacing-large pzr-features-containers\">\n<div class=\"a-section a-spacing-large pzr-features-containers\">\n<h5 class=\"a-spacing-small\">Especificaciones de producto<\/h5>\n<div class=\"a-row\">\n<div class=\"a-column a-span12 a-span-last\">\n<div class=\"a-expander-collapsed-height a-row a-expander-container a-expander-partial-collapse-container\" data-a-expander-name=\"psw_table_expander\" data-a-expander-collapsed-height=\"300\">\n<div class=\"a-expander-content a-expander-partial-collapse-content\" aria-expanded=\"false\">\n<table id=\"product-specification-table\" class=\"a-keyvalue\">\n<tbody>\n<tr>\n<th class=\"a-span4 a-text-right\">Color<\/th>\n<td>Gris 2kg-Resina Est\u00e1ndar<\/td>\n<\/tr>\n<tr>\n<th class=\"a-span4 a-text-right\">N\u00famero de pieza<\/th>\n<td>SRXGY-10<\/td>\n<\/tr>\n<tr>\n<th class=\"a-span4 a-text-right\">Peso del producto<\/th>\n<td>1Kg<\/td>\n<\/tr>\n<\/tbody>\n<\/table>\n<\/div>\n<\/div>\n<\/div>\n<\/div>\n<\/div>\n<div class=\"a-section a-spacing-large pzr-features-containers\">\n<h5 class=\"a-spacing-small\">Especificaciones para esta familia de productos<\/h5>\n<div class=\"a-row\">\n<div class=\"a-column a-span12 a-span-last\">\n<div class=\"a-expander-collapsed-height a-row a-expander-container a-expander-partial-collapse-container\" data-a-expander-name=\"psw_table_expander\" data-a-expander-collapsed-height=\"300\">\n<div class=\"a-expander-content a-expander-partial-collapse-content\" aria-expanded=\"false\">\n<table id=\"product-specification-table\" class=\"a-keyvalue\">\n<tbody>\n<tr>\n<th class=\"a-span4 a-text-right\">Color<\/th>\n<td>Gris<\/td>\n<\/tr>\n<tr>\n<th class=\"a-span4 a-text-right\">Nombre de la marca<\/th>\n<td>ANYCUBIC<\/td>\n<\/tr>\n<tr>\n<th class=\"a-span4 a-text-right\">N\u00famero de art\u00edculos<\/th>\n<td>1<\/td>\n<\/tr>\n<tr>\n<th class=\"a-span4 a-text-right\">N\u00famero de pieza<\/th>\n<td>SRXGY-10<\/td>\n<\/tr>\n<tr>\n<th class=\"a-span4 a-text-right\">Talla<\/th>\n<td>24 x 10 x 9,9 cm; 1 kg<\/td>\n<\/tr>\n<\/tbody>\n<\/table>\n<\/div>\n<\/div>\n<\/div>\n<\/div>\n<\/div>\n<\/div>\n<div class=\"a-section a-spacing-large pzr-features-containers\">\n<div class=\"a-row\">\n<div class=\"a-column a-span12 a-span-last\">\n<div class=\"a-expander-collapsed-height a-row a-expander-container a-expander-partial-collapse-container\" data-a-expander-name=\"psw_table_expander\" data-a-expander-collapsed-height=\"300\"><\/div>\n<\/div>\n<\/div>\n<\/div>\n","protected":false},"excerpt":{"rendered":"<h1 id=\"title\" class=\"a-size-large a-spacing-none\"><span id=\"productTitle\" class=\"a-size-large product-title-word-break\">ANYCUBIC Tough Resin 2.0, Resina para Impresora 3D con Alta Dureza y Alta Precisi\u00f3n, 365-405nm Resina 3D de Curado R\u00e1pido para Impresi\u00f3n 3D 4K 8K LCD\/DLP\/SLA (Gris, 1kg)<\/span><\/h1>\n<ul class=\"a-unordered-list a-vertical a-spacing-mini\">\n<li class=\"a-spacing-mini\"><span class=\"a-list-item\">\u3010Dureza Excepcional, Resistente a la Rotura\u3011ANYCUBIC Tough Resin 2.0 ha experimentado una mejora integral en t\u00e9rminos de resistencia a la flexi\u00f3n. Demuestra una tenacidad mejorada, por lo que es menos propensa a la fractura cuando se imprimen componentes en miniatura y modelos delgados.<\/span><\/li>\n<li class=\"a-spacing-mini\"><span class=\"a-list-item\">\u3010Fuerte Alargamiento, Alta Flexibilidad\u3011ANYCUBIC Tough Resin 2.0 exhibe una formidable resistencia y flexibilidad, resistiendo eficazmente la descamaci\u00f3n, el agrietamiento y las marcas de tensi\u00f3n causadas por vibraciones c\u00edclicas. Los modelos son menos propensos a romperse incluso cuando se dejan caer desde una altura.<\/span><\/li>\n<li class=\"a-spacing-mini\"><span class=\"a-list-item\">\u3010Bajo Olor\u3011ANYCUBIC Tough Resin 2.0 para impresoras 3D tiene ingredientes de bajo olor y no irritantes, puede imprimir libremente sin preocuparse por los malos olores.<\/span><\/li>\n<li class=\"a-spacing-mini\"><span class=\"a-list-item\">\u3010Alta Precisi\u00f3n, Contracci\u00f3n M\u00ednima\u3011ANYCUBIC Tough Resin 2.0 tambi\u00e9n cuenta con una excelente precisi\u00f3n mientras mantiene una baja tasa de contracci\u00f3n. Los modelos impresos presentan una superficie lisa y detalles claros.<\/span><\/li>\n<li class=\"a-spacing-mini\"><span class=\"a-list-item\">\u3010Aplicaci\u00f3n Industrial, Ampliamente Compatible\u3011Aplicable para todo tipo de modelos, conchas y piezas con requisitos r\u00edgidos, como piezas de repuesto industriales, modelos de construcci\u00f3n, bricolaje, dise\u00f1o de fabricante, dise\u00f1o diario y otra producci\u00f3n de modelos de alta resistencia. Adem\u00e1s, ANYCUBIC Tough Resina 2.0 de impresi\u00f3n 3d est\u00e1 dise\u00f1ado para ser compatible con la mayor\u00eda de las impresoras 3D de resina LCD y optimizado para imprimir longitudes de onda entre 365nm y 405nm.<\/span><\/li>\n<\/ul>\n<h2>Lea antes de comprar:<\/h2>\n<p>Esta es una p\u00e1gina de referidos, usted compra directamente en Amazon, cualquier pregunta, env\u00edo, etc.. deber\u00e1 de consultar con la p\u00e1gina web de dicha empresa. Iniciativas3D solamente selecciona aquellas impresoras que mejor se adaptan a nuestros clientes<\/p>\n","protected":false},"featured_media":422,"comment_status":"open","ping_status":"closed","template":"","meta":[],"class_list":["post-421","product","type-product","status-publish","has-post-thumbnail","hentry","product_cat-resina","product_tag-anycubic","product_tag-fotopolimero","product_tag-lcd-sla","product_tag-resina"],"_links":{"self":[{"href":"https:\/\/www.iniciativas3d.com\/tienda-online\/wp-json\/wp\/v2\/product\/421","targetHints":{"allow":["GET"]}}],"collection":[{"href":"https:\/\/www.iniciativas3d.com\/tienda-online\/wp-json\/wp\/v2\/product"}],"about":[{"href":"https:\/\/www.iniciativas3d.com\/tienda-online\/wp-json\/wp\/v2\/types\/product"}],"replies":[{"embeddable":true,"href":"https:\/\/www.iniciativas3d.com\/tienda-online\/wp-json\/wp\/v2\/comments?post=421"}],"wp:featuredmedia":[{"embeddable":true,"href":"https:\/\/www.iniciativas3d.com\/tienda-online\/wp-json\/wp\/v2\/media\/422"}],"wp:attachment":[{"href":"https:\/\/www.iniciativas3d.com\/tienda-online\/wp-json\/wp\/v2\/media?parent=421"}],"curies":[{"name":"wp","href":"https:\/\/api.w.org\/{rel}","templated":true}]}}