{"id":419,"date":"2025-08-16T15:54:51","date_gmt":"2025-08-16T14:54:51","guid":{"rendered":"https:\/\/www.iniciativas3d.com\/tienda-online\/?post_type=product&#038;p=419"},"modified":"2025-08-16T16:09:58","modified_gmt":"2025-08-16T15:09:58","slug":"comprar-impresora-3d-ideaformer-ir3-v2-con-cinta-transportadora-al-mejor-precio","status":"publish","type":"product","link":"https:\/\/www.iniciativas3d.com\/tienda-online\/product\/comprar-impresora-3d-ideaformer-ir3-v2-con-cinta-transportadora-al-mejor-precio\/","title":{"rendered":"Comprar Impresora 3d IdeaFormer IR3 V2 con cinta transportadora al mejor precio"},"content":{"rendered":"<div class=\"a-section a-spacing-large pzr-features-containers\">\n<h5 class=\"a-spacing-small\">Especificaciones de producto<\/h5>\n<div class=\"a-row\">\n<div class=\"a-column a-span12 a-span-last\">\n<div class=\"a-expander-collapsed-height a-row a-expander-container a-expander-partial-collapse-container\" data-a-expander-name=\"psw_table_expander\" data-a-expander-collapsed-height=\"300\">\n<div class=\"a-expander-content a-expander-partial-collapse-content\" aria-expanded=\"false\">\n<table class=\"a-bordered a-horizontal-stripes aplus-tech-spec-table\">\n<tbody>\n<tr>\n<td class=\"a-text-bold\">Tipo de impresi\u00f3n:<\/td>\n<td>FDM<\/td>\n<\/tr>\n<tr>\n<td class=\"a-text-bold\">Formato de impresi\u00f3n:<\/td>\n<td>52\u00d778\u00d732(cm)\/12x12x15(in)<\/td>\n<\/tr>\n<tr>\n<td class=\"a-text-bold\">Number of printheads:<\/td>\n<td>cabeza de impresi\u00f3n \u00fanica<\/td>\n<\/tr>\n<tr>\n<td class=\"a-text-bold\">Velocidad de impresi\u00f3n:<\/td>\n<td>20-100mm\/s (velocidad recomendada: 50mm\/s)<\/td>\n<\/tr>\n<tr>\n<td class=\"a-text-bold\">Filamentos Imprimibles:<\/td>\n<td>PLA , ABS, PETG, HIPS, MADERA, PLA de 1,75 mm<\/td>\n<\/tr>\n<tr>\n<td class=\"a-text-bold\">Maximum printing temperature<\/td>\n<td>260\u00b0<\/td>\n<\/tr>\n<tr>\n<td class=\"a-text-bold\">Heated bed temperature:<\/td>\n<td>0-100\u00b0<\/td>\n<\/tr>\n<\/tbody>\n<\/table>\n<\/div>\n<\/div>\n<\/div>\n<\/div>\n<\/div>\n<div class=\"a-section a-spacing-large pzr-features-containers\">\n<h5 class=\"a-spacing-small\">Especificaciones para esta familia de productos<\/h5>\n<div class=\"a-row\">\n<div class=\"a-column a-span12 a-span-last\">\n<div class=\"a-expander-collapsed-height a-row a-expander-container a-expander-partial-collapse-container\" data-a-expander-name=\"psw_table_expander\" data-a-expander-collapsed-height=\"300\">\n<div class=\"a-expander-content a-expander-partial-collapse-content\" aria-expanded=\"false\">\n<table class=\"a-bordered a-horizontal-stripes aplus-tech-spec-table\">\n<tbody>\n<tr>\n<td class=\"a-text-bold\">Dispositivos compatibles<\/td>\n<td>Ordenador personal<\/td>\n<\/tr>\n<tr>\n<td class=\"a-text-bold\">Contenido de la caja<\/td>\n<td>1 x impresora 3D Belt Printer<\/td>\n<\/tr>\n<tr>\n<td class=\"a-text-bold\">Sistema operativo<\/td>\n<td>Linux<\/td>\n<\/tr>\n<tr>\n<td class=\"a-text-bold\">Material compatible<\/td>\n<td>Pl\u00e1stico<\/td>\n<\/tr>\n<tr>\n<td class=\"a-text-bold\">Tecnolog\u00eda de conexi\u00f3n<\/td>\n<td>USB<\/td>\n<\/tr>\n<tr>\n<td class=\"a-text-bold\">Voltaje<\/td>\n<td>220V<\/td>\n<\/tr>\n<tr>\n<td class=\"a-text-bold\">Peso neto de la impresora:<\/td>\n<td>22KG<\/td>\n<\/tr>\n<\/tbody>\n<\/table>\n<\/div>\n<\/div>\n<\/div>\n<\/div>\n<\/div>\n","protected":false},"excerpt":{"rendered":"<h1 id=\"title\" class=\"a-size-large a-spacing-none\"><span id=\"productTitle\" class=\"a-size-large product-title-word-break\">IdeaFormer IR3 V2 Impresora 3D con cinta transportadora, 250 \u00d7 250 \u00d7 \u221e mm Infinito Z Cintur\u00f3n de metal M\u00e1quinas de impresi\u00f3n 3D Larga, pila e impresi\u00f3n de modelos grandes, m\u00e1x. 400 mm\/s<\/span><\/h1>\n<p><small>La impresora 3D FDM a mejor precio con respecto a su calidad<\/small><\/p>\n<p><span class=\"a-list-item\">? <\/span><strong>[IR3 V2 Metal Conveyor Belt Printer]<\/strong> Lib\u00e9rese de las limitaciones de dise\u00f1o y explore una versatilidad que lo distingue en el mercado, al tiempo que minimiza el tiempo de inactividad y maximiza la productividad y la eficiencia.<\/p>\n<p><span class=\"a-list-item\">?\u3010<strong>Impresi\u00f3n con eje-z infinito<\/strong>\u3011250x250xInfinito mm, Impresi\u00f3n a gran escala y piezas infinitamente largas. Imprime piezas largas de varios metros de largo sin interrupciones.<\/span><\/p>\n<p><span class=\"a-list-item\">?\u3010<strong>Impresi\u00f3n por lotes<\/strong>\u3011 Minimiza el tiempo de espera para tus impresiones 3D. Imprime multiples copias del mismo modelo y ahora muchas horas de impresi\u00f3n y preparaci\u00f3n.<\/span><\/p>\n<p><span class=\"a-list-item\">?\u3010Autocalibraci\u00f3n\u3011Toque para nivelaci\u00f3n autom\u00e1tica y sensor de tensi\u00f3n de desplazamiento y, ahorrando la necesidad de una tarjeta de calibraci\u00f3n o tornillos de perilla, lo que hace que la nivelaci\u00f3n sea mucho m\u00e1s f\u00e1cil.<\/span><\/p>\n<h2>Lea antes de comprar:<\/h2>\n<p>Esta es una p\u00e1gina de referidos, usted compra directamente en Amazon, cualquier pregunta, env\u00edo, etc.. deber\u00e1 de consultar con la p\u00e1gina web de dicha empresa. Iniciativas3D solamente selecciona aquellas impresoras que mejor se adaptan a nuestros clientes<\/p>\n","protected":false},"featured_media":420,"comment_status":"open","ping_status":"closed","template":"","meta":[],"class_list":["post-419","product","type-product","status-publish","has-post-thumbnail","hentry","product_cat-electronica","product_cat-impresoras-3d","product_tag-abs","product_tag-cinta-transportadora","product_tag-impresora-3d","product_tag-infinito","product_tag-pla","product_tag-usb"],"_links":{"self":[{"href":"https:\/\/www.iniciativas3d.com\/tienda-online\/wp-json\/wp\/v2\/product\/419","targetHints":{"allow":["GET"]}}],"collection":[{"href":"https:\/\/www.iniciativas3d.com\/tienda-online\/wp-json\/wp\/v2\/product"}],"about":[{"href":"https:\/\/www.iniciativas3d.com\/tienda-online\/wp-json\/wp\/v2\/types\/product"}],"replies":[{"embeddable":true,"href":"https:\/\/www.iniciativas3d.com\/tienda-online\/wp-json\/wp\/v2\/comments?post=419"}],"wp:featuredmedia":[{"embeddable":true,"href":"https:\/\/www.iniciativas3d.com\/tienda-online\/wp-json\/wp\/v2\/media\/420"}],"wp:attachment":[{"href":"https:\/\/www.iniciativas3d.com\/tienda-online\/wp-json\/wp\/v2\/media?parent=419"}],"curies":[{"name":"wp","href":"https:\/\/api.w.org\/{rel}","templated":true}]}}