{"id":135,"date":"2022-12-06T19:22:54","date_gmt":"2022-12-06T18:22:54","guid":{"rendered":"https:\/\/www.iniciativas3d.com\/tienda-online\/?post_type=product&#038;p=135"},"modified":"2023-07-11T10:23:25","modified_gmt":"2023-07-11T09:23:25","slug":"comprar-resina-anycubic-para-impresora-3d-al-mejor-precio","status":"publish","type":"product","link":"https:\/\/www.iniciativas3d.com\/tienda-online\/product\/comprar-resina-anycubic-para-impresora-3d-al-mejor-precio\/","title":{"rendered":"Comprar Resina ANYCUBIC para impresora 3D al mejor precio"},"content":{"rendered":"<div class=\"a-section a-spacing-large pzr-features-containers\">\n<div class=\"a-section a-spacing-large pzr-features-containers\">\n<h5 class=\"a-spacing-small\">Especificaciones de producto<\/h5>\n<div class=\"a-row\">\n<div class=\"a-column a-span12 a-span-last\">\n<div class=\"a-expander-collapsed-height a-row a-expander-container a-expander-partial-collapse-container\" data-a-expander-name=\"psw_table_expander\" data-a-expander-collapsed-height=\"300\">\n<div class=\"a-expander-content a-expander-partial-collapse-content\" aria-expanded=\"false\">\n<table id=\"product-specification-table\" class=\"a-keyvalue\">\n<tbody>\n<tr>\n<th class=\"a-span4 a-text-right\">Color<\/th>\n<td>Gris 2kg-Resina Est\u00e1ndar<\/td>\n<\/tr>\n<tr>\n<th class=\"a-span4 a-text-right\">N\u00famero de pieza<\/th>\n<td>SPTGY-101C-2<\/td>\n<\/tr>\n<tr>\n<th class=\"a-span4 a-text-right\">Talla<\/th>\n<td>2000g<\/td>\n<\/tr>\n<\/tbody>\n<\/table>\n<\/div>\n<\/div>\n<\/div>\n<\/div>\n<\/div>\n<div class=\"a-section a-spacing-large pzr-features-containers\">\n<h5 class=\"a-spacing-small\">Especificaciones para esta familia de productos<\/h5>\n<div class=\"a-row\">\n<div class=\"a-column a-span12 a-span-last\">\n<div class=\"a-expander-collapsed-height a-row a-expander-container a-expander-partial-collapse-container\" data-a-expander-name=\"psw_table_expander\" data-a-expander-collapsed-height=\"300\">\n<div class=\"a-expander-content a-expander-partial-collapse-content\" aria-expanded=\"false\">\n<table id=\"product-specification-table\" class=\"a-keyvalue\">\n<tbody>\n<tr>\n<th class=\"a-span4 a-text-right\">Color<\/th>\n<td>color<\/td>\n<\/tr>\n<tr>\n<th class=\"a-span4 a-text-right\">Nombre de la marca<\/th>\n<td>ANYCUBIC<\/td>\n<\/tr>\n<tr>\n<th class=\"a-span4 a-text-right\">N\u00famero de art\u00edculos<\/th>\n<td>1<\/td>\n<\/tr>\n<tr>\n<th class=\"a-span4 a-text-right\">N\u00famero de pieza<\/th>\n<td>ESMDD-UV RESIN<\/td>\n<\/tr>\n<tr>\n<th class=\"a-span4 a-text-right\">Talla<\/th>\n<td>size<\/td>\n<\/tr>\n<\/tbody>\n<\/table>\n<\/div>\n<\/div>\n<\/div>\n<\/div>\n<\/div>\n<\/div>\n<div class=\"a-section a-spacing-large pzr-features-containers\">\n<div class=\"a-row\">\n<div class=\"a-column a-span12 a-span-last\">\n<div class=\"a-expander-collapsed-height a-row a-expander-container a-expander-partial-collapse-container\" data-a-expander-name=\"psw_table_expander\" data-a-expander-collapsed-height=\"300\"><\/div>\n<\/div>\n<\/div>\n<\/div>\n","protected":false},"excerpt":{"rendered":"<h1 id=\"title\" class=\"a-size-large a-spacing-none\"><span id=\"productTitle\" class=\"a-size-large product-title-word-break\">ANYCUBIC Resina Est\u00e1ndar Impresora 3D, Resina de Fotopol\u00edmero UV 405nm para Impresoras 3D de Resina LCD\/SLA, Resina R\u00e1pida<\/span><\/h1>\n<ul class=\"a-unordered-list a-vertical a-spacing-mini\">\n<li><span class=\"a-list-item\">\u3010<strong>Dureza adecuada<\/strong>\u3011: Anycubic UV 3d Resin tiene una buena combinaci\u00f3n de dureza y tenacidad, lo que hace que el modelo sea f\u00e1cil de quitar y ofrece detalles de impresi\u00f3n precisos.<\/span><\/li>\n<li><span class=\"a-list-item\">\u3010<strong>Alta precisi\u00f3n, baja contracci\u00f3n<\/strong>\u3011: Anycubic 3d Resin ofrece alta precisi\u00f3n, superficie lisa, detalles de impresi\u00f3n claros y ventajas de baja tasa de contracci\u00f3n para la impresi\u00f3n de modelos.<\/span><\/li>\n<li><span class=\"a-list-item\">\u3010<strong>Par\u00e1metros de impresi\u00f3n<\/strong>\u3011: Exposici\u00f3n inferior: ~60 s; Exposici\u00f3n normal: ~8s; La resina de fotopol\u00edmero est\u00e1ndar ANYCUBIC se desarroll\u00f3 especialmente para acortar el tiempo de formaci\u00f3n con su excelente fluidez, y el modelo 3D muestra una buena estabilidad en ambientes h\u00famedos y corrosivos despu\u00e9s del curado.<\/span><\/li>\n<li><span class=\"a-list-item\">\u3010<strong>Ampliamente compatible<\/strong>\u3011: resina est\u00e1ndar de impresora 3D ANYCUBIC, adecuada para la mayor\u00eda de las impresoras 3D LCD y optimizada para longitudes de onda de impresi\u00f3n 3D entre 365nm~405nm, mejor efecto con impresoras 3D LCD ANYCUBIC. Como Anycubic Photon Mono 4K, Photon Mono X 6K, Photon M3, etc.<\/span><\/li>\n<li><span class=\"a-list-item\">\u3010<strong>Paquete seguro y protegido<\/strong>\u3011: la botella de resina de curado UV ANYCUBIC est\u00e1 bien embalada en pl\u00e1stico de burbujas, la tapa est\u00e1 completamente intacta, rodeada por una bolsa de aire ajustada. No se preocupe por las fugas. Mant\u00e9ngalo a temperatura ambiente, siempre cerrado y protegido de la luz solar directa.<\/span><\/li>\n<\/ul>\n<h2>Lea antes de comprar:<\/h2>\n<p>Esta es una p\u00e1gina de referidos, usted compra directamente en Amazon, cualquier pregunta, env\u00edo, etc.. deber\u00e1 de consultar con la p\u00e1gina web de dicha empresa. Iniciativas3D solamente selecciona aquellas impresoras que mejor se adaptan a nuestros clientes<\/p>\n","protected":false},"featured_media":136,"comment_status":"open","ping_status":"closed","template":"","meta":[],"class_list":["post-135","product","type-product","status-publish","has-post-thumbnail","hentry","product_cat-resina","product_tag-anycubic","product_tag-fotopolimero","product_tag-lcd-sla","product_tag-resina"],"_links":{"self":[{"href":"https:\/\/www.iniciativas3d.com\/tienda-online\/wp-json\/wp\/v2\/product\/135","targetHints":{"allow":["GET"]}}],"collection":[{"href":"https:\/\/www.iniciativas3d.com\/tienda-online\/wp-json\/wp\/v2\/product"}],"about":[{"href":"https:\/\/www.iniciativas3d.com\/tienda-online\/wp-json\/wp\/v2\/types\/product"}],"replies":[{"embeddable":true,"href":"https:\/\/www.iniciativas3d.com\/tienda-online\/wp-json\/wp\/v2\/comments?post=135"}],"wp:featuredmedia":[{"embeddable":true,"href":"https:\/\/www.iniciativas3d.com\/tienda-online\/wp-json\/wp\/v2\/media\/136"}],"wp:attachment":[{"href":"https:\/\/www.iniciativas3d.com\/tienda-online\/wp-json\/wp\/v2\/media?parent=135"}],"curies":[{"name":"wp","href":"https:\/\/api.w.org\/{rel}","templated":true}]}}