{"id":133,"date":"2022-12-06T19:18:05","date_gmt":"2022-12-06T18:18:05","guid":{"rendered":"https:\/\/www.iniciativas3d.com\/tienda-online\/?post_type=product&#038;p=133"},"modified":"2023-07-11T13:21:44","modified_gmt":"2023-07-11T12:21:44","slug":"comprar-resina-sunlu-para-impresora-3d-al-mejor-precio","status":"publish","type":"product","link":"https:\/\/www.iniciativas3d.com\/tienda-online\/product\/comprar-resina-sunlu-para-impresora-3d-al-mejor-precio\/","title":{"rendered":"Comprar Resina SUNLU para impresora 3D al mejor precio"},"content":{"rendered":"<div class=\"a-section a-spacing-large pzr-features-containers\">\n<h5 class=\"a-spacing-small\">Especificaciones de producto<\/h5>\n<div class=\"a-row\">\n<div class=\"a-column a-span12 a-span-last\">\n<div class=\"a-expander-collapsed-height a-row a-expander-container a-expander-partial-collapse-container\" data-a-expander-name=\"psw_table_expander\" data-a-expander-collapsed-height=\"300\">\n<div class=\"a-expander-content a-expander-partial-collapse-content\" aria-expanded=\"false\">\n<table id=\"product-specification-table\" class=\"a-keyvalue\">\n<tbody>\n<tr>\n<th class=\"a-span4 a-text-right\">Color<\/th>\n<td>Varios colores<\/td>\n<\/tr>\n<tr>\n<th class=\"a-span4 a-text-right\">N\u00famero de modelo<\/th>\n<td>SUNLU Fast Curing 3D Printer Resin<\/td>\n<\/tr>\n<tr>\n<th class=\"a-span4 a-text-right\">N\u00famero de pieza<\/th>\n<td>RESIN-ST-GY-2KG<\/td>\n<\/tr>\n<tr>\n<th class=\"a-span4 a-text-right\">Peso del producto<\/th>\n<td>2.00 kilogramos<\/td>\n<\/tr>\n<\/tbody>\n<\/table>\n<\/div>\n<\/div>\n<\/div>\n<\/div>\n<\/div>\n<div class=\"a-section a-spacing-large pzr-features-containers\">\n<h5 class=\"a-spacing-small\">Especificaciones para esta familia de productos<\/h5>\n<div class=\"a-row\">\n<div class=\"a-column a-span12 a-span-last\">\n<div class=\"a-expander-collapsed-height a-row a-expander-container a-expander-partial-collapse-container\" data-a-expander-name=\"psw_table_expander\" data-a-expander-collapsed-height=\"300\">\n<div class=\"a-expander-content a-expander-partial-collapse-content\" aria-expanded=\"false\">\n<table id=\"product-specification-table\" class=\"a-keyvalue\">\n<tbody>\n<tr>\n<th class=\"a-span4 a-text-right\">Nombre de la marca<\/th>\n<td>SUNLU<\/td>\n<\/tr>\n<tr>\n<th class=\"a-span4 a-text-right\">N\u00famero de art\u00edculos<\/th>\n<td>1<\/td>\n<\/tr>\n<tr>\n<th class=\"a-span4 a-text-right\">N\u00famero de pieza<\/th>\n<td>THUS-Resin<\/td>\n<\/tr>\n<\/tbody>\n<\/table>\n<\/div>\n<\/div>\n<\/div>\n<\/div>\n<\/div>\n","protected":false},"excerpt":{"rendered":"<h1 id=\"title\" class=\"a-size-large a-spacing-none\"><span id=\"productTitle\" class=\"a-size-large product-title-word-break\">SUNLU Impresora 3d Resina 2KG,Resina UV R\u00e1pida 405 nm, Resina de Impresi\u00f3n 3D de Fotopol\u00edmero Est\u00e1ndar para Impressora 3D LCD\/DLP\/SLA 4k\/8k Resina,Alta precisi\u00f3n, Baja contracci\u00f3n<\/span><\/h1>\n<ul class=\"a-unordered-list a-vertical a-spacing-mini\">\n<li><span class=\"a-list-item\">\u3010<strong>Alta precisi\u00f3n &amp; Baja contracci\u00f3n<\/strong>\u3011 A trav\u00e9s de la mejora continua y la prueba, la excelente tolerancia dimensional y la baja contracci\u00f3n de volumen de la resina est\u00e1ndar sunlu garantizan la alta precisi\u00f3n del modelo de impresi\u00f3n, con una superficie incre\u00edblemente lisa, detalles claros y dimensiones exactas.<\/span><\/li>\n<li><span class=\"a-list-item\">\u3010<strong>Buena fluidez &amp; Curado r\u00e1pido<\/strong>\u3011 SUNLU resina est\u00e1ndar uv 405 nm tiene una buena fluidez, la resina puede penetrar r\u00e1pidamente en el modelo, luego solidificar y formar, lo que aumenta la tasa de \u00e9xito de la impresi\u00f3n del modelo y tiene una excelente estabilidad.<\/span><\/li>\n<li><span class=\"a-list-item\">\u3010<strong>Buena estabilidad &amp; Buena calidad<\/strong>\u3011 Despu\u00e9s de la optimizaci\u00f3n continua, el efecto de curado del modelo de impresi\u00f3n de resina sunlu es bueno y estable, mejorando cada detalle. Ideal para principiantes.<\/span><\/li>\n<li><span class=\"a-list-item\">\u3010<strong>Embalaje seguro&amp; Olor bajo<\/strong>\u3011 SUNLU 3D Resin Research and Development Team adopts refined formulation to minimize Resin odor. El Cuerpo de la botella est\u00e1 dise\u00f1ado con una botella a prueba de fugas para asegurarse de que est\u00e1 intacto durante el transporte.<\/span><\/li>\n<li><span class=\"a-list-item\">\u3010<strong>Rico color &amp; Ampliamente compatible<\/strong>\u3011 Las resinas fotopolimerizadas est\u00e1ndar sunlu se utilizan ampliamente en la mayor\u00eda de las impresoras DLP \/ LCD 3D que utilizan fuentes de luz de longitud de onda de 405 nm. Tiene una rica selecci\u00f3n de colores.<\/span><\/li>\n<\/ul>\n<h2>Lea antes de comprar:<\/h2>\n<p>Esta es una p\u00e1gina de referidos, usted compra directamente en Amazon, cualquier pregunta, env\u00edo, etc.. deber\u00e1 de consultar con la p\u00e1gina web de dicha empresa. Iniciativas3D solamente selecciona aquellas impresoras que mejor se adaptan a nuestros clientes<\/p>\n","protected":false},"featured_media":134,"comment_status":"open","ping_status":"closed","template":"","meta":[],"class_list":["post-133","product","type-product","status-publish","has-post-thumbnail","hentry","product_cat-resina","product_tag-fotopolimero","product_tag-lcd-uv","product_tag-resina","product_tag-sunlu"],"_links":{"self":[{"href":"https:\/\/www.iniciativas3d.com\/tienda-online\/wp-json\/wp\/v2\/product\/133","targetHints":{"allow":["GET"]}}],"collection":[{"href":"https:\/\/www.iniciativas3d.com\/tienda-online\/wp-json\/wp\/v2\/product"}],"about":[{"href":"https:\/\/www.iniciativas3d.com\/tienda-online\/wp-json\/wp\/v2\/types\/product"}],"replies":[{"embeddable":true,"href":"https:\/\/www.iniciativas3d.com\/tienda-online\/wp-json\/wp\/v2\/comments?post=133"}],"wp:featuredmedia":[{"embeddable":true,"href":"https:\/\/www.iniciativas3d.com\/tienda-online\/wp-json\/wp\/v2\/media\/134"}],"wp:attachment":[{"href":"https:\/\/www.iniciativas3d.com\/tienda-online\/wp-json\/wp\/v2\/media?parent=133"}],"curies":[{"name":"wp","href":"https:\/\/api.w.org\/{rel}","templated":true}]}}