{"id":117,"date":"2022-08-05T12:29:15","date_gmt":"2022-08-05T11:29:15","guid":{"rendered":"https:\/\/www.iniciativas3d.com\/tienda-online\/?post_type=product&#038;p=117"},"modified":"2025-08-16T15:46:54","modified_gmt":"2025-08-16T14:46:54","slug":"comprar-robot-stem-para-ninos-al-mejor-precio","status":"publish","type":"product","link":"https:\/\/www.iniciativas3d.com\/tienda-online\/product\/comprar-robot-stem-para-ninos-al-mejor-precio\/","title":{"rendered":"Comprar robot stem para ni\u00f1os al mejor precio"},"content":{"rendered":"<table id=\"productDetails_techSpec_section_1\" class=\"a-keyvalue prodDetTable\" role=\"presentation\">\n<tbody>\n<tr>\n<th class=\"a-color-secondary a-size-base prodDetSectionEntry\">Dimensiones del producto<\/th>\n<td class=\"a-size-base prodDetAttrValue\">\u200e28.2 x 18 x 6.7 cm; 450 gramos<\/td>\n<\/tr>\n<tr>\n<th class=\"a-color-secondary a-size-base prodDetSectionEntry\">Edad recomendada por el fabricante<\/th>\n<td class=\"a-size-base prodDetAttrValue\">\u200e5 &#8211; 15 a\u00f1os<\/td>\n<\/tr>\n<tr>\n<th class=\"a-color-secondary a-size-base prodDetSectionEntry\">N\u00famero de modelo<\/th>\n<td class=\"a-size-base prodDetAttrValue\">\u200e567A<\/td>\n<\/tr>\n<tr>\n<th class=\"a-color-secondary a-size-base prodDetSectionEntry\">N\u00famero de piezas<\/th>\n<td class=\"a-size-base prodDetAttrValue\">\u200e190<\/td>\n<\/tr>\n<tr>\n<th class=\"a-color-secondary a-size-base prodDetSectionEntry\">Montaje necesario<\/th>\n<td class=\"a-size-base prodDetAttrValue\">\u200eS\u00ed<\/td>\n<\/tr>\n<tr>\n<th class=\"a-color-secondary a-size-base prodDetSectionEntry\">Necesita bater\u00edas<\/th>\n<td class=\"a-size-base prodDetAttrValue\">\u200eNo<\/td>\n<\/tr>\n<tr>\n<th class=\"a-color-secondary a-size-base prodDetSectionEntry\">Incluye bater\u00edas<\/th>\n<td class=\"a-size-base prodDetAttrValue\">\u200eNo<\/td>\n<\/tr>\n<tr>\n<th class=\"a-color-secondary a-size-base prodDetSectionEntry\">Tipo(s) de material<\/th>\n<td class=\"a-size-base prodDetAttrValue\">\u200ePl\u00e1stico<\/td>\n<\/tr>\n<tr>\n<th class=\"a-color-secondary a-size-base prodDetSectionEntry\">\u00bfMando a distancia incluido?<\/th>\n<td class=\"a-size-base prodDetAttrValue\">\u200eNo<\/td>\n<\/tr>\n<tr>\n<th class=\"a-color-secondary a-size-base prodDetSectionEntry\">Peso del producto<\/th>\n<td class=\"a-size-base prodDetAttrValue\">\u200e450 g<\/td>\n<\/tr>\n<\/tbody>\n<\/table>\n","protected":false},"excerpt":{"rendered":"<h1 id=\"title\" class=\"a-size-large a-spacing-none\"><span id=\"productTitle\" class=\"a-size-large product-title-word-break\">Juguete Robot stem para ni\u00f1os, Kit robot energ\u00eda solar construcci\u00f3n, juguetes para ni\u00f1o 8 a\u00f1os, ciencia, diversi\u00f3n mientras aprende con el robot interactivo 12 en 1 con 190 piezas, motor y engranajes.<\/span><\/h1>\n<p><span class=\"a-list-item\">?\u3010JUGUETE ROBOT EDUCATIVO\u3011: Kit de robot 12 en 1. Viene con 190 piezas y puedes construir hasta 12 tipos diferentes de robots. Incluye todo lo necesario para la diversi\u00f3n, como engranajes, placas neumaticos y ejes, \u00a1Ahora JUGAR es DIVERTIDO!<\/span><\/p>\n<p><span class=\"a-list-item\">?\u3010ALIMENTADO POR ENERG\u00cdA SOLAR\u3011: El robot puede funcionar tanto con el sol, como con una bater\u00eda (No incluida). Gracias a su panel solar se mueve y as\u00ed los m\u00e1s peque\u00f1os aprenden sobre energ\u00edas renovables y juegan con el robot, que puede gatear, rodar y flotar sobre el agua.<\/span><\/p>\n<p><span class=\"a-list-item\">?\u3010ROBOT STEM\u3011: Experimentos cient\u00edficos para ni\u00f1os de 8 a 12 a\u00f1os con instrucciones paso a paso para que puedan hacerlo ellos mismos y aprendan jugando, as\u00ed desarrollan la parte creativa de su cerebro mientras se divierten.<\/span><\/p>\n<p><span class=\"a-list-item\">?\u3010F\u00c1CIL MONTAJE E INSTRUCCIONES\u3011: Nuestro paquete incluye instrucciones claras para construir cada uno de los robots, esto hace que el montaje sea muy f\u00e1cil para tu hijo. Recomendamos que los padres le ayuden con el primero al ni\u00f1o para que luego pueda desarrollar sus capacidades el solo.<\/span><\/p>\n<p><span class=\"a-list-item\">?\u3010REGALO PERFECTO PARA NI\u00d1OS\u3011: Todas las piezas son robustas, duraderas y fabricadas en pl\u00e1stico ABS el cual no es t\u00f3xico, que permite que puedan jugar sin miedo a romperse tan f\u00e1cilmente. Un regalo perfecto para cumplea\u00f1os, navidades , comuniones y mucho m\u00e1s..<\/span><\/p>\n<h2>Lea antes de comprar:<\/h2>\n<p>Esta es una p\u00e1gina de referidos, usted compra directamente en Amazon, cualquier pregunta, env\u00edo, etc.. deber\u00e1 de consultar con la p\u00e1gina web de dicha empresa. Iniciativas3D solamente selecciona aquellas impresoras que mejor se adaptan a nuestros clientes<\/p>\n","protected":false},"featured_media":118,"comment_status":"open","ping_status":"closed","template":"","meta":[],"class_list":["post-117","product","type-product","status-publish","has-post-thumbnail","hentry","product_cat-padres-e-hijos","product_cat-robotica","product_tag-energia-solar","product_tag-para-ninos","product_tag-robot","product_tag-robot-interactivo","product_tag-robotica","product_tag-stem"],"_links":{"self":[{"href":"https:\/\/www.iniciativas3d.com\/tienda-online\/wp-json\/wp\/v2\/product\/117","targetHints":{"allow":["GET"]}}],"collection":[{"href":"https:\/\/www.iniciativas3d.com\/tienda-online\/wp-json\/wp\/v2\/product"}],"about":[{"href":"https:\/\/www.iniciativas3d.com\/tienda-online\/wp-json\/wp\/v2\/types\/product"}],"replies":[{"embeddable":true,"href":"https:\/\/www.iniciativas3d.com\/tienda-online\/wp-json\/wp\/v2\/comments?post=117"}],"wp:featuredmedia":[{"embeddable":true,"href":"https:\/\/www.iniciativas3d.com\/tienda-online\/wp-json\/wp\/v2\/media\/118"}],"wp:attachment":[{"href":"https:\/\/www.iniciativas3d.com\/tienda-online\/wp-json\/wp\/v2\/media?parent=117"}],"curies":[{"name":"wp","href":"https:\/\/api.w.org\/{rel}","templated":true}]}}