{"id":110,"date":"2022-08-05T12:08:01","date_gmt":"2022-08-05T11:08:01","guid":{"rendered":"https:\/\/www.iniciativas3d.com\/tienda-online\/?post_type=product&#038;p=110"},"modified":"2025-08-16T15:46:54","modified_gmt":"2025-08-16T14:46:54","slug":"comprar-filamento-smart-abs-1-75-mm-para-impresora-3d-al-mejor-precio","status":"publish","type":"product","link":"https:\/\/www.iniciativas3d.com\/tienda-online\/product\/comprar-filamento-smart-abs-1-75-mm-para-impresora-3d-al-mejor-precio\/","title":{"rendered":"Comprar Filamento Smart ABS 1.75 mm para impresora 3D al mejor precio"},"content":{"rendered":"<table id=\"product-specification-table\" class=\"a-keyvalue\">\n<tbody>\n<tr>\n<th class=\"a-span4 a-text-right\">Color<\/th>\n<td>Plata<\/td>\n<\/tr>\n<tr>\n<th class=\"a-span4 a-text-right\">Componentes incluidos<\/th>\n<td>1<\/td>\n<\/tr>\n<tr>\n<th class=\"a-span4 a-text-right\">Descripci\u00f3n de la garant\u00eda<\/th>\n<td>ABS<\/td>\n<\/tr>\n<tr>\n<th class=\"a-span4 a-text-right\">Di\u00e1metro del producto<\/th>\n<td>1.75 mil\u00edmetros<\/td>\n<\/tr>\n<tr>\n<th class=\"a-span4 a-text-right\">EAN<\/th>\n<td>8434000001620<\/td>\n<\/tr>\n<tr>\n<th class=\"a-span4 a-text-right\">Especificaci\u00f3n cumplida<\/th>\n<td><\/td>\n<\/tr>\n<tr>\n<th class=\"a-span4 a-text-right\">Estilo<\/th>\n<td>1,75mm<\/td>\n<\/tr>\n<tr>\n<th class=\"a-span4 a-text-right\">Material<\/th>\n<td>Acrilonitrilo butadieno estireno<\/td>\n<\/tr>\n<\/tbody>\n<\/table>\n","protected":false},"excerpt":{"rendered":"<h1 id=\"title\" class=\"a-size-large a-spacing-none\"><span id=\"productTitle\" class=\"a-size-large product-title-word-break\">Smartfil ABS, 1.75mm, Silver, 750g Filamento para Impresi\u00f3n 3D de Smart Materials 3D<\/span><\/h1>\n<ul class=\"a-unordered-list a-vertical a-spacing-mini\">\n<li><span class=\"a-list-item\">Material muy tenaz, duro y r\u00edgido, con resistencia qu\u00edmica a la abrasi\u00f3n<\/span><\/li>\n<li><span class=\"a-list-item\">Es soluble en acetona<\/span><\/li>\n<li><span class=\"a-list-item\">No es biodegradable, y sufre con la exposici\u00f3n a rayos uv; requiere cama caliente entre 80\u00bac y 100\u00bac<\/span><\/li>\n<li><span class=\"a-list-item\">Es un filamento abs especialmente aditivado para poder reducir la temperatura de la cama caliente hasta 60\u00bac; minimiza el warping y el cracking; excelente estabilidad dimensional y regularidad en la impresi\u00f3n<\/span><\/li>\n<\/ul>\n<h2>Lea antes de comprar:<\/h2>\n<p>Esta es una p\u00e1gina de referidos, usted compra directamente en Amazon, cualquier pregunta, env\u00edo, etc.. deber\u00e1 de consultar con la p\u00e1gina web de dicha empresa. Iniciativas3D solamente selecciona aquellas impresoras que mejor se adaptan a nuestros clientes<\/p>\n","protected":false},"featured_media":111,"comment_status":"open","ping_status":"closed","template":"","meta":[],"class_list":["post-110","product","type-product","status-publish","has-post-thumbnail","hentry","product_cat-filamentos","product_tag-1-75mm","product_tag-abs","product_tag-filamento","product_tag-impresion-3d"],"_links":{"self":[{"href":"https:\/\/www.iniciativas3d.com\/tienda-online\/wp-json\/wp\/v2\/product\/110","targetHints":{"allow":["GET"]}}],"collection":[{"href":"https:\/\/www.iniciativas3d.com\/tienda-online\/wp-json\/wp\/v2\/product"}],"about":[{"href":"https:\/\/www.iniciativas3d.com\/tienda-online\/wp-json\/wp\/v2\/types\/product"}],"replies":[{"embeddable":true,"href":"https:\/\/www.iniciativas3d.com\/tienda-online\/wp-json\/wp\/v2\/comments?post=110"}],"wp:featuredmedia":[{"embeddable":true,"href":"https:\/\/www.iniciativas3d.com\/tienda-online\/wp-json\/wp\/v2\/media\/111"}],"wp:attachment":[{"href":"https:\/\/www.iniciativas3d.com\/tienda-online\/wp-json\/wp\/v2\/media?parent=110"}],"curies":[{"name":"wp","href":"https:\/\/api.w.org\/{rel}","templated":true}]}}