{"id":108,"date":"2022-08-05T12:05:00","date_gmt":"2022-08-05T11:05:00","guid":{"rendered":"https:\/\/www.iniciativas3d.com\/tienda-online\/?post_type=product&#038;p=108"},"modified":"2023-07-11T13:27:55","modified_gmt":"2023-07-11T12:27:55","slug":"comprar-filamento-amolen-pla-1-75-mm-para-impresora-3d-al-mejor-precio","status":"publish","type":"product","link":"https:\/\/www.iniciativas3d.com\/tienda-online\/product\/comprar-filamento-amolen-pla-1-75-mm-para-impresora-3d-al-mejor-precio\/","title":{"rendered":"Comprar Filamento AMOLEN PLA 1.75 mm para impresora 3D al mejor precio"},"content":{"rendered":"<table id=\"productDetails_techSpec_section_1\" class=\"a-keyvalue prodDetTable\" role=\"presentation\">\n<tbody>\n<tr>\n<th class=\"a-color-secondary a-size-base prodDetSectionEntry\">Fabricante<\/th>\n<td class=\"a-size-base prodDetAttrValue\">\u200eAMOLEN<\/td>\n<\/tr>\n<tr>\n<th class=\"a-color-secondary a-size-base prodDetSectionEntry\">Marca<\/th>\n<td class=\"a-size-base prodDetAttrValue\">\u200eAMOLEN<\/td>\n<\/tr>\n<tr>\n<th class=\"a-color-secondary a-size-base prodDetSectionEntry\">Tipo de material<\/th>\n<td class=\"a-size-base prodDetAttrValue\">\u200e\u00c1cido polil\u00e1ctico<\/td>\n<\/tr>\n<tr>\n<th class=\"a-color-secondary a-size-base prodDetSectionEntry\">N\u00famero de pieza del fabricante<\/th>\n<td class=\"a-size-base prodDetAttrValue\">\u200e3DSETSLK<\/td>\n<\/tr>\n<\/tbody>\n<\/table>\n","protected":false},"excerpt":{"rendered":"<h1 id=\"title\" class=\"a-size-large a-spacing-none\"><span id=\"productTitle\" class=\"a-size-large product-title-word-break\">AMOLEN Filamento PLA 1.75, Impresora 3D Filamento, Filamento 3D Seda Cobre Rojo, Bronce, Oro y Plata, Material PLA de Impresi\u00f3n 3D, 4x200g<\/span><\/h1>\n<ul class=\"a-unordered-list a-vertical a-spacing-mini\">\n<li><span class=\"a-list-item\">\u3010Filamento PLA de Seda Shiny\u3011 El paquete viene con 4 colores, Bronce de seda \/ Cobre rojo \/ Oro \/ Plata El PLA de seda se ve como una textura de seda y una sensaci\u00f3n brillante, lo que hace una superficie brillante y una apariencia brillante como la seda. El filamento de impresora 3D bronce seda satisface sus demandas de impresi\u00f3n 3D. Como decoraci\u00f3n del hogar o como un gran regalo para tus amigos y tus hijos.<\/span><\/li>\n<li><span class=\"a-list-item\">\u3010Rasgos del PLA Seda\u3011 El filamento de impresora 3d seda brillante es f\u00e1cil de imprimir, tiene buena adherencia a la cama, buena forma, sin burbujas, sin atascos, sin deformaciones, acabado brillante y liso. El filamento PLA 1.75 Silk es compatible con la mayor\u00eda de las impresoras 3D FDM, MakerBot, LulzBot, FlashForge, UP, Printrbot, Solidoodle, Reprap, Mendel, MakerGear.<\/span><\/li>\n<li><span class=\"a-list-item\">\u3010Embalaje de Filamento Profesional\u3011 Filamento PLA 1.75 de seda Envasado al vac\u00edo con desecante para mantenerlo seco y evitar el polvo y las part\u00edculas extra\u00f1as. Mantenga su filamento de impresora PLA 3d en buenas condiciones.<\/span><\/li>\n<li><span class=\"a-list-item\">\u3010Materia Prima del Filamento PLA Seda\u3011 El PLA es el material de filamento m\u00e1s utilizado. 100% con materiales naturales v\u00edrgenes. Las materias primas del filamento de impresora 3D provienen de los EE. UU., Ecol\u00f3gico y con buen rendimiento.<\/span><\/li>\n<li><span class=\"a-list-item\">\u3010Mejor Servicio Postventa\u3011 AMOLEN se centra en filamento PLA especiales y de mejor calidad &#8211; Di\u00e1metro 1,75 mm, \u00b1 0,03 mm. Proporciona orientaci\u00f3n t\u00e9cnica profesional de impresi\u00f3n 3D y un servicio al cliente perfecto. El filamento PLA 1.75 defectuoso se puede volver a emitir o reembolsar en su totalidad. \u00bfPor qu\u00e9 no elegir el filamento de impresora 3D PLA 1.75 AMOLEN?<\/span><\/li>\n<\/ul>\n<h2>Lea antes de comprar:<\/h2>\n<p>Esta es una p\u00e1gina de referidos, usted compra directamente en Amazon, cualquier pregunta, env\u00edo, etc.. deber\u00e1 de consultar con la p\u00e1gina web de dicha empresa. Iniciativas3D solamente selecciona aquellas impresoras que mejor se adaptan a nuestros clientes<\/p>\n","protected":false},"featured_media":109,"comment_status":"open","ping_status":"closed","template":"","meta":[],"class_list":["post-108","product","type-product","status-publish","has-post-thumbnail","hentry","product_cat-filamentos","product_tag-1-75mm","product_tag-filamento","product_tag-impresion-3d","product_tag-pla"],"_links":{"self":[{"href":"https:\/\/www.iniciativas3d.com\/tienda-online\/wp-json\/wp\/v2\/product\/108","targetHints":{"allow":["GET"]}}],"collection":[{"href":"https:\/\/www.iniciativas3d.com\/tienda-online\/wp-json\/wp\/v2\/product"}],"about":[{"href":"https:\/\/www.iniciativas3d.com\/tienda-online\/wp-json\/wp\/v2\/types\/product"}],"replies":[{"embeddable":true,"href":"https:\/\/www.iniciativas3d.com\/tienda-online\/wp-json\/wp\/v2\/comments?post=108"}],"wp:featuredmedia":[{"embeddable":true,"href":"https:\/\/www.iniciativas3d.com\/tienda-online\/wp-json\/wp\/v2\/media\/109"}],"wp:attachment":[{"href":"https:\/\/www.iniciativas3d.com\/tienda-online\/wp-json\/wp\/v2\/media?parent=108"}],"curies":[{"name":"wp","href":"https:\/\/api.w.org\/{rel}","templated":true}]}}