{"id":106,"date":"2022-08-05T12:02:24","date_gmt":"2022-08-05T11:02:24","guid":{"rendered":"https:\/\/www.iniciativas3d.com\/tienda-online\/?post_type=product&#038;p=106"},"modified":"2023-07-11T13:28:39","modified_gmt":"2023-07-11T12:28:39","slug":"comprar-filamento-pla-cobre-1-75-mm-para-impresora-3d-al-mejor-precio","status":"publish","type":"product","link":"https:\/\/www.iniciativas3d.com\/tienda-online\/product\/comprar-filamento-pla-cobre-1-75-mm-para-impresora-3d-al-mejor-precio\/","title":{"rendered":"Comprar Filamento PLA COBRE 1.75 mm para impresora 3D al mejor precio"},"content":{"rendered":"<table id=\"productDetails_techSpec_section_1\" class=\"a-keyvalue prodDetTable\" role=\"presentation\">\n<tbody>\n<tr>\n<th class=\"a-color-secondary a-size-base prodDetSectionEntry\">Fabricante<\/th>\n<td class=\"a-size-base prodDetAttrValue\">\u200eXingtong Zhi Lian Technology<\/td>\n<\/tr>\n<tr>\n<th class=\"a-color-secondary a-size-base prodDetSectionEntry\">Marca<\/th>\n<td class=\"a-size-base prodDetAttrValue\">\u200eXINGTONGZHILIAN<\/td>\n<\/tr>\n<tr>\n<th class=\"a-color-secondary a-size-base prodDetSectionEntry\">Color<\/th>\n<td class=\"a-size-base prodDetAttrValue\">\u200eCobre Rojo Seda<\/td>\n<\/tr>\n<tr>\n<th class=\"a-color-secondary a-size-base prodDetSectionEntry\">Tipo de material<\/th>\n<td class=\"a-size-base prodDetAttrValue\">\u200e\u00c1cido polil\u00e1ctico<\/td>\n<\/tr>\n<tr>\n<th class=\"a-color-secondary a-size-base prodDetSectionEntry\">Tama\u00f1o<\/th>\n<td class=\"a-size-base prodDetAttrValue\">\u200e1kg\/un carrete<\/td>\n<\/tr>\n<tr>\n<th class=\"a-color-secondary a-size-base prodDetSectionEntry\">N\u00famero de pieza del fabricante<\/th>\n<td class=\"a-size-base prodDetAttrValue\">\u200ePLA<\/td>\n<\/tr>\n<\/tbody>\n<\/table>\n","protected":false},"excerpt":{"rendered":"<h1 id=\"title\" class=\"a-size-large a-spacing-none\"><span id=\"productTitle\" class=\"a-size-large product-title-word-break\">PLA Cobre Rojo Seda Filamento de Impresi\u00f3n 3D 1.75mm Materiales Precisi\u00f3n +\/- 0.02 mm 1kg\/un carrete<\/span><\/h1>\n<ul class=\"a-unordered-list a-vertical a-spacing-mini\">\n<li>\n<ul class=\"a-unordered-list a-vertical a-spacing-mini\">\n<li><span class=\"a-list-item\">? \u3010Filamento 1,75 mm PLA\u3011Redondez perfecta y tolerancia de di\u00e1metro de alta precisi\u00f3n + \/ &#8211; 0,02 mm.El filamento consiste en un material extra\u00edble.El material de \u00e1cido polil\u00e1ctico respetuoso con el medio ambiente no tiene olor, no tiene flexi\u00f3n y es biodegradable.<\/span><\/li>\n<li><span class=\"a-list-item\">? \u3010Altamente Compatible con Impresoras 3D\u3011Est\u00e1ndar de filamento Pla de 1,75 mm, se puede utilizar en una variedad de impresoras 3D ordinarias y agujas de Impresi\u00f3n 3D.Temperatura de presi\u00f3n del material de Impresi\u00f3n 3D 190 &#8211; 220\u2103.<\/span><\/li>\n<li><span class=\"a-list-item\">? \u3010Alta precisi\u00f3n Y Excelente Calidad de la Superficie\u3011Cada bobina tiene aproximadamente 330 a 340 m de filamento.El filamento Pla de 1,75 MM es f\u00e1cil de usar, sin enrollar, sin enchufe y sin soplar, lo que hace que cualquier impresi\u00f3n tenga una excelente calidad de superficie.<\/span><\/li>\n<li><span class=\"a-list-item\">? \u3010Envasado al Vac\u00edo\u3011El filamento de la impresora PLA 3D, el Desecante utilizado para el envasado al vac\u00edo, se mantiene seco, previene la penetraci\u00f3n de polvo y materia extra\u00f1a y garantiza las mejores condiciones de almacenamiento.Los pigmentos de alta calidad pueden mantener el color durante mucho tiempo.<\/span><\/li>\n<li><span class=\"a-list-item\">\u2705 \u3010Protecci\u00f3n Posventa de Filamento de Impresora\u3011Somos un fabricante profesional de archivos de impresora.No tienes que preocuparte por la calidad del filamento de 1,75 mm.Nuestro equipo de servicio responde sus preguntas por correo electr\u00f3nico las 24 horas del d\u00eda.<\/span><\/li>\n<\/ul>\n<\/li>\n<\/ul>\n<h2>Lea antes de comprar:<\/h2>\n<p>Esta es una p\u00e1gina de referidos, usted compra directamente en Amazon, cualquier pregunta, env\u00edo, etc.. deber\u00e1 de consultar con la p\u00e1gina web de dicha empresa. Iniciativas3D solamente selecciona aquellas impresoras que mejor se adaptan a nuestros clientes<\/p>\n","protected":false},"featured_media":107,"comment_status":"open","ping_status":"closed","template":"","meta":[],"class_list":["post-106","product","type-product","status-publish","has-post-thumbnail","hentry","product_cat-filamentos","product_tag-1-75mm","product_tag-filamento","product_tag-impresion-3d","product_tag-pla"],"_links":{"self":[{"href":"https:\/\/www.iniciativas3d.com\/tienda-online\/wp-json\/wp\/v2\/product\/106","targetHints":{"allow":["GET"]}}],"collection":[{"href":"https:\/\/www.iniciativas3d.com\/tienda-online\/wp-json\/wp\/v2\/product"}],"about":[{"href":"https:\/\/www.iniciativas3d.com\/tienda-online\/wp-json\/wp\/v2\/types\/product"}],"replies":[{"embeddable":true,"href":"https:\/\/www.iniciativas3d.com\/tienda-online\/wp-json\/wp\/v2\/comments?post=106"}],"wp:featuredmedia":[{"embeddable":true,"href":"https:\/\/www.iniciativas3d.com\/tienda-online\/wp-json\/wp\/v2\/media\/107"}],"wp:attachment":[{"href":"https:\/\/www.iniciativas3d.com\/tienda-online\/wp-json\/wp\/v2\/media?parent=106"}],"curies":[{"name":"wp","href":"https:\/\/api.w.org\/{rel}","templated":true}]}}