{"id":100,"date":"2022-08-05T11:51:44","date_gmt":"2022-08-05T10:51:44","guid":{"rendered":"https:\/\/www.iniciativas3d.com\/tienda-online\/?post_type=product&#038;p=100"},"modified":"2022-08-05T11:54:29","modified_gmt":"2022-08-05T10:54:29","slug":"comprar-dolyuu-plantilla-lapiz-impresora-3d-al-mejor-precio","status":"publish","type":"product","link":"https:\/\/www.iniciativas3d.com\/tienda-online\/product\/comprar-dolyuu-plantilla-lapiz-impresora-3d-al-mejor-precio\/","title":{"rendered":"Comprar DOLYUU Plantilla para l\u00e1piz de impresora 3D al mejor precio"},"content":{"rendered":"<table id=\"productDetails_techSpec_section_1\" class=\"a-keyvalue prodDetTable\" role=\"presentation\">\n<tbody>\n<tr>\n<th class=\"a-color-secondary a-size-base prodDetSectionEntry\">Marca<\/th>\n<td class=\"a-size-base prodDetAttrValue\">\u200eDOLYUU<\/td>\n<\/tr>\n<tr>\n<th class=\"a-color-secondary a-size-base prodDetSectionEntry\">N\u00famero de modelo<\/th>\n<td class=\"a-size-base prodDetAttrValue\">\u200e3D-B-001<\/td>\n<\/tr>\n<tr>\n<th class=\"a-color-secondary a-size-base prodDetSectionEntry\">Color<\/th>\n<td class=\"a-size-base prodDetAttrValue\">\u200ePlantilla de L\u00e1piz 3d.<\/td>\n<\/tr>\n<tr>\n<th class=\"a-color-secondary a-size-base prodDetSectionEntry\">Dimensiones del paquete<\/th>\n<td class=\"a-size-base prodDetAttrValue\">\u200e29.8 x 24.4 x 1.3 cm; 260 gramos<\/td>\n<\/tr>\n<tr>\n<th class=\"a-color-secondary a-size-base prodDetSectionEntry\">Peso del producto<\/th>\n<td class=\"a-size-base prodDetAttrValue\">\u200e260 g<\/td>\n<\/tr>\n<\/tbody>\n<\/table>\n","protected":false},"excerpt":{"rendered":"<h1 id=\"title\" class=\"a-size-large a-spacing-none\"><span id=\"productTitle\" class=\"a-size-large product-title-word-break\">DOLYUU Plantilla para l\u00e1piz de impresi\u00f3n 3D, Alfombrilla para l\u00e1pices 3D, Gran Alfombrilla con patr\u00f3n de Animales, \u00fatil para Principiantes, ni\u00f1os y Artistas en 3D, con 2 establos.<\/span><\/h1>\n<ul class=\"a-unordered-list a-vertical a-spacing-mini\">\n<li><span class=\"a-list-item\">Plantilla de l\u00e1piz 3D (gran alfombrilla 3D) con diferentes patrones: con la plantilla 3D l\u00e1piz de silicona m\u00e1s grande (41,5 x 27,5 cm) no solo se pueden utilizar patrones y l\u00edneas simples, sino tambi\u00e9n patrones de animales como elefantes, conejos, gatos, osos, coches y ruedas gigantes. La mejor plantilla 3D l\u00e1piz l\u00e1piz de impresi\u00f3n 3D estera de dise\u00f1o de silicona es especialmente \u00fatil para principiantes, ni\u00f1os y artistas 3D!<\/span><\/li>\n<li><span class=\"a-list-item\">Plantilla de l\u00e1piz de presi\u00f3n 3D adecuada para todos los l\u00e1pices 3D \/ filamentos 3D\u3011 La plantilla de l\u00e1piz de presi\u00f3n 3D mejora facilita la inserci\u00f3n de la boquilla 3D en el interior. La alfombrilla 3D tiene un grosor adecuado, por lo que la mayor\u00eda de los bol\u00edgrafos 3D \/ filamentos de l\u00e1piz 3D de 1,75 mm se ajustan bien. Ni siquiera se desplaza o se mueve durante el trabajo de bol\u00edgrafo 3D m\u00e1s delicado. La plantilla de l\u00e1piz de impresi\u00f3n 3D en las l\u00edneas cortadas de la alfombra son excelentes para mantener las cosas rectas.<\/span><\/li>\n<li><span class=\"a-list-item\">\u3010Plantilla de l\u00e1piz de presi\u00f3n 3D Protector de mesa\u3011 La plantilla de l\u00e1piz de impresi\u00f3n 3D est\u00e1 hecha de silicona ecol\u00f3gica y se puede utilizar para proteger la mesa. La resistencia a altas temperaturas de este producto es de 220 a 260 \u2103. El grosor de la plantilla de l\u00e1piz de impresi\u00f3n 3D es de 3 mm. La plantilla de l\u00e1piz de presi\u00f3n 3D puede evitar que la mesa se derrita con un l\u00e1piz 3D.<\/span><\/li>\n<li><span class=\"a-list-item\">\u3010 Plantilla de l\u00e1piz de impresi\u00f3n 3D Regalos adicionales\u3011 Estera de silicona 3D (plantilla de l\u00e1piz de impresi\u00f3n 3D) con 2 tapas de dedos. Las tapas de los dedos ayudan a moldear y son \u00fatiles cuando necesita quitar un poco de filamento persistente de la punta muy caliente del l\u00e1piz.<\/span><\/li>\n<li><span class=\"a-list-item\">\u3010Plantilla de dibujo 3D postventa\u3011Despu\u00e9s de recibir la mercanc\u00eda tiene preguntas, p\u00f3ngase en contacto con nosotros, resolveremos para usted, le daremos el mejor servicio. Recientemente otros productos falsos se han vendido bajo mi enlace. Por favor, busque la plantilla de l\u00e1piz DOLYUU 3D de la marca. Si usted compra otra plantilla de l\u00e1piz 3D falsa, no somos responsables del problema postventa. Pueden tener muchos problemas de retorno. Visite la tienda DoDoLin.<\/span><\/li>\n<\/ul>\n<h2>Lea antes de comprar:<\/h2>\n<p>Esta es una p\u00e1gina de referidos, usted compra directamente en Amazon, cualquier pregunta, env\u00edo, etc.. deber\u00e1 de consultar con la p\u00e1gina web de dicha empresa. Iniciativas3D solamente selecciona aquellas impresoras que mejor se adaptan a nuestros clientes<\/p>\n","protected":false},"featured_media":101,"comment_status":"open","ping_status":"closed","template":"","meta":[],"class_list":["post-100","product","type-product","status-publish","has-post-thumbnail","hentry","product_cat-para-ninos","product_cat-plantilla","product_tag-impresion-3d","product_tag-lapiz-impresion-3d","product_tag-para-ninos","product_tag-plantilla"],"_links":{"self":[{"href":"https:\/\/www.iniciativas3d.com\/tienda-online\/wp-json\/wp\/v2\/product\/100","targetHints":{"allow":["GET"]}}],"collection":[{"href":"https:\/\/www.iniciativas3d.com\/tienda-online\/wp-json\/wp\/v2\/product"}],"about":[{"href":"https:\/\/www.iniciativas3d.com\/tienda-online\/wp-json\/wp\/v2\/types\/product"}],"replies":[{"embeddable":true,"href":"https:\/\/www.iniciativas3d.com\/tienda-online\/wp-json\/wp\/v2\/comments?post=100"}],"wp:featuredmedia":[{"embeddable":true,"href":"https:\/\/www.iniciativas3d.com\/tienda-online\/wp-json\/wp\/v2\/media\/101"}],"wp:attachment":[{"href":"https:\/\/www.iniciativas3d.com\/tienda-online\/wp-json\/wp\/v2\/media?parent=100"}],"curies":[{"name":"wp","href":"https:\/\/api.w.org\/{rel}","templated":true}]}}