{"id":10,"date":"2022-08-02T18:02:12","date_gmt":"2022-08-02T17:02:12","guid":{"rendered":"https:\/\/www.iniciativas3d.com\/tienda-online\/?post_type=product&#038;p=10"},"modified":"2023-07-11T13:35:13","modified_gmt":"2023-07-11T12:35:13","slug":"comprar-impresora-3d-tina-2-al-mejor-precio","status":"publish","type":"product","link":"https:\/\/www.iniciativas3d.com\/tienda-online\/product\/comprar-impresora-3d-tina-2-al-mejor-precio\/","title":{"rendered":"Comprar Impresora 3D TINA 2 al mejor precio"},"content":{"rendered":"<div class=\"a-section a-spacing-large pzr-features-containers\">\n<h5 class=\"a-spacing-small\">Especificaciones de producto<\/h5>\n<div class=\"a-row\">\n<div class=\"a-column a-span12 a-span-last\">\n<div class=\"a-expander-collapsed-height a-row a-expander-container a-expander-partial-collapse-container\" data-a-expander-name=\"psw_table_expander\" data-a-expander-collapsed-height=\"300\">\n<div class=\"a-expander-content a-expander-partial-collapse-content\" aria-expanded=\"false\">\n<table id=\"productDetails_techSpec_section_1\" class=\"a-keyvalue prodDetTable\" role=\"presentation\">\n<tbody>\n<tr>\n<th class=\"a-color-secondary a-size-base prodDetSectionEntry\">Marca<\/th>\n<td class=\"a-size-base prodDetAttrValue\">\u200eENTINA<\/td>\n<\/tr>\n<tr>\n<th class=\"a-color-secondary a-size-base prodDetSectionEntry\">Fabricante<\/th>\n<td class=\"a-size-base prodDetAttrValue\">\u200eENTINA<\/td>\n<\/tr>\n<tr>\n<th class=\"a-color-secondary a-size-base prodDetSectionEntry\">Modelo<\/th>\n<td class=\"a-size-base prodDetAttrValue\">\u200eTina2 V4<\/td>\n<\/tr>\n<tr>\n<th class=\"a-color-secondary a-size-base prodDetSectionEntry\">Dimensiones del paquete<\/th>\n<td class=\"a-size-base prodDetAttrValue\">\u200e39 x 27 x 25 cm; 3 kilogramos<\/td>\n<\/tr>\n<tr>\n<th class=\"a-color-secondary a-size-base prodDetSectionEntry\">N\u00famero de modelo del producto<\/th>\n<td class=\"a-size-base prodDetAttrValue\">\u200eTina2 V4<\/td>\n<\/tr>\n<tr>\n<th class=\"a-color-secondary a-size-base prodDetSectionEntry\">Sistema operativo<\/th>\n<td class=\"a-size-base prodDetAttrValue\">\u200eLinux, Windows, Mac<\/td>\n<\/tr>\n<tr>\n<th class=\"a-color-secondary a-size-base prodDetSectionEntry\">Aparatos compatibles<\/th>\n<td class=\"a-size-base prodDetAttrValue\">\u200eOrdenador personal<\/td>\n<\/tr>\n<tr>\n<th class=\"a-color-secondary a-size-base prodDetSectionEntry\">Componentes incluidos<\/th>\n<td class=\"a-size-base prodDetAttrValue\">\u200eImpresora 3D<\/td>\n<\/tr>\n<tr>\n<th class=\"a-color-secondary a-size-base prodDetSectionEntry\">N\u00famero de productos<\/th>\n<td class=\"a-size-base prodDetAttrValue\">\u200e1<\/td>\n<\/tr>\n<tr>\n<th class=\"a-color-secondary a-size-base prodDetSectionEntry\">Pilas \/ bater\u00edas incluidas<\/th>\n<td class=\"a-size-base prodDetAttrValue\">\u200eNo<\/td>\n<\/tr>\n<tr>\n<th class=\"a-color-secondary a-size-base prodDetSectionEntry\">Pilas \/ bater\u00edas necesarias<\/th>\n<td class=\"a-size-base prodDetAttrValue\">\u200eNo<\/td>\n<\/tr>\n<tr>\n<th class=\"a-color-secondary a-size-base prodDetSectionEntry\">Tipo de conector<\/th>\n<td class=\"a-size-base prodDetAttrValue\">\u200eWi-Fi<\/td>\n<\/tr>\n<tr>\n<th class=\"a-color-secondary a-size-base prodDetSectionEntry\">Tipo de material<\/th>\n<td class=\"a-size-base prodDetAttrValue\">\u200eMetal<\/td>\n<\/tr>\n<tr>\n<th class=\"a-color-secondary a-size-base prodDetSectionEntry\">Incluye bater\u00eda recargable<\/th>\n<td class=\"a-size-base prodDetAttrValue\">\u200eNo<\/td>\n<\/tr>\n<tr>\n<th class=\"a-color-secondary a-size-base prodDetSectionEntry\">Peso del producto<\/th>\n<td class=\"a-size-base prodDetAttrValue\">\u200e3 kg<\/td>\n<\/tr>\n<\/tbody>\n<\/table>\n<\/div>\n<\/div>\n<\/div>\n<\/div>\n<\/div>\n","protected":false},"excerpt":{"rendered":"<h1>Impresora 3D Tina 2<\/h1>\n<p><small>La impresora 3D a mejor precio con respecto a su calidad<\/small><\/p>\n<p><span class=\"a-list-item\">?<\/span><span class=\"a-list-item\">\u3010Fuera de la Caja y Nivelaci\u00f3n Autom\u00e1tica\u3011ENTINA TINA2 S es una impresora 3D dise\u00f1ada para principiantes y adolescentes, totalmente montada y con nivelaci\u00f3n autom\u00e1tica, no necesita ajustes complicados\uff0cInstrucciones y modelos de prueba est\u00e1n incluidos en la tarjeta SD adjunta, \u00a1empieza a imprimir ahora mismo!<\/span><\/p>\n<p><span class=\"a-list-item\">?<\/span><span class=\"a-list-item\">\u3010Control Inteligente\u3011Equipada con la APP de desarrollo propio \u00abPoloprint Cloud\u00bb &#8211; una plataforma Cloud para ENTINA Tina2 S, disfruta de una variedad de funciones con un solo clic. Conexi\u00f3n en red con un solo clic, control de impresi\u00f3n en cualquier momento&amp;en cualquier lugar, modelos masivos, rebanado en la nube, velocidad de transferencia r\u00e1pida, soluci\u00f3n de problemas.<\/span><\/p>\n<p><span class=\"a-list-item\">?<\/span><span class=\"a-list-item\">\u3010C\u00f3digo Completamente Abierto\u3011Mini impresora 3d es compatible con el software de rebanado Wiibuilder, Cura, Simplify3d, Slicr3r, puede elegir imprimir de m\u00faltiples maneras a trav\u00e9s del software de rebanado APP\/USB\/Wiibuilder.<\/span><\/p>\n<p><span class=\"a-list-item\">?<\/span><span class=\"a-list-item\">\u3010Dise\u00f1o F\u00e1cil de Usar\u3011Impresora 3D equipada con plataforma de acero de resorte flexible Heated, que ayudan a reducir la deformaci\u00f3n del modelo y mejorar el efecto de impresi\u00f3n del modelo. La luz LED incorporada muestra el estado de trabajo de la impresora m\u00e1s claramente. Reemplace r\u00e1pidamente el hotend, reduzca el problema de obstrucci\u00f3n de la impresora y reduzca en gran medida la dificultad de reemplazar los accesorios.<\/span><\/p>\n<p><span class=\"a-list-item\">?<\/span><span class=\"a-list-item\">\u3010Modo Silencioso\u3011ENTINA Tina2 S con chip silencioso, un solo clic para abrir el modelo silencioso, dando a su familia un entorno de impresi\u00f3n silencioso. Al mismo tiempo, la velocidad del ventilador mejorada aumenta a un m\u00e1ximo de 8000 rpm, lo que ayuda a enfriar el modelo, mejora el efecto de impresi\u00f3n y reduce el consumo de filamento.<\/span><\/p>\n<h2>Lea antes de comprar:<\/h2>\n<p>Esta es una p\u00e1gina de referidos, usted compra directamente en Amazon, cualquier pregunta, env\u00edo, etc.. deber\u00e1 de consultar con la p\u00e1gina web de dicha empresa. Iniciativas3D solamente selecciona aquellas impresoras que mejor se adaptan a nuestros clientes<\/p>\n","protected":false},"featured_media":146,"comment_status":"open","ping_status":"closed","template":"","meta":[],"class_list":["post-10","product","type-product","status-publish","has-post-thumbnail","hentry","product_cat-electronica","product_cat-impresoras-3d","product_tag-abs","product_tag-impresora-3d","product_tag-microsd","product_tag-usb","product_tag-wifi"],"_links":{"self":[{"href":"https:\/\/www.iniciativas3d.com\/tienda-online\/wp-json\/wp\/v2\/product\/10","targetHints":{"allow":["GET"]}}],"collection":[{"href":"https:\/\/www.iniciativas3d.com\/tienda-online\/wp-json\/wp\/v2\/product"}],"about":[{"href":"https:\/\/www.iniciativas3d.com\/tienda-online\/wp-json\/wp\/v2\/types\/product"}],"replies":[{"embeddable":true,"href":"https:\/\/www.iniciativas3d.com\/tienda-online\/wp-json\/wp\/v2\/comments?post=10"}],"wp:featuredmedia":[{"embeddable":true,"href":"https:\/\/www.iniciativas3d.com\/tienda-online\/wp-json\/wp\/v2\/media\/146"}],"wp:attachment":[{"href":"https:\/\/www.iniciativas3d.com\/tienda-online\/wp-json\/wp\/v2\/media?parent=10"}],"curies":[{"name":"wp","href":"https:\/\/api.w.org\/{rel}","templated":true}]}}