{"id":342,"date":"2023-05-21T12:58:29","date_gmt":"2023-05-21T11:58:29","guid":{"rendered":"https:\/\/www.iniciativas3d.com\/tienda-online\/?page_id=342"},"modified":"2023-07-11T13:09:40","modified_gmt":"2023-07-11T12:09:40","slug":"kits-y-accesorios-de-impresoras-3d","status":"publish","type":"page","link":"https:\/\/www.iniciativas3d.com\/tienda-online\/kits-y-accesorios-de-impresoras-3d\/","title":{"rendered":"Kits y accesorios de impresoras 3D"},"content":{"rendered":"\n<p>Explora nuestra amplia selecci\u00f3n de kits y accesorios para impresoras 3D, dise\u00f1ados para mejorar y personalizar tu experiencia de impresi\u00f3n. Encuentra desde boquillas y camas de impresi\u00f3n hasta kits de actualizaci\u00f3n y herramientas indispensables para potenciar tus capacidades de fabricaci\u00f3n aditiva.<\/p>\n\n\n\n<h2 class=\"wp-block-heading\">Kits y accesorios para impresoras 3D<\/h2>\n\n\n\n<iframe class=\"adsFrame\"  sandbox=\"allow-popups allow-scripts allow-modals allow-forms allow-same-origin\" style=\"width:120px;height:240px;\" marginwidth=\"0\" marginheight=\"0\" scrolling=\"no\" frameborder=\"0\" src=\"\/\/rcm-eu.amazon-adsystem.com\/e\/cm?lt1=_blank&#038;bc1=000000&#038;IS2=1&#038;bg1=FFFFFF&#038;fc1=000000&#038;lc1=0000FF&#038;t=iniciativas3d-21&#038;language=es_ES&#038;o=30&#038;p=8&#038;l=as4&#038;m=amazon&#038;f=ifr&#038;ref=as_ss_li_til&#038;asins=B0BXL9JMBZ&#038;linkId=11d46e13153cf07415d04c01d406d124\"><\/iframe>\n\n<iframe sandbox=\"allow-popups allow-scripts allow-modals allow-forms allow-same-origin\" style=\"width:120px;height:240px;\" marginwidth=\"0\" marginheight=\"0\" scrolling=\"no\" frameborder=\"0\" src=\"\/\/rcm-eu.amazon-adsystem.com\/e\/cm?lt1=_blank&#038;bc1=000000&#038;IS2=1&#038;bg1=FFFFFF&#038;fc1=000000&#038;lc1=0000FF&#038;t=iniciativas3d-21&#038;language=es_ES&#038;o=30&#038;p=8&#038;l=as4&#038;m=amazon&#038;f=ifr&#038;ref=as_ss_li_til&#038;asins=B08F7MW72N&#038;linkId=4060985698ca0f4c7fd9dfdd173cf7fd\"><\/iframe>\n\n<iframe sandbox=\"allow-popups allow-scripts allow-modals allow-forms allow-same-origin\" style=\"width:120px;height:240px;\" marginwidth=\"0\" marginheight=\"0\" scrolling=\"no\" frameborder=\"0\" src=\"\/\/rcm-eu.amazon-adsystem.com\/e\/cm?lt1=_blank&#038;bc1=000000&#038;IS2=1&#038;bg1=FFFFFF&#038;fc1=000000&#038;lc1=0000FF&#038;t=iniciativas3d-21&#038;language=es_ES&#038;o=30&#038;p=8&#038;l=as4&#038;m=amazon&#038;f=ifr&#038;ref=as_ss_li_til&#038;asins=B0914QYLMX&#038;linkId=35090bbe6a5dccde52e112acb2cdd549\"><\/iframe>\n\n<iframe sandbox=\"allow-popups allow-scripts allow-modals allow-forms allow-same-origin\" style=\"width:120px;height:240px;\" marginwidth=\"0\" marginheight=\"0\" scrolling=\"no\" frameborder=\"0\" src=\"\/\/rcm-eu.amazon-adsystem.com\/e\/cm?lt1=_blank&#038;bc1=000000&#038;IS2=1&#038;bg1=FFFFFF&#038;fc1=000000&#038;lc1=0000FF&#038;t=iniciativas3d-21&#038;language=es_ES&#038;o=30&#038;p=8&#038;l=as4&#038;m=amazon&#038;f=ifr&#038;ref=as_ss_li_til&#038;asins=B08FD7WC12&#038;linkId=a36a38210c5d31ebdfd88fe35be7ab20\"><\/iframe>\n\n<iframe sandbox=\"allow-popups allow-scripts allow-modals allow-forms allow-same-origin\" style=\"width:120px;height:240px;\" marginwidth=\"0\" marginheight=\"0\" scrolling=\"no\" frameborder=\"0\" src=\"\/\/rcm-eu.amazon-adsystem.com\/e\/cm?lt1=_blank&#038;bc1=000000&#038;IS2=1&#038;bg1=FFFFFF&#038;fc1=000000&#038;lc1=0000FF&#038;t=iniciativas3d-21&#038;language=es_ES&#038;o=30&#038;p=8&#038;l=as4&#038;m=amazon&#038;f=ifr&#038;ref=as_ss_li_til&#038;asins=B07SJQRKGC&#038;linkId=a6bffa42cd8101221b1de90b42f4ccfa\"><\/iframe>\n\n<iframe sandbox=\"allow-popups allow-scripts allow-modals allow-forms allow-same-origin\" style=\"width:120px;height:240px;\" marginwidth=\"0\" marginheight=\"0\" scrolling=\"no\" frameborder=\"0\" src=\"\/\/rcm-eu.amazon-adsystem.com\/e\/cm?lt1=_blank&#038;bc1=000000&#038;IS2=1&#038;bg1=FFFFFF&#038;fc1=000000&#038;lc1=0000FF&#038;t=iniciativas3d-21&#038;language=es_ES&#038;o=30&#038;p=8&#038;l=as4&#038;m=amazon&#038;f=ifr&#038;ref=as_ss_li_til&#038;asins=B08T1VJ9ZT&#038;linkId=82654d0dee71a1b3e3751cf6ac87a930\"><\/iframe>\n\n<iframe sandbox=\"allow-popups allow-scripts allow-modals allow-forms allow-same-origin\" style=\"width:120px;height:240px;\" marginwidth=\"0\" marginheight=\"0\" scrolling=\"no\" frameborder=\"0\" src=\"\/\/rcm-eu.amazon-adsystem.com\/e\/cm?lt1=_blank&#038;bc1=000000&#038;IS2=1&#038;bg1=FFFFFF&#038;fc1=000000&#038;lc1=0000FF&#038;t=iniciativas3d-21&#038;language=es_ES&#038;o=30&#038;p=8&#038;l=as4&#038;m=amazon&#038;f=ifr&#038;ref=as_ss_li_til&#038;asins=B09CYK65P9&#038;linkId=0fcff007ab7dc1baaa411893f6f4a58a\"><\/iframe>\n\n<iframe sandbox=\"allow-popups allow-scripts allow-modals allow-forms allow-same-origin\" style=\"width:120px;height:240px;\" marginwidth=\"0\" marginheight=\"0\" scrolling=\"no\" frameborder=\"0\" src=\"\/\/rcm-eu.amazon-adsystem.com\/e\/cm?lt1=_blank&#038;bc1=000000&#038;IS2=1&#038;bg1=FFFFFF&#038;fc1=000000&#038;lc1=0000FF&#038;t=iniciativas3d-21&#038;language=es_ES&#038;o=30&#038;p=8&#038;l=as4&#038;m=amazon&#038;f=ifr&#038;ref=as_ss_li_til&#038;asins=B07H4M5PFH&#038;linkId=096deb188575440338a473efac27b63a\"><\/iframe>\n\n<iframe sandbox=\"allow-popups allow-scripts allow-modals allow-forms allow-same-origin\" style=\"width:120px;height:240px;\" marginwidth=\"0\" marginheight=\"0\" scrolling=\"no\" frameborder=\"0\" src=\"\/\/rcm-eu.amazon-adsystem.com\/e\/cm?lt1=_blank&#038;bc1=000000&#038;IS2=1&#038;bg1=FFFFFF&#038;fc1=000000&#038;lc1=0000FF&#038;t=iniciativas3d-21&#038;language=es_ES&#038;o=30&#038;p=8&#038;l=as4&#038;m=amazon&#038;f=ifr&#038;ref=as_ss_li_til&#038;asins=B0BVDCNVG7&#038;linkId=e20858458d3c0879ddd0d9a976ffbad1\"><\/iframe>\n\n<iframe sandbox=\"allow-popups allow-scripts allow-modals allow-forms allow-same-origin\" style=\"width:120px;height:240px;\" marginwidth=\"0\" marginheight=\"0\" scrolling=\"no\" frameborder=\"0\" src=\"\/\/rcm-eu.amazon-adsystem.com\/e\/cm?lt1=_blank&#038;bc1=000000&#038;IS2=1&#038;bg1=FFFFFF&#038;fc1=000000&#038;lc1=0000FF&#038;t=iniciativas3d-21&#038;language=es_ES&#038;o=30&#038;p=8&#038;l=as4&#038;m=amazon&#038;f=ifr&#038;ref=as_ss_li_til&#038;asins=B0B2NVHSF8&#038;linkId=0ef13d4258efae8121face2a4ac645df\"><\/iframe>\n\n<iframe sandbox=\"allow-popups allow-scripts allow-modals allow-forms allow-same-origin\" style=\"width:120px;height:240px;\" marginwidth=\"0\" marginheight=\"0\" scrolling=\"no\" frameborder=\"0\" src=\"\/\/rcm-eu.amazon-adsystem.com\/e\/cm?lt1=_blank&#038;bc1=000000&#038;IS2=1&#038;bg1=FFFFFF&#038;fc1=000000&#038;lc1=0000FF&#038;t=iniciativas3d-21&#038;language=es_ES&#038;o=30&#038;p=8&#038;l=as4&#038;m=amazon&#038;f=ifr&#038;ref=as_ss_li_til&#038;asins=B0BNHW39DR&#038;linkId=6d90031e8804528ef6e75191c5e48c85\"><\/iframe>\n\n<iframe sandbox=\"allow-popups allow-scripts allow-modals allow-forms allow-same-origin\" style=\"width:120px;height:240px;\" marginwidth=\"0\" marginheight=\"0\" scrolling=\"no\" frameborder=\"0\" src=\"\/\/rcm-eu.amazon-adsystem.com\/e\/cm?lt1=_blank&#038;bc1=000000&#038;IS2=1&#038;bg1=FFFFFF&#038;fc1=000000&#038;lc1=0000FF&#038;t=iniciativas3d-21&#038;language=es_ES&#038;o=30&#038;p=8&#038;l=as4&#038;m=amazon&#038;f=ifr&#038;ref=as_ss_li_til&#038;asins=B0B6JNTGSV&#038;linkId=c288c981f005fd8da3a79d70a118de0b\"><\/iframe>\n\n<iframe sandbox=\"allow-popups allow-scripts allow-modals allow-forms allow-same-origin\" style=\"width:120px;height:240px;\" marginwidth=\"0\" marginheight=\"0\" scrolling=\"no\" frameborder=\"0\" src=\"\/\/rcm-eu.amazon-adsystem.com\/e\/cm?lt1=_blank&#038;bc1=000000&#038;IS2=1&#038;bg1=FFFFFF&#038;fc1=000000&#038;lc1=0000FF&#038;t=iniciativas3d-21&#038;language=es_ES&#038;o=30&#038;p=8&#038;l=as4&#038;m=amazon&#038;f=ifr&#038;ref=as_ss_li_til&#038;asins=B07DBXL2FQ&#038;linkId=0843c240ec41255331df1a8fe4a11fd3\"><\/iframe>\n\n<iframe sandbox=\"allow-popups allow-scripts allow-modals allow-forms allow-same-origin\" style=\"width:120px;height:240px;\" marginwidth=\"0\" marginheight=\"0\" scrolling=\"no\" frameborder=\"0\" src=\"\/\/rcm-eu.amazon-adsystem.com\/e\/cm?lt1=_blank&#038;bc1=000000&#038;IS2=1&#038;bg1=FFFFFF&#038;fc1=000000&#038;lc1=0000FF&#038;t=iniciativas3d-21&#038;language=es_ES&#038;o=30&#038;p=8&#038;l=as4&#038;m=amazon&#038;f=ifr&#038;ref=as_ss_li_til&#038;asins=B0769X94MJ&#038;linkId=a4c7c91c0bf7fc591672bb7c1d4b81c9\"><\/iframe>\n\n<iframe sandbox=\"allow-popups allow-scripts allow-modals allow-forms allow-same-origin\" style=\"width:120px;height:240px;\" marginwidth=\"0\" marginheight=\"0\" scrolling=\"no\" frameborder=\"0\" src=\"\/\/rcm-eu.amazon-adsystem.com\/e\/cm?lt1=_blank&#038;bc1=000000&#038;IS2=1&#038;bg1=FFFFFF&#038;fc1=000000&#038;lc1=0000FF&#038;t=iniciativas3d-21&#038;language=es_ES&#038;o=30&#038;p=8&#038;l=as4&#038;m=amazon&#038;f=ifr&#038;ref=as_ss_li_til&#038;asins=B01G9S27RA&#038;linkId=fd967e8dbf648db2754fbad9acdafad6\"><\/iframe>\n\n<iframe sandbox=\"allow-popups allow-scripts allow-modals allow-forms allow-same-origin\" style=\"width:120px;height:240px;\" marginwidth=\"0\" marginheight=\"0\" scrolling=\"no\" frameborder=\"0\" src=\"\/\/rcm-eu.amazon-adsystem.com\/e\/cm?lt1=_blank&#038;bc1=000000&#038;IS2=1&#038;bg1=FFFFFF&#038;fc1=000000&#038;lc1=0000FF&#038;t=iniciativas3d-21&#038;language=es_ES&#038;o=30&#038;p=8&#038;l=as4&#038;m=amazon&#038;f=ifr&#038;ref=as_ss_li_til&#038;asins=B0B5WK6L5Q&#038;linkId=fa2467e989ebd811406e44ac02cc6a0e\"><\/iframe>\n\n\n\n<div class=\"wp-block-group alternativeAds\" style=\"display:none\"><div class=\"wp-block-group__inner-container is-layout-constrained wp-block-group-is-layout-constrained\">\n<div class=\"wc-block-grid wp-block-product-category wc-block-product-category has-3-columns has-multiple-rows\"><ul class=\"wc-block-grid__products\"><li class=\"wc-block-grid__product\">\n\t\t\t\t<a href=\"https:\/\/www.iniciativas3d.com\/tienda-online\/product\/comprar-impresora-3d-luocute-para-principiantes-al-mejor-precio\/\" class=\"wc-block-grid__product-link\">\n\t\t\t\t\t<div class=\"wc-block-grid__product-image\"><img loading=\"lazy\" decoding=\"async\" width=\"300\" height=\"300\" src=\"https:\/\/www.iniciativas3d.com\/tienda-online\/wp-content\/uploads\/2025\/08\/71t0xooaGZL._AC_SL1500_-300x300.jpg\" class=\"attachment-woocommerce_thumbnail size-woocommerce_thumbnail\" alt=\"\" srcset=\"https:\/\/www.iniciativas3d.com\/tienda-online\/wp-content\/uploads\/2025\/08\/71t0xooaGZL._AC_SL1500_-300x300.jpg 300w, https:\/\/www.iniciativas3d.com\/tienda-online\/wp-content\/uploads\/2025\/08\/71t0xooaGZL._AC_SL1500_-1024x1022.jpg 1024w, https:\/\/www.iniciativas3d.com\/tienda-online\/wp-content\/uploads\/2025\/08\/71t0xooaGZL._AC_SL1500_-150x150.jpg 150w, https:\/\/www.iniciativas3d.com\/tienda-online\/wp-content\/uploads\/2025\/08\/71t0xooaGZL._AC_SL1500_-768x766.jpg 768w, https:\/\/www.iniciativas3d.com\/tienda-online\/wp-content\/uploads\/2025\/08\/71t0xooaGZL._AC_SL1500_-512x512.jpg 512w, https:\/\/www.iniciativas3d.com\/tienda-online\/wp-content\/uploads\/2025\/08\/71t0xooaGZL._AC_SL1500_-420x420.jpg 420w, https:\/\/www.iniciativas3d.com\/tienda-online\/wp-content\/uploads\/2025\/08\/71t0xooaGZL._AC_SL1500_-75x75.jpg 75w, https:\/\/www.iniciativas3d.com\/tienda-online\/wp-content\/uploads\/2025\/08\/71t0xooaGZL._AC_SL1500_-600x599.jpg 600w, https:\/\/www.iniciativas3d.com\/tienda-online\/wp-content\/uploads\/2025\/08\/71t0xooaGZL._AC_SL1500_-100x100.jpg 100w, https:\/\/www.iniciativas3d.com\/tienda-online\/wp-content\/uploads\/2025\/08\/71t0xooaGZL._AC_SL1500_.jpg 1500w\" sizes=\"auto, (max-width: 300px) 100vw, 300px\" \/><\/div>\n\t\t\t\t\t<div class=\"wc-block-grid__product-title\">Comprar Impresora 3D Luocute para principiantes al mejor precio<\/div>\n\t\t\t\t<\/a>\n\t\t\t\t\n\t\t\t\t<div class=\"wc-block-grid__product-price price\"><span class=\"woocommerce-Price-amount amount\"><bdi><span class=\"woocommerce-Price-currencySymbol\">&euro;<\/span>130,95<\/bdi><\/span><\/div>\n\t\t\t\t\n\t\t\t\t<div class=\"wp-block-button wc-block-grid__product-add-to-cart\"><a href=\"https:\/\/amzn.to\/41IPuTm\" aria-label=\"Comprar en Amazon\" data-quantity=\"1\" data-product_id=\"425\" data-product_sku=\"\" rel=\"nofollow\" class=\"wp-block-button__link add_to_cart_button\">Comprar en Amazon<\/a><\/div>\n\t\t\t<\/li><li class=\"wc-block-grid__product\">\n\t\t\t\t<a href=\"https:\/\/www.iniciativas3d.com\/tienda-online\/product\/comprar-impresora-3d-ideaformer-ir3-v2-con-cinta-transportadora-al-mejor-precio\/\" class=\"wc-block-grid__product-link\">\n\t\t\t\t\t<div class=\"wc-block-grid__product-image\"><img loading=\"lazy\" decoding=\"async\" width=\"300\" height=\"300\" src=\"https:\/\/www.iniciativas3d.com\/tienda-online\/wp-content\/uploads\/2025\/08\/71TbCj9YxqL._AC_SL1500_-300x300.jpg\" class=\"attachment-woocommerce_thumbnail size-woocommerce_thumbnail\" alt=\"\" srcset=\"https:\/\/www.iniciativas3d.com\/tienda-online\/wp-content\/uploads\/2025\/08\/71TbCj9YxqL._AC_SL1500_-300x300.jpg 300w, https:\/\/www.iniciativas3d.com\/tienda-online\/wp-content\/uploads\/2025\/08\/71TbCj9YxqL._AC_SL1500_-150x150.jpg 150w, https:\/\/www.iniciativas3d.com\/tienda-online\/wp-content\/uploads\/2025\/08\/71TbCj9YxqL._AC_SL1500_-512x512.jpg 512w, https:\/\/www.iniciativas3d.com\/tienda-online\/wp-content\/uploads\/2025\/08\/71TbCj9YxqL._AC_SL1500_-420x420.jpg 420w, https:\/\/www.iniciativas3d.com\/tienda-online\/wp-content\/uploads\/2025\/08\/71TbCj9YxqL._AC_SL1500_-75x75.jpg 75w, https:\/\/www.iniciativas3d.com\/tienda-online\/wp-content\/uploads\/2025\/08\/71TbCj9YxqL._AC_SL1500_-100x100.jpg 100w\" sizes=\"auto, (max-width: 300px) 100vw, 300px\" \/><\/div>\n\t\t\t\t\t<div class=\"wc-block-grid__product-title\">Comprar Impresora 3d IdeaFormer IR3 V2 con cinta transportadora al mejor precio<\/div>\n\t\t\t\t<\/a>\n\t\t\t\t\n\t\t\t\t<div class=\"wc-block-grid__product-price price\"><span class=\"woocommerce-Price-amount amount\"><bdi><span class=\"woocommerce-Price-currencySymbol\">&euro;<\/span>1.071,99<\/bdi><\/span><\/div>\n\t\t\t\t\n\t\t\t\t<div class=\"wp-block-button wc-block-grid__product-add-to-cart\"><a href=\"https:\/\/amzn.to\/4ouYpBI\" aria-label=\"Comprar en Amazon\" data-quantity=\"1\" data-product_id=\"419\" data-product_sku=\"\" rel=\"nofollow\" class=\"wp-block-button__link add_to_cart_button\">Comprar en Amazon<\/a><\/div>\n\t\t\t<\/li><li class=\"wc-block-grid__product\">\n\t\t\t\t<a href=\"https:\/\/www.iniciativas3d.com\/tienda-online\/product\/comprar-mini-impresora-3d-para-principiantes-al-mejor-precio\/\" class=\"wc-block-grid__product-link\">\n\t\t\t\t\t<div class=\"wc-block-grid__product-image\"><img loading=\"lazy\" decoding=\"async\" width=\"300\" height=\"300\" src=\"https:\/\/www.iniciativas3d.com\/tienda-online\/wp-content\/uploads\/2022\/12\/61Sg0gtAyuL._AC_SX569_-300x300.jpg\" class=\"attachment-woocommerce_thumbnail size-woocommerce_thumbnail\" alt=\"\" \/><\/div>\n\t\t\t\t\t<div class=\"wc-block-grid__product-title\">Comprar Mini Impresora 3D para principiantes al mejor precio<\/div>\n\t\t\t\t<\/a>\n\t\t\t\t\n\t\t\t\t<div class=\"wc-block-grid__product-price price\"><span class=\"woocommerce-Price-amount amount\"><bdi><span class=\"woocommerce-Price-currencySymbol\">&euro;<\/span>89,99<\/bdi><\/span><\/div>\n\t\t\t\t\n\t\t\t\t<div class=\"wp-block-button wc-block-grid__product-add-to-cart\"><a href=\"https:\/\/amzn.to\/3F9YKUy\" aria-label=\"Comprar en Amazon\" data-quantity=\"1\" data-product_id=\"128\" data-product_sku=\"\" rel=\"nofollow\" class=\"wp-block-button__link add_to_cart_button\">Comprar en Amazon<\/a><\/div>\n\t\t\t<\/li><li class=\"wc-block-grid__product\">\n\t\t\t\t<a href=\"https:\/\/www.iniciativas3d.com\/tienda-online\/product\/comprar-wonder-workshop-da01-robot-educativo-para-ninos-al-mejor-precio\/\" class=\"wc-block-grid__product-link\">\n\t\t\t\t\t<div class=\"wc-block-grid__product-image\"><img loading=\"lazy\" decoding=\"async\" width=\"300\" height=\"300\" src=\"https:\/\/www.iniciativas3d.com\/tienda-online\/wp-content\/uploads\/2022\/08\/61T0ijwR9RL._AC_SX522_-300x300.jpg\" class=\"attachment-woocommerce_thumbnail size-woocommerce_thumbnail\" alt=\"\" \/><\/div>\n\t\t\t\t\t<div class=\"wc-block-grid__product-title\">Comprar wonder workshop-da01 robot inteligente educativo para ni\u00f1os al mejor precio<\/div>\n\t\t\t\t<\/a>\n\t\t\t\t\n\t\t\t\t<div class=\"wc-block-grid__product-price price\"><span class=\"woocommerce-Price-amount amount\"><bdi><span class=\"woocommerce-Price-currencySymbol\">&euro;<\/span>161,14<\/bdi><\/span><\/div>\n\t\t\t\t\n\t\t\t\t<div class=\"wp-block-button wc-block-grid__product-add-to-cart\"><a href=\"https:\/\/amzn.to\/3Jvv7yX\" aria-label=\"Comprar en Amazon\" data-quantity=\"1\" data-product_id=\"125\" data-product_sku=\"\" rel=\"nofollow\" class=\"wp-block-button__link add_to_cart_button\">Comprar en Amazon<\/a><\/div>\n\t\t\t<\/li><li class=\"wc-block-grid__product\">\n\t\t\t\t<a href=\"https:\/\/www.iniciativas3d.com\/tienda-online\/product\/comprar-robot-programable-educativo-para-ninos-al-mejor-precio\/\" class=\"wc-block-grid__product-link\">\n\t\t\t\t\t<div class=\"wc-block-grid__product-image\"><img loading=\"lazy\" decoding=\"async\" width=\"300\" height=\"300\" src=\"https:\/\/www.iniciativas3d.com\/tienda-online\/wp-content\/uploads\/2022\/08\/714OYOcugLL._AC_SX569_-300x300.jpg\" class=\"attachment-woocommerce_thumbnail size-woocommerce_thumbnail\" alt=\"\" \/><\/div>\n\t\t\t\t\t<div class=\"wc-block-grid__product-title\">Comprar robot programable educativo para ni\u00f1os al mejor precio<\/div>\n\t\t\t\t<\/a>\n\t\t\t\t\n\t\t\t\t<div class=\"wc-block-grid__product-price price\"><span class=\"woocommerce-Price-amount amount\"><bdi><span class=\"woocommerce-Price-currencySymbol\">&euro;<\/span>25,12<\/bdi><\/span><\/div>\n\t\t\t\t\n\t\t\t\t<div class=\"wp-block-button wc-block-grid__product-add-to-cart\"><a href=\"https:\/\/amzn.to\/3vJkVND\" aria-label=\"Comprar en Amazon\" data-quantity=\"1\" data-product_id=\"123\" data-product_sku=\"\" rel=\"nofollow\" class=\"wp-block-button__link add_to_cart_button\">Comprar en Amazon<\/a><\/div>\n\t\t\t<\/li><li class=\"wc-block-grid__product\">\n\t\t\t\t<a href=\"https:\/\/www.iniciativas3d.com\/tienda-online\/product\/comprar-elegoo-robot-educativo-para-ninos-al-mejor-precio\/\" class=\"wc-block-grid__product-link\">\n\t\t\t\t\t<div class=\"wc-block-grid__product-image\"><img loading=\"lazy\" decoding=\"async\" width=\"300\" height=\"300\" src=\"https:\/\/www.iniciativas3d.com\/tienda-online\/wp-content\/uploads\/2022\/08\/81VAEg0eQS._AC_SX569_-300x300.jpg\" class=\"attachment-woocommerce_thumbnail size-woocommerce_thumbnail\" alt=\"\" \/><\/div>\n\t\t\t\t\t<div class=\"wc-block-grid__product-title\">Comprar Elegoo robot educativo para ni\u00f1os al mejor precio<\/div>\n\t\t\t\t<\/a>\n\t\t\t\t\n\t\t\t\t<div class=\"wc-block-grid__product-price price\"><span class=\"woocommerce-Price-amount amount\"><bdi><span class=\"woocommerce-Price-currencySymbol\">&euro;<\/span>79,99<\/bdi><\/span><\/div>\n\t\t\t\t\n\t\t\t\t<div class=\"wp-block-button wc-block-grid__product-add-to-cart\"><a href=\"https:\/\/amzn.to\/3Oa5wPK\" aria-label=\"Comprar en Amazon\" data-quantity=\"1\" data-product_id=\"121\" data-product_sku=\"\" rel=\"nofollow\" class=\"wp-block-button__link add_to_cart_button\">Comprar en Amazon<\/a><\/div>\n\t\t\t<\/li><li class=\"wc-block-grid__product\">\n\t\t\t\t<a href=\"https:\/\/www.iniciativas3d.com\/tienda-online\/product\/comprar-robot-stem-para-ninos-al-mejor-precio\/\" class=\"wc-block-grid__product-link\">\n\t\t\t\t\t<div class=\"wc-block-grid__product-image\"><img loading=\"lazy\" decoding=\"async\" width=\"300\" height=\"300\" src=\"https:\/\/www.iniciativas3d.com\/tienda-online\/wp-content\/uploads\/2022\/08\/61B1HJQoetL._AC_SX569_.jpg\" class=\"attachment-woocommerce_thumbnail size-woocommerce_thumbnail\" alt=\"\" \/><\/div>\n\t\t\t\t\t<div class=\"wc-block-grid__product-title\">Comprar robot stem para ni\u00f1os al mejor precio<\/div>\n\t\t\t\t<\/a>\n\t\t\t\t\n\t\t\t\t<div class=\"wc-block-grid__product-price price\"><span class=\"woocommerce-Price-amount amount\"><bdi><span class=\"woocommerce-Price-currencySymbol\">&euro;<\/span>18,69<\/bdi><\/span><\/div>\n\t\t\t\t\n\t\t\t\t<div class=\"wp-block-button wc-block-grid__product-add-to-cart\"><a href=\"https:\/\/amzn.to\/3JRQ5cI\" aria-label=\"Comprar en Amazon\" data-quantity=\"1\" data-product_id=\"117\" data-product_sku=\"\" rel=\"nofollow\" class=\"wp-block-button__link add_to_cart_button\">Comprar en Amazon<\/a><\/div>\n\t\t\t<\/li><li class=\"wc-block-grid__product\">\n\t\t\t\t<a href=\"https:\/\/www.iniciativas3d.com\/tienda-online\/product\/comprar-filamento-pla-para-lapiz-de-impresora-3d-al-mejor-precio-copia\/\" class=\"wc-block-grid__product-link\">\n\t\t\t\t\t<div class=\"wc-block-grid__product-image\"><img loading=\"lazy\" decoding=\"async\" width=\"300\" height=\"300\" src=\"https:\/\/www.iniciativas3d.com\/tienda-online\/wp-content\/uploads\/2022\/08\/71wI0ePzXbL._AC_SX679_-300x300.jpg\" class=\"attachment-woocommerce_thumbnail size-woocommerce_thumbnail\" alt=\"\" \/><\/div>\n\t\t\t\t\t<div class=\"wc-block-grid__product-title\">Comprar Filamento PLA para l\u00e1piz impresora 3D al mejor precio<\/div>\n\t\t\t\t<\/a>\n\t\t\t\t\n\t\t\t\t<div class=\"wc-block-grid__product-price price\"><span class=\"woocommerce-Price-amount amount\"><bdi><span class=\"woocommerce-Price-currencySymbol\">&euro;<\/span>20,99<\/bdi><\/span><\/div>\n\t\t\t\t\n\t\t\t\t<div class=\"wp-block-button wc-block-grid__product-add-to-cart\"><a href=\"https:\/\/amzn.to\/44hNroB\" aria-label=\"Comprar en Amazon\" data-quantity=\"1\" data-product_id=\"102\" data-product_sku=\"\" rel=\"nofollow\" class=\"wp-block-button__link add_to_cart_button\">Comprar en Amazon<\/a><\/div>\n\t\t\t<\/li><li class=\"wc-block-grid__product\">\n\t\t\t\t<a href=\"https:\/\/www.iniciativas3d.com\/tienda-online\/product\/comprar-dolyuu-plantilla-lapiz-impresora-3d-al-mejor-precio\/\" class=\"wc-block-grid__product-link\">\n\t\t\t\t\t<div class=\"wc-block-grid__product-image\"><img loading=\"lazy\" decoding=\"async\" width=\"300\" height=\"300\" src=\"https:\/\/www.iniciativas3d.com\/tienda-online\/wp-content\/uploads\/2022\/08\/71oFl60bY5L._AC_SX355_-300x300.jpg\" class=\"attachment-woocommerce_thumbnail size-woocommerce_thumbnail\" alt=\"\" \/><\/div>\n\t\t\t\t\t<div class=\"wc-block-grid__product-title\">Comprar DOLYUU Plantilla para l\u00e1piz de impresora 3D al mejor precio<\/div>\n\t\t\t\t<\/a>\n\t\t\t\t\n\t\t\t\t<div class=\"wc-block-grid__product-price price\"><span class=\"woocommerce-Price-amount amount\"><bdi><span class=\"woocommerce-Price-currencySymbol\">&euro;<\/span>19,99<\/bdi><\/span><\/div>\n\t\t\t\t\n\t\t\t\t<div class=\"wp-block-button wc-block-grid__product-add-to-cart\"><a href=\"https:\/\/amzn.to\/3A1tiXu\" aria-label=\"Comprar en Amazon\" data-quantity=\"1\" data-product_id=\"100\" data-product_sku=\"\" rel=\"nofollow\" class=\"wp-block-button__link add_to_cart_button\">Comprar en Amazon<\/a><\/div>\n\t\t\t<\/li><\/ul><\/div>\n<\/div><\/div>\n\n\n\n<h2 class=\"wp-block-heading\">Ventajas de usar kits y accesorios para impresoras 3D<\/h2>\n\n\n\n<ol class=\"wp-block-list\">\n<li><strong>Mejora de rendimiento<\/strong>: Los kits y accesorios pueden mejorar el rendimiento de tu impresora 3D al proporcionar mejoras en \u00e1reas como la velocidad de impresi\u00f3n, la calidad de impresi\u00f3n y la estabilidad.<\/li>\n\n\n\n<li><strong>Personalizaci\u00f3n<\/strong>: Los kits y accesorios permiten personalizar tu impresora 3D seg\u00fan tus necesidades y preferencias, agregando funcionalidades adicionales o adapt\u00e1ndola a proyectos espec\u00edficos.<\/li>\n\n\n\n<li><strong>Reparaciones y mantenimiento<\/strong>: Los kits y accesorios incluyen herramientas y piezas de repuesto que te permiten realizar reparaciones y mantenimiento en tu impresora 3D, lo que prolonga su vida \u00fatil y evita interrupciones en la producci\u00f3n.<\/li>\n\n\n\n<li><strong>Ampliaci\u00f3n de capacidades<\/strong>: Al agregar kits y accesorios, puedes ampliar las capacidades de tu impresora 3D, como agregar extrusores adicionales para impresiones multicolores o multimatrices, o incluso actualizar a nuevos sistemas de extrusi\u00f3n.<\/li>\n\n\n\n<li><strong>Optimizaci\u00f3n de filamentos<\/strong>: Algunos accesorios, como los sistemas de alimentaci\u00f3n de filamentos, pueden optimizar el flujo y la alimentaci\u00f3n del filamento, lo que reduce el riesgo de obstrucciones y mejora la calidad de impresi\u00f3n.<\/li>\n\n\n\n<li><strong>Experimentaci\u00f3n y aprendizaje<\/strong>: Los kits y accesorios te brindan la oportunidad de experimentar y aprender sobre diferentes aspectos de la impresi\u00f3n 3D, desde la calibraci\u00f3n y ajuste fino hasta la exploraci\u00f3n de nuevas t\u00e9cnicas y materiales.<\/li>\n<\/ol>\n","protected":false},"excerpt":{"rendered":"<p>Explora nuestra amplia selecci\u00f3n de kits y accesorios para impresoras 3D, dise\u00f1ados para mejorar y personalizar tu experiencia de impresi\u00f3n. Encuentra desde boquillas y camas de impresi\u00f3n hasta kits de actualizaci\u00f3n y herramientas indispensables para potenciar tus capacidades de fabricaci\u00f3n aditiva. Kits y accesorios para impresoras 3D Ventajas de usar&hellip; <\/p>\n","protected":false},"author":1,"featured_media":0,"parent":0,"menu_order":0,"comment_status":"closed","ping_status":"closed","template":"","meta":{"footnotes":""},"class_list":["post-342","page","type-page","status-publish","hentry"],"_links":{"self":[{"href":"https:\/\/www.iniciativas3d.com\/tienda-online\/wp-json\/wp\/v2\/pages\/342","targetHints":{"allow":["GET"]}}],"collection":[{"href":"https:\/\/www.iniciativas3d.com\/tienda-online\/wp-json\/wp\/v2\/pages"}],"about":[{"href":"https:\/\/www.iniciativas3d.com\/tienda-online\/wp-json\/wp\/v2\/types\/page"}],"author":[{"embeddable":true,"href":"https:\/\/www.iniciativas3d.com\/tienda-online\/wp-json\/wp\/v2\/users\/1"}],"replies":[{"embeddable":true,"href":"https:\/\/www.iniciativas3d.com\/tienda-online\/wp-json\/wp\/v2\/comments?post=342"}],"version-history":[{"count":4,"href":"https:\/\/www.iniciativas3d.com\/tienda-online\/wp-json\/wp\/v2\/pages\/342\/revisions"}],"predecessor-version":[{"id":402,"href":"https:\/\/www.iniciativas3d.com\/tienda-online\/wp-json\/wp\/v2\/pages\/342\/revisions\/402"}],"wp:attachment":[{"href":"https:\/\/www.iniciativas3d.com\/tienda-online\/wp-json\/wp\/v2\/media?parent=342"}],"curies":[{"name":"wp","href":"https:\/\/api.w.org\/{rel}","templated":true}]}}