{"id":338,"date":"2023-05-21T12:51:43","date_gmt":"2023-05-21T11:51:43","guid":{"rendered":"https:\/\/www.iniciativas3d.com\/tienda-online\/?page_id=338"},"modified":"2023-07-11T13:13:29","modified_gmt":"2023-07-11T12:13:29","slug":"resinas-para-impresoras-3d","status":"publish","type":"page","link":"https:\/\/www.iniciativas3d.com\/tienda-online\/resinas-para-impresoras-3d\/","title":{"rendered":"Resinas para impresoras 3D"},"content":{"rendered":"\n<p>Descubre nuestra variedad de resinas para impresoras 3D, ideales para lograr impresiones de alta precisi\u00f3n y detalles incre\u00edbles. Encuentra resinas de calidad en una amplia gama de colores y propiedades para satisfacer tus necesidades de fabricaci\u00f3n aditiva.<\/p>\n\n\n\n<h2 class=\"wp-block-heading\">Resinas para impresoras 3D m\u00e1s vendidas<\/h2>\n\n\n\n<iframe class=\"adsFrame\"  sandbox=\"allow-popups allow-scripts allow-modals allow-forms allow-same-origin\" style=\"width:120px;height:240px;\" marginwidth=\"0\" marginheight=\"0\" scrolling=\"no\" frameborder=\"0\" src=\"\/\/rcm-eu.amazon-adsystem.com\/e\/cm?lt1=_blank&#038;bc1=000000&#038;IS2=1&#038;bg1=FFFFFF&#038;fc1=000000&#038;lc1=0000FF&#038;t=iniciativas3d-21&#038;language=es_ES&#038;o=30&#038;p=8&#038;l=as4&#038;m=amazon&#038;f=ifr&#038;ref=as_ss_li_til&#038;asins=B07Z9BLKC1&#038;linkId=45454d610f68302159718a0699ced5ee\"><\/iframe>\n\n<iframe sandbox=\"allow-popups allow-scripts allow-modals allow-forms allow-same-origin\" style=\"width:120px;height:240px;\" marginwidth=\"0\" marginheight=\"0\" scrolling=\"no\" frameborder=\"0\" src=\"\/\/rcm-eu.amazon-adsystem.com\/e\/cm?lt1=_blank&#038;bc1=000000&#038;IS2=1&#038;bg1=FFFFFF&#038;fc1=000000&#038;lc1=0000FF&#038;t=iniciativas3d-21&#038;language=es_ES&#038;o=30&#038;p=8&#038;l=as4&#038;m=amazon&#038;f=ifr&#038;ref=as_ss_li_til&#038;asins=B0B8VRGDF4&#038;linkId=62c4ae634d8f5bafff2e83c57a7ccce5\"><\/iframe>\n\n<iframe sandbox=\"allow-popups allow-scripts allow-modals allow-forms allow-same-origin\" style=\"width:120px;height:240px;\" marginwidth=\"0\" marginheight=\"0\" scrolling=\"no\" frameborder=\"0\" src=\"\/\/rcm-eu.amazon-adsystem.com\/e\/cm?lt1=_blank&#038;bc1=000000&#038;IS2=1&#038;bg1=FFFFFF&#038;fc1=000000&#038;lc1=0000FF&#038;t=iniciativas3d-21&#038;language=es_ES&#038;o=30&#038;p=8&#038;l=as4&#038;m=amazon&#038;f=ifr&#038;ref=as_ss_li_til&#038;asins=B0B938385B&#038;linkId=108ff6f851083b7ae15e4dcdd18f9fae\"><\/iframe>\n\n<iframe sandbox=\"allow-popups allow-scripts allow-modals allow-forms allow-same-origin\" style=\"width:120px;height:240px;\" marginwidth=\"0\" marginheight=\"0\" scrolling=\"no\" frameborder=\"0\" src=\"\/\/rcm-eu.amazon-adsystem.com\/e\/cm?lt1=_blank&#038;bc1=000000&#038;IS2=1&#038;bg1=FFFFFF&#038;fc1=000000&#038;lc1=0000FF&#038;t=iniciativas3d-21&#038;language=es_ES&#038;o=30&#038;p=8&#038;l=as4&#038;m=amazon&#038;f=ifr&#038;ref=as_ss_li_til&#038;asins=B0BHT9RZM4&#038;linkId=37403f1896c4f690fef19f7687c9dea1\"><\/iframe>\n\n<iframe sandbox=\"allow-popups allow-scripts allow-modals allow-forms allow-same-origin\" style=\"width:120px;height:240px;\" marginwidth=\"0\" marginheight=\"0\" scrolling=\"no\" frameborder=\"0\" src=\"\/\/rcm-eu.amazon-adsystem.com\/e\/cm?lt1=_blank&#038;bc1=000000&#038;IS2=1&#038;bg1=FFFFFF&#038;fc1=000000&#038;lc1=0000FF&#038;t=iniciativas3d-21&#038;language=es_ES&#038;o=30&#038;p=8&#038;l=as4&#038;m=amazon&#038;f=ifr&#038;ref=as_ss_li_til&#038;asins=B0B938385B&#038;linkId=0edce93a574921e6a4be7bf6a36bf0ef\"><\/iframe>\n\n<iframe sandbox=\"allow-popups allow-scripts allow-modals allow-forms allow-same-origin\" style=\"width:120px;height:240px;\" marginwidth=\"0\" marginheight=\"0\" scrolling=\"no\" frameborder=\"0\" src=\"\/\/rcm-eu.amazon-adsystem.com\/e\/cm?lt1=_blank&#038;bc1=000000&#038;IS2=1&#038;bg1=FFFFFF&#038;fc1=000000&#038;lc1=0000FF&#038;t=iniciativas3d-21&#038;language=es_ES&#038;o=30&#038;p=8&#038;l=as4&#038;m=amazon&#038;f=ifr&#038;ref=as_ss_li_til&#038;asins=B0BP6HHWM3&#038;linkId=f1f58604027bce461b4749ea3325fe3a\"><\/iframe>\n\n<iframe sandbox=\"allow-popups allow-scripts allow-modals allow-forms allow-same-origin\" style=\"width:120px;height:240px;\" marginwidth=\"0\" marginheight=\"0\" scrolling=\"no\" frameborder=\"0\" src=\"\/\/rcm-eu.amazon-adsystem.com\/e\/cm?lt1=_blank&#038;bc1=000000&#038;IS2=1&#038;bg1=FFFFFF&#038;fc1=000000&#038;lc1=0000FF&#038;t=iniciativas3d-21&#038;language=es_ES&#038;o=30&#038;p=8&#038;l=as4&#038;m=amazon&#038;f=ifr&#038;ref=as_ss_li_til&#038;asins=B092MZRW5T&#038;linkId=a46be45aa1c67708a70a8d0a7c5acacf\"><\/iframe>\n\n<iframe sandbox=\"allow-popups allow-scripts allow-modals allow-forms allow-same-origin\" style=\"width:120px;height:240px;\" marginwidth=\"0\" marginheight=\"0\" scrolling=\"no\" frameborder=\"0\" src=\"\/\/rcm-eu.amazon-adsystem.com\/e\/cm?lt1=_blank&#038;bc1=000000&#038;IS2=1&#038;bg1=FFFFFF&#038;fc1=000000&#038;lc1=0000FF&#038;t=iniciativas3d-21&#038;language=es_ES&#038;o=30&#038;p=8&#038;l=as4&#038;m=amazon&#038;f=ifr&#038;ref=as_ss_li_til&#038;asins=B07Z9796NK&#038;linkId=e18c00c78ad9ceda344587c160c79312\"><\/iframe>\n\n<iframe sandbox=\"allow-popups allow-scripts allow-modals allow-forms allow-same-origin\" style=\"width:120px;height:240px;\" marginwidth=\"0\" marginheight=\"0\" scrolling=\"no\" frameborder=\"0\" src=\"\/\/rcm-eu.amazon-adsystem.com\/e\/cm?lt1=_blank&#038;bc1=000000&#038;IS2=1&#038;bg1=FFFFFF&#038;fc1=000000&#038;lc1=0000FF&#038;t=iniciativas3d-21&#038;language=es_ES&#038;o=30&#038;p=8&#038;l=as4&#038;m=amazon&#038;f=ifr&#038;ref=as_ss_li_til&#038;asins=B07FF1HKNL&#038;linkId=572e515e2d693129f6b4ef31aee97115\"><\/iframe>\n\n<iframe sandbox=\"allow-popups allow-scripts allow-modals allow-forms allow-same-origin\" style=\"width:120px;height:240px;\" marginwidth=\"0\" marginheight=\"0\" scrolling=\"no\" frameborder=\"0\" src=\"\/\/rcm-eu.amazon-adsystem.com\/e\/cm?lt1=_blank&#038;bc1=000000&#038;IS2=1&#038;bg1=FFFFFF&#038;fc1=000000&#038;lc1=0000FF&#038;t=iniciativas3d-21&#038;language=es_ES&#038;o=30&#038;p=8&#038;l=as4&#038;m=amazon&#038;f=ifr&#038;ref=as_ss_li_til&#038;asins=B09WMMD6KK&#038;linkId=d049d53e434c27f15f694c04049c31f9\"><\/iframe>\n\n<iframe sandbox=\"allow-popups allow-scripts allow-modals allow-forms allow-same-origin\" style=\"width:120px;height:240px;\" marginwidth=\"0\" marginheight=\"0\" scrolling=\"no\" frameborder=\"0\" src=\"\/\/rcm-eu.amazon-adsystem.com\/e\/cm?lt1=_blank&#038;bc1=000000&#038;IS2=1&#038;bg1=FFFFFF&#038;fc1=000000&#038;lc1=0000FF&#038;t=iniciativas3d-21&#038;language=es_ES&#038;o=30&#038;p=8&#038;l=as4&#038;m=amazon&#038;f=ifr&#038;ref=as_ss_li_til&#038;asins=B07XPM32JR&#038;linkId=aa93b510bc12467035e1b73dd4f872f9\"><\/iframe>\n\n<iframe sandbox=\"allow-popups allow-scripts allow-modals allow-forms allow-same-origin\" style=\"width:120px;height:240px;\" marginwidth=\"0\" marginheight=\"0\" scrolling=\"no\" frameborder=\"0\" src=\"\/\/rcm-eu.amazon-adsystem.com\/e\/cm?lt1=_blank&#038;bc1=000000&#038;IS2=1&#038;bg1=FFFFFF&#038;fc1=000000&#038;lc1=0000FF&#038;t=iniciativas3d-21&#038;language=es_ES&#038;o=30&#038;p=8&#038;l=as4&#038;m=amazon&#038;f=ifr&#038;ref=as_ss_li_til&#038;asins=B08XQN5HHD&#038;linkId=42546abb10cc4fad50ed2e1aa5d3ac55\"><\/iframe>\n\n\n\n<div class=\"wp-block-group alternativeAds\" style=\"display:none\"><div class=\"wp-block-group__inner-container is-layout-constrained wp-block-group-is-layout-constrained\">\n<div class=\"wc-block-grid wp-block-product-category wc-block-product-category has-3-columns has-multiple-rows\"><ul class=\"wc-block-grid__products\"><li class=\"wc-block-grid__product\">\n\t\t\t\t<a href=\"https:\/\/www.iniciativas3d.com\/tienda-online\/product\/comprar-resina-antinsky-modelo-dental-para-impresora-3d-al-mejor-precio\/\" class=\"wc-block-grid__product-link\">\n\t\t\t\t\t<div class=\"wc-block-grid__product-image\"><img loading=\"lazy\" decoding=\"async\" width=\"300\" height=\"300\" src=\"https:\/\/www.iniciativas3d.com\/tienda-online\/wp-content\/uploads\/2025\/08\/61x2KmVDL._SL1500_-300x300.jpg\" class=\"attachment-woocommerce_thumbnail size-woocommerce_thumbnail\" alt=\"\" srcset=\"https:\/\/www.iniciativas3d.com\/tienda-online\/wp-content\/uploads\/2025\/08\/61x2KmVDL._SL1500_-300x300.jpg 300w, https:\/\/www.iniciativas3d.com\/tienda-online\/wp-content\/uploads\/2025\/08\/61x2KmVDL._SL1500_-1024x1024.jpg 1024w, https:\/\/www.iniciativas3d.com\/tienda-online\/wp-content\/uploads\/2025\/08\/61x2KmVDL._SL1500_-150x150.jpg 150w, https:\/\/www.iniciativas3d.com\/tienda-online\/wp-content\/uploads\/2025\/08\/61x2KmVDL._SL1500_-768x768.jpg 768w, https:\/\/www.iniciativas3d.com\/tienda-online\/wp-content\/uploads\/2025\/08\/61x2KmVDL._SL1500_-512x512.jpg 512w, https:\/\/www.iniciativas3d.com\/tienda-online\/wp-content\/uploads\/2025\/08\/61x2KmVDL._SL1500_-420x420.jpg 420w, https:\/\/www.iniciativas3d.com\/tienda-online\/wp-content\/uploads\/2025\/08\/61x2KmVDL._SL1500_-75x75.jpg 75w, https:\/\/www.iniciativas3d.com\/tienda-online\/wp-content\/uploads\/2025\/08\/61x2KmVDL._SL1500_-600x600.jpg 600w, https:\/\/www.iniciativas3d.com\/tienda-online\/wp-content\/uploads\/2025\/08\/61x2KmVDL._SL1500_-100x100.jpg 100w, https:\/\/www.iniciativas3d.com\/tienda-online\/wp-content\/uploads\/2025\/08\/61x2KmVDL._SL1500_.jpg 1500w\" sizes=\"auto, (max-width: 300px) 100vw, 300px\" \/><\/div>\n\t\t\t\t\t<div class=\"wc-block-grid__product-title\">Comprar Resina Antinsky Modelo Dental para impresora 3D al mejor precio<\/div>\n\t\t\t\t<\/a>\n\t\t\t\t\n\t\t\t\t<div class=\"wc-block-grid__product-price price\"><span class=\"woocommerce-Price-amount amount\"><bdi><span class=\"woocommerce-Price-currencySymbol\">&euro;<\/span>53,00<\/bdi><\/span><\/div>\n\t\t\t\t\n\t\t\t\t<div class=\"wp-block-button wc-block-grid__product-add-to-cart\"><a href=\"https:\/\/amzn.to\/45QEJAW\" aria-label=\"Comprar en Amazon\" data-quantity=\"1\" data-product_id=\"423\" data-product_sku=\"\" rel=\"nofollow\" class=\"wp-block-button__link add_to_cart_button\">Comprar en Amazon<\/a><\/div>\n\t\t\t<\/li><li class=\"wc-block-grid__product\">\n\t\t\t\t<a href=\"https:\/\/www.iniciativas3d.com\/tienda-online\/product\/comprar-resina-anycubic-tough-2-para-impresora-3d-al-mejor-precio\/\" class=\"wc-block-grid__product-link\">\n\t\t\t\t\t<div class=\"wc-block-grid__product-image\"><img loading=\"lazy\" decoding=\"async\" width=\"300\" height=\"300\" src=\"https:\/\/www.iniciativas3d.com\/tienda-online\/wp-content\/uploads\/2025\/08\/61QPI7P5iL._AC_SL1500_-300x300.jpg\" class=\"attachment-woocommerce_thumbnail size-woocommerce_thumbnail\" alt=\"\" srcset=\"https:\/\/www.iniciativas3d.com\/tienda-online\/wp-content\/uploads\/2025\/08\/61QPI7P5iL._AC_SL1500_-300x300.jpg 300w, https:\/\/www.iniciativas3d.com\/tienda-online\/wp-content\/uploads\/2025\/08\/61QPI7P5iL._AC_SL1500_-150x150.jpg 150w, https:\/\/www.iniciativas3d.com\/tienda-online\/wp-content\/uploads\/2025\/08\/61QPI7P5iL._AC_SL1500_-512x512.jpg 512w, https:\/\/www.iniciativas3d.com\/tienda-online\/wp-content\/uploads\/2025\/08\/61QPI7P5iL._AC_SL1500_-420x420.jpg 420w, https:\/\/www.iniciativas3d.com\/tienda-online\/wp-content\/uploads\/2025\/08\/61QPI7P5iL._AC_SL1500_-75x75.jpg 75w, https:\/\/www.iniciativas3d.com\/tienda-online\/wp-content\/uploads\/2025\/08\/61QPI7P5iL._AC_SL1500_-100x100.jpg 100w\" sizes=\"auto, (max-width: 300px) 100vw, 300px\" \/><\/div>\n\t\t\t\t\t<div class=\"wc-block-grid__product-title\">Comprar Resina ANYCUBIC Tough 2.0 para impresora 3D al mejor precio<\/div>\n\t\t\t\t<\/a>\n\t\t\t\t\n\t\t\t\t<div class=\"wc-block-grid__product-price price\"><span class=\"woocommerce-Price-amount amount\"><bdi><span class=\"woocommerce-Price-currencySymbol\">&euro;<\/span>45,89<\/bdi><\/span><\/div>\n\t\t\t\t\n\t\t\t\t<div class=\"wp-block-button wc-block-grid__product-add-to-cart\"><a href=\"https:\/\/amzn.to\/45l8pWH\" aria-label=\"Comprar en Amazon\" data-quantity=\"1\" data-product_id=\"421\" data-product_sku=\"\" rel=\"nofollow\" class=\"wp-block-button__link add_to_cart_button\">Comprar en Amazon<\/a><\/div>\n\t\t\t<\/li><li class=\"wc-block-grid__product\">\n\t\t\t\t<a href=\"https:\/\/www.iniciativas3d.com\/tienda-online\/product\/comprar-resina-anycubic-para-impresora-3d-al-mejor-precio\/\" class=\"wc-block-grid__product-link\">\n\t\t\t\t\t<div class=\"wc-block-grid__product-image\"><img loading=\"lazy\" decoding=\"async\" width=\"300\" height=\"300\" src=\"https:\/\/www.iniciativas3d.com\/tienda-online\/wp-content\/uploads\/2022\/12\/6193s-uW9GL._SX466_.jpg\" class=\"attachment-woocommerce_thumbnail size-woocommerce_thumbnail\" alt=\"\" \/><\/div>\n\t\t\t\t\t<div class=\"wc-block-grid__product-title\">Comprar Resina ANYCUBIC para impresora 3D al mejor precio<\/div>\n\t\t\t\t<\/a>\n\t\t\t\t\n\t\t\t\t<div class=\"wc-block-grid__product-price price\"><span class=\"woocommerce-Price-amount amount\"><bdi><span class=\"woocommerce-Price-currencySymbol\">&euro;<\/span>22,79<\/bdi><\/span><\/div>\n\t\t\t\t\n\t\t\t\t<div class=\"wp-block-button wc-block-grid__product-add-to-cart\"><a href=\"https:\/\/amzn.to\/3FxQi34\" aria-label=\"Comprar en Amazon\" data-quantity=\"1\" data-product_id=\"135\" data-product_sku=\"\" rel=\"nofollow\" class=\"wp-block-button__link add_to_cart_button\">Comprar en Amazon<\/a><\/div>\n\t\t\t<\/li><li class=\"wc-block-grid__product\">\n\t\t\t\t<a href=\"https:\/\/www.iniciativas3d.com\/tienda-online\/product\/comprar-resina-sunlu-para-impresora-3d-al-mejor-precio\/\" class=\"wc-block-grid__product-link\">\n\t\t\t\t\t<div class=\"wc-block-grid__product-image\"><img loading=\"lazy\" decoding=\"async\" width=\"300\" height=\"300\" src=\"https:\/\/www.iniciativas3d.com\/tienda-online\/wp-content\/uploads\/2022\/12\/71bcwUzxnxL._SX466_.jpg\" class=\"attachment-woocommerce_thumbnail size-woocommerce_thumbnail\" alt=\"\" \/><\/div>\n\t\t\t\t\t<div class=\"wc-block-grid__product-title\">Comprar Resina SUNLU para impresora 3D al mejor precio<\/div>\n\t\t\t\t<\/a>\n\t\t\t\t\n\t\t\t\t<div class=\"wc-block-grid__product-price price\"><span class=\"woocommerce-Price-amount amount\"><bdi><span class=\"woocommerce-Price-currencySymbol\">&euro;<\/span>40,79<\/bdi><\/span><\/div>\n\t\t\t\t\n\t\t\t\t<div class=\"wp-block-button wc-block-grid__product-add-to-cart\"><a href=\"https:\/\/amzn.to\/3HeYd6o\" aria-label=\"Comprar en Amazon\" data-quantity=\"1\" data-product_id=\"133\" data-product_sku=\"\" rel=\"nofollow\" class=\"wp-block-button__link add_to_cart_button\">Comprar en Amazon<\/a><\/div>\n\t\t\t<\/li><li class=\"wc-block-grid__product\">\n\t\t\t\t<a href=\"https:\/\/www.iniciativas3d.com\/tienda-online\/product\/comprar-resina-para-impresora-3d-al-mejor-precio\/\" class=\"wc-block-grid__product-link\">\n\t\t\t\t\t<div class=\"wc-block-grid__product-image\"><img loading=\"lazy\" decoding=\"async\" width=\"300\" height=\"300\" src=\"https:\/\/www.iniciativas3d.com\/tienda-online\/wp-content\/uploads\/2022\/12\/61RvTtp0lvL._SX466_.jpg\" class=\"attachment-woocommerce_thumbnail size-woocommerce_thumbnail\" alt=\"\" \/><\/div>\n\t\t\t\t\t<div class=\"wc-block-grid__product-title\">Comprar Resina para impresora 3D al mejor precio<\/div>\n\t\t\t\t<\/a>\n\t\t\t\t\n\t\t\t\t<div class=\"wc-block-grid__product-price price\"><span class=\"woocommerce-Price-amount amount\"><bdi><span class=\"woocommerce-Price-currencySymbol\">&euro;<\/span>15,29<\/bdi><\/span><\/div>\n\t\t\t\t\n\t\t\t\t<div class=\"wp-block-button wc-block-grid__product-add-to-cart\"><a href=\"https:\/\/amzn.to\/3FvbWVq\" aria-label=\"Comprar en Amazon\" data-quantity=\"1\" data-product_id=\"131\" data-product_sku=\"\" rel=\"nofollow\" class=\"wp-block-button__link add_to_cart_button\">Comprar en Amazon<\/a><\/div>\n\t\t\t<\/li><\/ul><\/div>\n<\/div><\/div>\n\n\n\n<h2 class=\"wp-block-heading\">Ventajas de usar resinas para impresoras 3D<\/h2>\n\n\n\n<ol class=\"wp-block-list\">\n<li><strong>Alta precisi\u00f3n y detalles finos<\/strong>: Las resinas para impresoras 3D ofrecen una resoluci\u00f3n y nivel de detalle excepcionales, lo que permite la creaci\u00f3n de objetos con una calidad visual impresionante.<\/li>\n\n\n\n<li><strong>Amplia gama de propiedades<\/strong>: Las resinas est\u00e1n disponibles en diferentes formulaciones para adaptarse a diversas aplicaciones, como resinas est\u00e1ndar, flexibles, resistentes a altas temperaturas, transl\u00facidas, entre otras.<\/li>\n\n\n\n<li><strong>Resistencia y durabilidad<\/strong>: Las impresiones con resina suelen tener una mayor resistencia y durabilidad en comparaci\u00f3n con otros materiales, lo que las hace adecuadas para piezas funcionales o de ingenier\u00eda.<\/li>\n\n\n\n<li><strong>Posibilidad de impresiones complejas<\/strong>: Las resinas l\u00edquidas permiten la impresi\u00f3n de geometr\u00edas complejas, como estructuras delgadas, detalles intrincados y superficies suaves, que son dif\u00edciles de lograr con otros tipos de impresi\u00f3n.<\/li>\n\n\n\n<li><strong>Acabado de alta calidad<\/strong>: Las impresiones con resina tienen un acabado liso y de aspecto profesional directamente desde la impresora, reduciendo la necesidad de postprocesamiento adicional.<\/li>\n\n\n\n<li><strong>Versatilidad en aplicaciones<\/strong>: Las resinas son adecuadas para una amplia gama de aplicaciones, como la creaci\u00f3n de prototipos, joyer\u00eda, odontolog\u00eda, dise\u00f1o de productos, modelado arquitect\u00f3nico, entre otros, lo que las convierte en una opci\u00f3n vers\u00e1til para diversos campos.<\/li>\n<\/ol>\n","protected":false},"excerpt":{"rendered":"<p>Descubre nuestra variedad de resinas para impresoras 3D, ideales para lograr impresiones de alta precisi\u00f3n y detalles incre\u00edbles. Encuentra resinas de calidad en una amplia gama de colores y propiedades para satisfacer tus necesidades de fabricaci\u00f3n aditiva. Resinas para impresoras 3D m\u00e1s vendidas Ventajas de usar resinas para impresoras 3D<\/p>\n","protected":false},"author":1,"featured_media":0,"parent":0,"menu_order":0,"comment_status":"closed","ping_status":"closed","template":"","meta":{"footnotes":""},"class_list":["post-338","page","type-page","status-publish","hentry"],"_links":{"self":[{"href":"https:\/\/www.iniciativas3d.com\/tienda-online\/wp-json\/wp\/v2\/pages\/338","targetHints":{"allow":["GET"]}}],"collection":[{"href":"https:\/\/www.iniciativas3d.com\/tienda-online\/wp-json\/wp\/v2\/pages"}],"about":[{"href":"https:\/\/www.iniciativas3d.com\/tienda-online\/wp-json\/wp\/v2\/types\/page"}],"author":[{"embeddable":true,"href":"https:\/\/www.iniciativas3d.com\/tienda-online\/wp-json\/wp\/v2\/users\/1"}],"replies":[{"embeddable":true,"href":"https:\/\/www.iniciativas3d.com\/tienda-online\/wp-json\/wp\/v2\/comments?post=338"}],"version-history":[{"count":8,"href":"https:\/\/www.iniciativas3d.com\/tienda-online\/wp-json\/wp\/v2\/pages\/338\/revisions"}],"predecessor-version":[{"id":408,"href":"https:\/\/www.iniciativas3d.com\/tienda-online\/wp-json\/wp\/v2\/pages\/338\/revisions\/408"}],"wp:attachment":[{"href":"https:\/\/www.iniciativas3d.com\/tienda-online\/wp-json\/wp\/v2\/media?parent=338"}],"curies":[{"name":"wp","href":"https:\/\/api.w.org\/{rel}","templated":true}]}}