{"id":334,"date":"2023-05-21T12:45:49","date_gmt":"2023-05-21T11:45:49","guid":{"rendered":"https:\/\/www.iniciativas3d.com\/tienda-online\/?page_id=334"},"modified":"2023-07-11T10:49:12","modified_gmt":"2023-07-11T09:49:12","slug":"filamentos-abs-para-impresoras-3d","status":"publish","type":"page","link":"https:\/\/www.iniciativas3d.com\/tienda-online\/filamentos-abs-para-impresoras-3d\/","title":{"rendered":"Filamentos ABS para Impresoras 3D"},"content":{"rendered":"\n<p>Descubre nuestra selecci\u00f3n de filamentos ABS de alta calidad para impresoras 3D, ideales para proyectos que requieren resistencia y durabilidad. Disponibles en una variedad de colores, los filamentos ABS garantizan impresiones s\u00f3lidas y de calidad profesional.<\/p>\n\n\n\n<h2 class=\"wp-block-heading\">Filamentos ABS m\u00e1s vendidos<\/h2>\n\n\n\n<iframe class=\"adsFrame\" sandbox=\"allow-popups allow-scripts allow-modals allow-forms allow-same-origin\" style=\"width:120px;height:240px;\" marginwidth=\"0\" marginheight=\"0\" scrolling=\"no\" frameborder=\"0\" src=\"\/\/rcm-eu.amazon-adsystem.com\/e\/cm?lt1=_blank&#038;bc1=000000&#038;IS2=1&#038;bg1=FFFFFF&#038;fc1=000000&#038;lc1=0000FF&#038;t=iniciativas3d-21&#038;language=es_ES&#038;o=30&#038;p=8&#038;l=as4&#038;m=amazon&#038;f=ifr&#038;ref=as_ss_li_til&#038;asins=B07SYP6JMT&#038;linkId=9d7b83fb7bb841b81420fc0eeda876c5\"><\/iframe>\n\n<iframe sandbox=\"allow-popups allow-scripts allow-modals allow-forms allow-same-origin\" style=\"width:120px;height:240px;\" marginwidth=\"0\" marginheight=\"0\" scrolling=\"no\" frameborder=\"0\" src=\"\/\/rcm-eu.amazon-adsystem.com\/e\/cm?lt1=_blank&#038;bc1=000000&#038;IS2=1&#038;bg1=FFFFFF&#038;fc1=000000&#038;lc1=0000FF&#038;t=iniciativas3d-21&#038;language=es_ES&#038;o=30&#038;p=8&#038;l=as4&#038;m=amazon&#038;f=ifr&#038;ref=as_ss_li_til&#038;asins=B07FQ5MC78&#038;linkId=165f5836cc0ff70ac65e475e8b4468c6\"><\/iframe>\n\n<iframe sandbox=\"allow-popups allow-scripts allow-modals allow-forms allow-same-origin\" style=\"width:120px;height:240px;\" marginwidth=\"0\" marginheight=\"0\" scrolling=\"no\" frameborder=\"0\" src=\"\/\/rcm-eu.amazon-adsystem.com\/e\/cm?lt1=_blank&#038;bc1=000000&#038;IS2=1&#038;bg1=FFFFFF&#038;fc1=000000&#038;lc1=0000FF&#038;t=iniciativas3d-21&#038;language=es_ES&#038;o=30&#038;p=8&#038;l=as4&#038;m=amazon&#038;f=ifr&#038;ref=as_ss_li_til&#038;asins=B0BR9FDVS1&#038;linkId=71c0a07616b98e2286ed79b466d6acfd\"><\/iframe>\n\n<iframe sandbox=\"allow-popups allow-scripts allow-modals allow-forms allow-same-origin\" style=\"width:120px;height:240px;\" marginwidth=\"0\" marginheight=\"0\" scrolling=\"no\" frameborder=\"0\" src=\"\/\/rcm-eu.amazon-adsystem.com\/e\/cm?lt1=_blank&#038;bc1=000000&#038;IS2=1&#038;bg1=FFFFFF&#038;fc1=000000&#038;lc1=0000FF&#038;t=iniciativas3d-21&#038;language=es_ES&#038;o=30&#038;p=8&#038;l=as4&#038;m=amazon&#038;f=ifr&#038;ref=as_ss_li_til&#038;asins=B0BHNT8KRT&#038;linkId=685177868c59ef589b780029d3258839\"><\/iframe>\n\n<iframe sandbox=\"allow-popups allow-scripts allow-modals allow-forms allow-same-origin\" style=\"width:120px;height:240px;\" marginwidth=\"0\" marginheight=\"0\" scrolling=\"no\" frameborder=\"0\" src=\"\/\/rcm-eu.amazon-adsystem.com\/e\/cm?lt1=_blank&#038;bc1=000000&#038;IS2=1&#038;bg1=FFFFFF&#038;fc1=000000&#038;lc1=0000FF&#038;t=iniciativas3d-21&#038;language=es_ES&#038;o=30&#038;p=8&#038;l=as4&#038;m=amazon&#038;f=ifr&#038;ref=as_ss_li_til&#038;asins=B07SYP6JMT&#038;linkId=6ee004b0fe6c250e196c21599a032140\"><\/iframe>\n\n<iframe sandbox=\"allow-popups allow-scripts allow-modals allow-forms allow-same-origin\" style=\"width:120px;height:240px;\" marginwidth=\"0\" marginheight=\"0\" scrolling=\"no\" frameborder=\"0\" src=\"\/\/rcm-eu.amazon-adsystem.com\/e\/cm?lt1=_blank&#038;bc1=000000&#038;IS2=1&#038;bg1=FFFFFF&#038;fc1=000000&#038;lc1=0000FF&#038;t=iniciativas3d-21&#038;language=es_ES&#038;o=30&#038;p=8&#038;l=as4&#038;m=amazon&#038;f=ifr&#038;ref=as_ss_li_til&#038;asins=B07FQCQ17Y&#038;linkId=3d7f7b89b91fff1d4cc371cce15c7dec\"><\/iframe>\n\n<iframe sandbox=\"allow-popups allow-scripts allow-modals allow-forms allow-same-origin\" style=\"width:120px;height:240px;\" marginwidth=\"0\" marginheight=\"0\" scrolling=\"no\" frameborder=\"0\" src=\"\/\/rcm-eu.amazon-adsystem.com\/e\/cm?lt1=_blank&#038;bc1=000000&#038;IS2=1&#038;bg1=FFFFFF&#038;fc1=000000&#038;lc1=0000FF&#038;t=iniciativas3d-21&#038;language=es_ES&#038;o=30&#038;p=8&#038;l=as4&#038;m=amazon&#038;f=ifr&#038;ref=as_ss_li_til&#038;asins=B07DCK7R6H&#038;linkId=4ec5b8b39258faa8c09f298ea45b939d\"><\/iframe>\n\n<iframe sandbox=\"allow-popups allow-scripts allow-modals allow-forms allow-same-origin\" style=\"width:120px;height:240px;\" marginwidth=\"0\" marginheight=\"0\" scrolling=\"no\" frameborder=\"0\" src=\"\/\/rcm-eu.amazon-adsystem.com\/e\/cm?lt1=_blank&#038;bc1=000000&#038;IS2=1&#038;bg1=FFFFFF&#038;fc1=000000&#038;lc1=0000FF&#038;t=iniciativas3d-21&#038;language=es_ES&#038;o=30&#038;p=8&#038;l=as4&#038;m=amazon&#038;f=ifr&#038;ref=as_ss_li_til&#038;asins=B07FQ5MC78&#038;linkId=32500e99949929e6482a052f05f2a844\"><\/iframe>\n\n<iframe sandbox=\"allow-popups allow-scripts allow-modals allow-forms allow-same-origin\" style=\"width:120px;height:240px;\" marginwidth=\"0\" marginheight=\"0\" scrolling=\"no\" frameborder=\"0\" src=\"\/\/rcm-eu.amazon-adsystem.com\/e\/cm?lt1=_blank&#038;bc1=000000&#038;IS2=1&#038;bg1=FFFFFF&#038;fc1=000000&#038;lc1=0000FF&#038;t=iniciativas3d-21&#038;language=es_ES&#038;o=30&#038;p=8&#038;l=as4&#038;m=amazon&#038;f=ifr&#038;ref=as_ss_li_til&#038;asins=B09C5GHLBY&#038;linkId=c1805d8e67604c676d1f2e8ceed9211c\"><\/iframe>\n\n<iframe sandbox=\"allow-popups allow-scripts allow-modals allow-forms allow-same-origin\" style=\"width:120px;height:240px;\" marginwidth=\"0\" marginheight=\"0\" scrolling=\"no\" frameborder=\"0\" src=\"\/\/rcm-eu.amazon-adsystem.com\/e\/cm?lt1=_blank&#038;bc1=000000&#038;IS2=1&#038;bg1=FFFFFF&#038;fc1=000000&#038;lc1=0000FF&#038;t=iniciativas3d-21&#038;language=es_ES&#038;o=30&#038;p=8&#038;l=as4&#038;m=amazon&#038;f=ifr&#038;ref=as_ss_li_til&#038;asins=B0B63KK11W&#038;linkId=e061c59144fc73ad8a5ceb6f7743e519\"><\/iframe>\n\n<iframe sandbox=\"allow-popups allow-scripts allow-modals allow-forms allow-same-origin\" style=\"width:120px;height:240px;\" marginwidth=\"0\" marginheight=\"0\" scrolling=\"no\" frameborder=\"0\" src=\"\/\/rcm-eu.amazon-adsystem.com\/e\/cm?lt1=_blank&#038;bc1=000000&#038;IS2=1&#038;bg1=FFFFFF&#038;fc1=000000&#038;lc1=0000FF&#038;t=iniciativas3d-21&#038;language=es_ES&#038;o=30&#038;p=8&#038;l=as4&#038;m=amazon&#038;f=ifr&#038;ref=as_ss_li_til&#038;asins=B0BK999CH8&#038;linkId=2ee953b421305055c559120c81d15f58\"><\/iframe>\n\n<iframe sandbox=\"allow-popups allow-scripts allow-modals allow-forms allow-same-origin\" style=\"width:120px;height:240px;\" marginwidth=\"0\" marginheight=\"0\" scrolling=\"no\" frameborder=\"0\" src=\"\/\/rcm-eu.amazon-adsystem.com\/e\/cm?lt1=_blank&#038;bc1=000000&#038;IS2=1&#038;bg1=FFFFFF&#038;fc1=000000&#038;lc1=0000FF&#038;t=iniciativas3d-21&#038;language=es_ES&#038;o=30&#038;p=8&#038;l=as4&#038;m=amazon&#038;f=ifr&#038;ref=as_ss_li_til&#038;asins=B07NSPN7BK&#038;linkId=789423fe3b29c027c5efe6258115e02e\"><\/iframe>\n\n\n\n<div class=\"wp-block-group alternativeAds\"><div class=\"wp-block-group__inner-container is-layout-constrained wp-block-group-is-layout-constrained\"><div class=\"wc-block-grid wp-block-product-category wc-block-product-category has-3-columns has-multiple-rows\"><ul class=\"wc-block-grid__products\"><li class=\"wc-block-grid__product\">\n\t\t\t\t<a href=\"https:\/\/www.iniciativas3d.com\/tienda-online\/product\/comprar-filamento-smart-abs-1-75-mm-para-impresora-3d-al-mejor-precio\/\" class=\"wc-block-grid__product-link\">\n\t\t\t\t\t<div class=\"wc-block-grid__product-image\"><img loading=\"lazy\" decoding=\"async\" width=\"300\" height=\"300\" src=\"https:\/\/www.iniciativas3d.com\/tienda-online\/wp-content\/uploads\/2022\/08\/815dClW1crL._SX466_.jpg\" class=\"attachment-woocommerce_thumbnail size-woocommerce_thumbnail\" alt=\"\" \/><\/div>\n\t\t\t\t\t<div class=\"wc-block-grid__product-title\">Comprar Filamento Smart ABS 1.75 mm para impresora 3D al mejor precio<\/div>\n\t\t\t\t<\/a>\n\t\t\t\t\n\t\t\t\t<div class=\"wc-block-grid__product-price price\"><span class=\"woocommerce-Price-amount amount\"><bdi><span class=\"woocommerce-Price-currencySymbol\">&euro;<\/span>17,50<\/bdi><\/span><\/div>\n\t\t\t\t\n\t\t\t\t<div class=\"wp-block-button wc-block-grid__product-add-to-cart\"><a href=\"https:\/\/amzn.to\/3oV93nJ\" aria-label=\"Comprar en Amazon\" data-quantity=\"1\" data-product_id=\"110\" data-product_sku=\"\" rel=\"nofollow\" class=\"wp-block-button__link add_to_cart_button\">Comprar en Amazon<\/a><\/div>\n\t\t\t<\/li><li class=\"wc-block-grid__product\">\n\t\t\t\t<a href=\"https:\/\/www.iniciativas3d.com\/tienda-online\/product\/comprar-filamento-amolen-pla-1-75-mm-para-impresora-3d-al-mejor-precio\/\" class=\"wc-block-grid__product-link\">\n\t\t\t\t\t<div class=\"wc-block-grid__product-image\"><img loading=\"lazy\" decoding=\"async\" width=\"300\" height=\"300\" src=\"https:\/\/www.iniciativas3d.com\/tienda-online\/wp-content\/uploads\/2022\/08\/81EJP3xogXS._AC_SX679_-300x300.jpg\" class=\"attachment-woocommerce_thumbnail size-woocommerce_thumbnail\" alt=\"\" \/><\/div>\n\t\t\t\t\t<div class=\"wc-block-grid__product-title\">Comprar Filamento AMOLEN PLA 1.75 mm para impresora 3D al mejor precio<\/div>\n\t\t\t\t<\/a>\n\t\t\t\t\n\t\t\t\t<div class=\"wc-block-grid__product-price price\"><span class=\"woocommerce-Price-amount amount\"><bdi><span class=\"woocommerce-Price-currencySymbol\">&euro;<\/span>29,59<\/bdi><\/span><\/div>\n\t\t\t\t\n\t\t\t\t<div class=\"wp-block-button wc-block-grid__product-add-to-cart\"><a href=\"https:\/\/amzn.to\/3BDDUwO\" aria-label=\"Comprar en Amazon\" data-quantity=\"1\" data-product_id=\"108\" data-product_sku=\"\" rel=\"nofollow\" class=\"wp-block-button__link add_to_cart_button\">Comprar en Amazon<\/a><\/div>\n\t\t\t<\/li><li class=\"wc-block-grid__product\">\n\t\t\t\t<a href=\"https:\/\/www.iniciativas3d.com\/tienda-online\/product\/comprar-filamento-pla-cobre-1-75-mm-para-impresora-3d-al-mejor-precio\/\" class=\"wc-block-grid__product-link\">\n\t\t\t\t\t<div class=\"wc-block-grid__product-image\"><img loading=\"lazy\" decoding=\"async\" width=\"300\" height=\"300\" src=\"https:\/\/www.iniciativas3d.com\/tienda-online\/wp-content\/uploads\/2022\/08\/71dcnXqtjeS._AC_SX679_-300x300.jpg\" class=\"attachment-woocommerce_thumbnail size-woocommerce_thumbnail\" alt=\"\" \/><\/div>\n\t\t\t\t\t<div class=\"wc-block-grid__product-title\">Comprar Filamento PLA COBRE 1.75 mm para impresora 3D al mejor precio<\/div>\n\t\t\t\t<\/a>\n\t\t\t\t\n\t\t\t\t<div class=\"wc-block-grid__product-price price\"><span class=\"woocommerce-Price-amount amount\"><bdi><span class=\"woocommerce-Price-currencySymbol\">&euro;<\/span>23,99<\/bdi><\/span><\/div>\n\t\t\t\t\n\t\t\t\t<div class=\"wp-block-button wc-block-grid__product-add-to-cart\"><a href=\"https:\/\/amzn.to\/3XJibws\" aria-label=\"Comprar en Amazon\" data-quantity=\"1\" data-product_id=\"106\" data-product_sku=\"\" rel=\"nofollow\" class=\"wp-block-button__link add_to_cart_button\">Comprar en Amazon<\/a><\/div>\n\t\t\t<\/li><li class=\"wc-block-grid__product\">\n\t\t\t\t<a href=\"https:\/\/www.iniciativas3d.com\/tienda-online\/product\/comprar-filamento-pla-para-impresora-3d-al-mejor-precio\/\" class=\"wc-block-grid__product-link\">\n\t\t\t\t\t<div class=\"wc-block-grid__product-image\"><img loading=\"lazy\" decoding=\"async\" width=\"300\" height=\"300\" src=\"https:\/\/www.iniciativas3d.com\/tienda-online\/wp-content\/uploads\/2022\/08\/61IP1JgJL._AC_SX679_-300x300.jpg\" class=\"attachment-woocommerce_thumbnail size-woocommerce_thumbnail\" alt=\"\" \/><\/div>\n\t\t\t\t\t<div class=\"wc-block-grid__product-title\">Comprar Filamento PLA 1.75 mm para impresora 3D al mejor precio<\/div>\n\t\t\t\t<\/a>\n\t\t\t\t\n\t\t\t\t<div class=\"wc-block-grid__product-price price\"><span class=\"woocommerce-Price-amount amount\"><bdi><span class=\"woocommerce-Price-currencySymbol\">&euro;<\/span>15,99<\/bdi><\/span><\/div>\n\t\t\t\t\n\t\t\t\t<div class=\"wp-block-button wc-block-grid__product-add-to-cart\"><a href=\"https:\/\/amzn.to\/3vJhlDb\" aria-label=\"Comprar en Amazon\" data-quantity=\"1\" data-product_id=\"104\" data-product_sku=\"\" rel=\"nofollow\" class=\"wp-block-button__link add_to_cart_button\">Comprar en Amazon<\/a><\/div>\n\t\t\t<\/li><li class=\"wc-block-grid__product\">\n\t\t\t\t<a href=\"https:\/\/www.iniciativas3d.com\/tienda-online\/product\/comprar-filamento-pla-para-lapiz-de-impresora-3d-al-mejor-precio-copia\/\" class=\"wc-block-grid__product-link\">\n\t\t\t\t\t<div class=\"wc-block-grid__product-image\"><img loading=\"lazy\" decoding=\"async\" width=\"300\" height=\"300\" src=\"https:\/\/www.iniciativas3d.com\/tienda-online\/wp-content\/uploads\/2022\/08\/71wI0ePzXbL._AC_SX679_-300x300.jpg\" class=\"attachment-woocommerce_thumbnail size-woocommerce_thumbnail\" alt=\"\" \/><\/div>\n\t\t\t\t\t<div class=\"wc-block-grid__product-title\">Comprar Filamento PLA para l\u00e1piz impresora 3D al mejor precio<\/div>\n\t\t\t\t<\/a>\n\t\t\t\t\n\t\t\t\t<div class=\"wc-block-grid__product-price price\"><span class=\"woocommerce-Price-amount amount\"><bdi><span class=\"woocommerce-Price-currencySymbol\">&euro;<\/span>20,99<\/bdi><\/span><\/div>\n\t\t\t\t\n\t\t\t\t<div class=\"wp-block-button wc-block-grid__product-add-to-cart\"><a href=\"https:\/\/amzn.to\/44hNroB\" aria-label=\"Comprar en Amazon\" data-quantity=\"1\" data-product_id=\"102\" data-product_sku=\"\" rel=\"nofollow\" class=\"wp-block-button__link add_to_cart_button\">Comprar en Amazon<\/a><\/div>\n\t\t\t<\/li><\/ul><\/div><\/div><\/div>\n\n\n\n<h2 class=\"wp-block-heading\">Ventajas de usar filamentos ABS para impresora 3D<\/h2>\n\n\n\n<ol class=\"wp-block-list\">\n<li><strong>Resistencia y durabilidad<\/strong>: El ABS es conocido por su alta resistencia y durabilidad, lo que lo hace adecuado para piezas funcionales y aplicaciones que requieren resistencia mec\u00e1nica.<\/li>\n\n\n\n<li><strong>Flexibilidad<\/strong>: Los objetos impresos con filamento ABS tienen cierta flexibilidad, lo que los hace m\u00e1s adecuados para aplicaciones donde se requiere cierto grado de flexi\u00f3n o resistencia a impactos.<\/li>\n\n\n\n<li><strong>Tolerancia al calor<\/strong>: El ABS tiene una mayor tolerancia al calor en comparaci\u00f3n con otros filamentos, lo que lo hace adecuado para piezas expuestas a altas temperaturas o entornos calurosos.<\/li>\n\n\n\n<li><strong>Buena adherencia y estabilidad dimensional:<\/strong> El ABS tiene una buena adherencia a la superficie de impresi\u00f3n y una menor tendencia a la deformaci\u00f3n durante el proceso de impresi\u00f3n, lo que garantiza una mayor estabilidad dimensional en las piezas impresas.<\/li>\n\n\n\n<li><strong>Posibilidad de postprocesamiento<\/strong>: El ABS es m\u00e1s f\u00e1cil de postprocesar en comparaci\u00f3n con otros filamentos, lo que permite lijar, pintar y aplicar otros acabados para lograr resultados m\u00e1s refinados.<\/li>\n\n\n\n<li><strong>Amplia disponibilidad y costo asequible<\/strong>: El ABS es uno de los filamentos m\u00e1s comunes y ampliamente disponibles en el mercado, lo que lo hace m\u00e1s accesible en t\u00e9rminos de costo y opciones de compra.<\/li>\n<\/ol>\n","protected":false},"excerpt":{"rendered":"<p>Descubre nuestra selecci\u00f3n de filamentos ABS de alta calidad para impresoras 3D, ideales para proyectos que requieren resistencia y durabilidad. Disponibles en una variedad de colores, los filamentos ABS garantizan impresiones s\u00f3lidas y de calidad profesional. Filamentos ABS m\u00e1s vendidos Ventajas de usar filamentos ABS para impresora 3D<\/p>\n","protected":false},"author":1,"featured_media":0,"parent":0,"menu_order":0,"comment_status":"closed","ping_status":"closed","template":"","meta":{"footnotes":""},"class_list":["post-334","page","type-page","status-publish","hentry"],"_links":{"self":[{"href":"https:\/\/www.iniciativas3d.com\/tienda-online\/wp-json\/wp\/v2\/pages\/334","targetHints":{"allow":["GET"]}}],"collection":[{"href":"https:\/\/www.iniciativas3d.com\/tienda-online\/wp-json\/wp\/v2\/pages"}],"about":[{"href":"https:\/\/www.iniciativas3d.com\/tienda-online\/wp-json\/wp\/v2\/types\/page"}],"author":[{"embeddable":true,"href":"https:\/\/www.iniciativas3d.com\/tienda-online\/wp-json\/wp\/v2\/users\/1"}],"replies":[{"embeddable":true,"href":"https:\/\/www.iniciativas3d.com\/tienda-online\/wp-json\/wp\/v2\/comments?post=334"}],"version-history":[{"count":8,"href":"https:\/\/www.iniciativas3d.com\/tienda-online\/wp-json\/wp\/v2\/pages\/334\/revisions"}],"predecessor-version":[{"id":392,"href":"https:\/\/www.iniciativas3d.com\/tienda-online\/wp-json\/wp\/v2\/pages\/334\/revisions\/392"}],"wp:attachment":[{"href":"https:\/\/www.iniciativas3d.com\/tienda-online\/wp-json\/wp\/v2\/media?parent=334"}],"curies":[{"name":"wp","href":"https:\/\/api.w.org\/{rel}","templated":true}]}}