{"id":161,"date":"2023-03-19T11:09:33","date_gmt":"2023-03-19T10:09:33","guid":{"rendered":"https:\/\/www.iniciativas3d.com\/tienda-online\/?page_id=161"},"modified":"2023-07-11T13:07:22","modified_gmt":"2023-07-11T12:07:22","slug":"impresoras-3d-de-resina","status":"publish","type":"page","link":"https:\/\/www.iniciativas3d.com\/tienda-online\/impresoras-3d-de-resina\/","title":{"rendered":"Impresoras 3D de resina"},"content":{"rendered":"\n<p>Explora nuestra selecci\u00f3n de impresoras 3D de resina, ideales para lograr detalles incre\u00edbles y acabados de alta calidad en tus impresiones. Descubre la precisi\u00f3n y la versatilidad de la fabricaci\u00f3n en 3D con resina en tu hogar o negocio.<\/p>\n\n\n\n<h2 class=\"wp-block-heading\">Impresoras 3D de escritorio m\u00e1s vendidas<\/h2>\n\n\n\n<iframe class=\"adsFrame\" sandbox=\"allow-popups allow-scripts allow-modals allow-forms allow-same-origin\" style=\"width:120px;height:240px;\" marginwidth=\"0\" marginheight=\"0\" scrolling=\"no\" frameborder=\"0\" src=\"\/\/rcm-eu.amazon-adsystem.com\/e\/cm?lt1=_blank&#038;bc1=000000&#038;IS2=1&#038;bg1=FFFFFF&#038;fc1=000000&#038;lc1=0000FF&#038;t=iniciativas3d-21&#038;language=es_ES&#038;o=30&#038;p=8&#038;l=as4&#038;m=amazon&#038;f=ifr&#038;ref=as_ss_li_til&#038;asins=B0BN1PW351&#038;linkId=a492012259ec368d5626d993246a61c5\"><\/iframe>\n<iframe sandbox=\"allow-popups allow-scripts allow-modals allow-forms allow-same-origin\" style=\"width:120px;height:240px;\" marginwidth=\"0\" marginheight=\"0\" scrolling=\"no\" frameborder=\"0\" src=\"\/\/rcm-eu.amazon-adsystem.com\/e\/cm?lt1=_blank&#038;bc1=000000&#038;IS2=1&#038;bg1=FFFFFF&#038;fc1=000000&#038;lc1=0000FF&#038;t=iniciativas3d-21&#038;language=es_ES&#038;o=30&#038;p=8&#038;l=as4&#038;m=amazon&#038;f=ifr&#038;ref=as_ss_li_til&#038;asins=B09F3H27PF&#038;linkId=22539931c889cf5600dd0588054f4be5\"><\/iframe>\n<iframe sandbox=\"allow-popups allow-scripts allow-modals allow-forms allow-same-origin\" style=\"width:120px;height:240px;\" marginwidth=\"0\" marginheight=\"0\" scrolling=\"no\" frameborder=\"0\" src=\"\/\/rcm-eu.amazon-adsystem.com\/e\/cm?lt1=_blank&#038;bc1=000000&#038;IS2=1&#038;bg1=FFFFFF&#038;fc1=000000&#038;lc1=0000FF&#038;t=iniciativas3d-21&#038;language=es_ES&#038;o=30&#038;p=8&#038;l=as4&#038;m=amazon&#038;f=ifr&#038;ref=as_ss_li_til&#038;asins=B09ZXDSC5V&#038;linkId=06c34982b70af2145d7c5f1a222dbe94\"><\/iframe>\n<iframe sandbox=\"allow-popups allow-scripts allow-modals allow-forms allow-same-origin\" style=\"width:120px;height:240px;\" marginwidth=\"0\" marginheight=\"0\" scrolling=\"no\" frameborder=\"0\" src=\"\/\/rcm-eu.amazon-adsystem.com\/e\/cm?lt1=_blank&#038;bc1=000000&#038;IS2=1&#038;bg1=FFFFFF&#038;fc1=000000&#038;lc1=0000FF&#038;t=iniciativas3d-21&#038;language=es_ES&#038;o=30&#038;p=8&#038;l=as4&#038;m=amazon&#038;f=ifr&#038;ref=as_ss_li_til&#038;asins=B0B4SGBM43&#038;linkId=9b3099a8fde469d30edb9670cfb20a3a\"><\/iframe>\n<iframe sandbox=\"allow-popups allow-scripts allow-modals allow-forms allow-same-origin\" style=\"width:120px;height:240px;\" marginwidth=\"0\" marginheight=\"0\" scrolling=\"no\" frameborder=\"0\" src=\"\/\/rcm-eu.amazon-adsystem.com\/e\/cm?lt1=_blank&#038;bc1=000000&#038;IS2=1&#038;bg1=FFFFFF&#038;fc1=000000&#038;lc1=0000FF&#038;t=iniciativas3d-21&#038;language=es_ES&#038;o=30&#038;p=8&#038;l=as4&#038;m=amazon&#038;f=ifr&#038;ref=as_ss_li_til&#038;asins=B0B79839QR&#038;linkId=2e199a6d75c47bece6d14d648a79c4bc\"><\/iframe>\n<iframe sandbox=\"allow-popups allow-scripts allow-modals allow-forms allow-same-origin\" style=\"width:120px;height:240px;\" marginwidth=\"0\" marginheight=\"0\" scrolling=\"no\" frameborder=\"0\" src=\"\/\/rcm-eu.amazon-adsystem.com\/e\/cm?lt1=_blank&#038;bc1=000000&#038;IS2=1&#038;bg1=FFFFFF&#038;fc1=000000&#038;lc1=0000FF&#038;t=iniciativas3d-21&#038;language=es_ES&#038;o=30&#038;p=8&#038;l=as4&#038;m=amazon&#038;f=ifr&#038;ref=as_ss_li_til&#038;asins=B0863VGJVJ&#038;linkId=17c54b20bdc891ba71f5121889ca3a4c\"><\/iframe>\n<iframe sandbox=\"allow-popups allow-scripts allow-modals allow-forms allow-same-origin\" style=\"width:120px;height:240px;\" marginwidth=\"0\" marginheight=\"0\" scrolling=\"no\" frameborder=\"0\" src=\"\/\/rcm-eu.amazon-adsystem.com\/e\/cm?lt1=_blank&#038;bc1=000000&#038;IS2=1&#038;bg1=FFFFFF&#038;fc1=000000&#038;lc1=0000FF&#038;t=iniciativas3d-21&#038;language=es_ES&#038;o=30&#038;p=8&#038;l=as4&#038;m=amazon&#038;f=ifr&#038;ref=as_ss_li_til&#038;asins=B0BN1PW351&#038;linkId=39443aab888b7f2846df01e6561205ad\"><\/iframe>\n<iframe sandbox=\"allow-popups allow-scripts allow-modals allow-forms allow-same-origin\" style=\"width:120px;height:240px;\" marginwidth=\"0\" marginheight=\"0\" scrolling=\"no\" frameborder=\"0\" src=\"\/\/rcm-eu.amazon-adsystem.com\/e\/cm?lt1=_blank&#038;bc1=000000&#038;IS2=1&#038;bg1=FFFFFF&#038;fc1=000000&#038;lc1=0000FF&#038;t=iniciativas3d-21&#038;language=es_ES&#038;o=30&#038;p=8&#038;l=as4&#038;m=amazon&#038;f=ifr&#038;ref=as_ss_li_til&#038;asins=B08JGPFJVR&#038;linkId=886223ace7c65aedfb78163f7b634e45\"><\/iframe>\n<iframe sandbox=\"allow-popups allow-scripts allow-modals allow-forms allow-same-origin\" style=\"width:120px;height:240px;\" marginwidth=\"0\" marginheight=\"0\" scrolling=\"no\" frameborder=\"0\" src=\"\/\/rcm-eu.amazon-adsystem.com\/e\/cm?lt1=_blank&#038;bc1=000000&#038;IS2=1&#038;bg1=FFFFFF&#038;fc1=000000&#038;lc1=0000FF&#038;t=iniciativas3d-21&#038;language=es_ES&#038;o=30&#038;p=8&#038;l=as4&#038;m=amazon&#038;f=ifr&#038;ref=as_ss_li_til&#038;asins=B0B82FK5G3&#038;linkId=4c31e2ae6e2a1eef0511c0f8f3487a0d\"><\/iframe>\n<iframe sandbox=\"allow-popups allow-scripts allow-modals allow-forms allow-same-origin\" style=\"width:120px;height:240px;\" marginwidth=\"0\" marginheight=\"0\" scrolling=\"no\" frameborder=\"0\" src=\"\/\/rcm-eu.amazon-adsystem.com\/e\/cm?lt1=_blank&#038;bc1=000000&#038;IS2=1&#038;bg1=FFFFFF&#038;fc1=000000&#038;lc1=0000FF&#038;t=iniciativas3d-21&#038;language=es_ES&#038;o=30&#038;p=8&#038;l=as4&#038;m=amazon&#038;f=ifr&#038;ref=as_ss_li_til&#038;asins=B09DFCJ1M6&#038;linkId=c6f3a805f102cd49db1c1c3a79e04270\"><\/iframe>\n<iframe sandbox=\"allow-popups allow-scripts allow-modals allow-forms allow-same-origin\" style=\"width:120px;height:240px;\" marginwidth=\"0\" marginheight=\"0\" scrolling=\"no\" frameborder=\"0\" src=\"\/\/rcm-eu.amazon-adsystem.com\/e\/cm?lt1=_blank&#038;bc1=000000&#038;IS2=1&#038;bg1=FFFFFF&#038;fc1=000000&#038;lc1=0000FF&#038;t=iniciativas3d-21&#038;language=es_ES&#038;o=30&#038;p=8&#038;l=as4&#038;m=amazon&#038;f=ifr&#038;ref=as_ss_li_til&#038;asins=B0B5KJXJSY&#038;linkId=9e052f1acdabb1ad1016636c6c55e5fd\"><\/iframe>\n<iframe sandbox=\"allow-popups allow-scripts allow-modals allow-forms allow-same-origin\" style=\"width:120px;height:240px;\" marginwidth=\"0\" marginheight=\"0\" scrolling=\"no\" frameborder=\"0\" src=\"\/\/rcm-eu.amazon-adsystem.com\/e\/cm?lt1=_blank&#038;bc1=000000&#038;IS2=1&#038;bg1=FFFFFF&#038;fc1=000000&#038;lc1=0000FF&#038;t=iniciativas3d-21&#038;language=es_ES&#038;o=30&#038;p=8&#038;l=as4&#038;m=amazon&#038;f=ifr&#038;ref=as_ss_li_til&#038;asins=B0BKQB1RTH&#038;linkId=2996d286897dca7ce1b2ec205f70a8bb\"><\/iframe>\n<iframe sandbox=\"allow-popups allow-scripts allow-modals allow-forms allow-same-origin\" style=\"width:120px;height:240px;\" marginwidth=\"0\" marginheight=\"0\" scrolling=\"no\" frameborder=\"0\" src=\"\/\/rcm-eu.amazon-adsystem.com\/e\/cm?lt1=_blank&#038;bc1=000000&#038;IS2=1&#038;bg1=FFFFFF&#038;fc1=000000&#038;lc1=0000FF&#038;t=iniciativas3d-21&#038;language=es_ES&#038;o=30&#038;p=8&#038;l=as4&#038;m=amazon&#038;f=ifr&#038;ref=as_ss_li_til&#038;asins=B0B2CZ9L8L&#038;linkId=8e5ac4db12e4ebfec68e611a3f6ef941\"><\/iframe>\n<iframe sandbox=\"allow-popups allow-scripts allow-modals allow-forms allow-same-origin\" style=\"width:120px;height:240px;\" marginwidth=\"0\" marginheight=\"0\" scrolling=\"no\" frameborder=\"0\" src=\"\/\/rcm-eu.amazon-adsystem.com\/e\/cm?lt1=_blank&#038;bc1=000000&#038;IS2=1&#038;bg1=FFFFFF&#038;fc1=000000&#038;lc1=0000FF&#038;t=iniciativas3d-21&#038;language=es_ES&#038;o=30&#038;p=8&#038;l=as4&#038;m=amazon&#038;f=ifr&#038;ref=as_ss_li_til&#038;asins=B0BQJBVJLC&#038;linkId=3fce49e405a6c388c3f2ec461ed1a5de\"><\/iframe>\n<iframe sandbox=\"allow-popups allow-scripts allow-modals allow-forms allow-same-origin\" style=\"width:120px;height:240px;\" marginwidth=\"0\" marginheight=\"0\" scrolling=\"no\" frameborder=\"0\" src=\"\/\/rcm-eu.amazon-adsystem.com\/e\/cm?lt1=_blank&#038;bc1=000000&#038;IS2=1&#038;bg1=FFFFFF&#038;fc1=000000&#038;lc1=0000FF&#038;t=iniciativas3d-21&#038;language=es_ES&#038;o=30&#038;p=8&#038;l=as4&#038;m=amazon&#038;f=ifr&#038;ref=as_ss_li_til&#038;asins=B0BWJ28CMD&#038;linkId=cdc4b9fb34cb3a1cbe8e241882e748cd\"><\/iframe>\n\n\n\n<div class=\"wp-block-group alternativeAds\" style=\"display:none\"><div class=\"wp-block-group__inner-container is-layout-constrained wp-block-group-is-layout-constrained\">\n<div class=\"wc-block-grid wp-block-product-category wc-block-product-category has-3-columns has-multiple-rows\"><ul class=\"wc-block-grid__products\"><li class=\"wc-block-grid__product\">\n\t\t\t\t<a href=\"https:\/\/www.iniciativas3d.com\/tienda-online\/product\/comprar-impresora-3d-resina-anycubic-photon-m3-al-mejor-precio-copia\/\" class=\"wc-block-grid__product-link\">\n\t\t\t\t\t<div class=\"wc-block-grid__product-image\"><img loading=\"lazy\" decoding=\"async\" width=\"300\" height=\"300\" src=\"https:\/\/www.iniciativas3d.com\/tienda-online\/wp-content\/uploads\/2022\/08\/71rbDIIC3DL._SX466_.jpg\" class=\"attachment-woocommerce_thumbnail size-woocommerce_thumbnail\" alt=\"\" \/><\/div>\n\t\t\t\t\t<div class=\"wc-block-grid__product-title\">Comprar Impresora 3D Resina ANYCUBIC Photon M3 al mejor precio<\/div>\n\t\t\t\t<\/a>\n\t\t\t\t\n\t\t\t\t<div class=\"wc-block-grid__product-price price\"><span class=\"woocommerce-Price-amount amount\"><bdi><span class=\"woocommerce-Price-currencySymbol\">&euro;<\/span>259,00<\/bdi><\/span><\/div>\n\t\t\t\t\n\t\t\t\t<div class=\"wp-block-button wc-block-grid__product-add-to-cart\"><a href=\"https:\/\/amzn.to\/3d5qbV4\" aria-label=\"Comprar en Amazon\" data-quantity=\"1\" data-product_id=\"73\" data-product_sku=\"\" rel=\"nofollow\" class=\"wp-block-button__link add_to_cart_button\">Comprar en Amazon<\/a><\/div>\n\t\t\t<\/li><li class=\"wc-block-grid__product\">\n\t\t\t\t<a href=\"https:\/\/www.iniciativas3d.com\/tienda-online\/product\/comprar-impresora-3d-resina-elegoo-al-mejor-precio\/\" class=\"wc-block-grid__product-link\">\n\t\t\t\t\t<div class=\"wc-block-grid__product-image\"><img loading=\"lazy\" decoding=\"async\" width=\"300\" height=\"300\" src=\"https:\/\/www.iniciativas3d.com\/tienda-online\/wp-content\/uploads\/2022\/08\/61j6vBDZXtL._SX466_.jpg\" class=\"attachment-woocommerce_thumbnail size-woocommerce_thumbnail\" alt=\"\" \/><\/div>\n\t\t\t\t\t<div class=\"wc-block-grid__product-title\">Comprar Impresora 3D Resina ELEGOO al mejor precio<\/div>\n\t\t\t\t<\/a>\n\t\t\t\t\n\t\t\t\t<div class=\"wc-block-grid__product-price price\"><span class=\"woocommerce-Price-amount amount\"><bdi><span class=\"woocommerce-Price-currencySymbol\">&euro;<\/span>229,49<\/bdi><\/span><\/div>\n\t\t\t\t\n\t\t\t\t<div class=\"wp-block-button wc-block-grid__product-add-to-cart\"><a href=\"https:\/\/amzn.to\/3bshqUH\" aria-label=\"Comprar en Amazon\" data-quantity=\"1\" data-product_id=\"67\" data-product_sku=\"\" rel=\"nofollow\" class=\"wp-block-button__link add_to_cart_button\">Comprar en Amazon<\/a><\/div>\n\t\t\t<\/li><\/ul><\/div>\n<\/div><\/div>\n\n\n\n<h2 class=\"wp-block-heading\">Ventajas de usar una impresora 3d de resina<\/h2>\n\n\n\n<ol class=\"wp-block-list\">\n<li><strong>Detalles precisos<\/strong>: Las impresoras 3D de resina ofrecen una alta resoluci\u00f3n y permiten la impresi\u00f3n de detalles finos y complejos, lo que resulta en objetos con acabados de alta calidad.<\/li>\n\n\n\n<li><strong>Variedad de materiales<\/strong>: Las impresoras 3D de resina ofrecen una amplia gama de materiales, como resinas r\u00edgidas, flexibles, transl\u00facidas y de colores, lo que brinda opciones vers\u00e1tiles para diferentes aplicaciones y necesidades.<\/li>\n\n\n\n<li><strong>Acabado suave<\/strong>: Las impresiones con resina ofrecen un acabado suave y pulido directamente desde la impresora, lo que reduce la necesidad de un postprocesamiento adicional.<\/li>\n\n\n\n<li><strong>Velocidad de impresi\u00f3n<\/strong>: En comparaci\u00f3n con las impresoras 3D de filamento, las impresoras 3D de resina suelen tener velocidades de impresi\u00f3n m\u00e1s r\u00e1pidas, lo que permite una producci\u00f3n m\u00e1s eficiente.<\/li>\n\n\n\n<li><strong>Soporte autom\u00e1tico<\/strong>: Las impresoras 3D de resina generalmente cuentan con sistemas de soporte autom\u00e1tico, lo que simplifica el proceso de impresi\u00f3n y reduce la necesidad de intervenci\u00f3n manual para eliminar los soportes despu\u00e9s de la impresi\u00f3n.<\/li>\n\n\n\n<li><strong>Amplia gama de aplicaciones<\/strong>: Las impresoras 3D de resina son ideales para la creaci\u00f3n de modelos dentales, joyer\u00eda, miniaturas, prototipos de alta precisi\u00f3n y aplicaciones que requieren detalles intrincados y superficies suaves.<\/li>\n<\/ol>\n","protected":false},"excerpt":{"rendered":"<p>Explora nuestra selecci\u00f3n de impresoras 3D de resina, ideales para lograr detalles incre\u00edbles y acabados de alta calidad en tus impresiones. Descubre la precisi\u00f3n y la versatilidad de la fabricaci\u00f3n en 3D con resina en tu hogar o negocio. Impresoras 3D de escritorio m\u00e1s vendidas Ventajas de usar una impresora&hellip; <\/p>\n","protected":false},"author":1,"featured_media":0,"parent":0,"menu_order":0,"comment_status":"closed","ping_status":"closed","template":"","meta":{"footnotes":""},"class_list":["post-161","page","type-page","status-publish","hentry"],"_links":{"self":[{"href":"https:\/\/www.iniciativas3d.com\/tienda-online\/wp-json\/wp\/v2\/pages\/161","targetHints":{"allow":["GET"]}}],"collection":[{"href":"https:\/\/www.iniciativas3d.com\/tienda-online\/wp-json\/wp\/v2\/pages"}],"about":[{"href":"https:\/\/www.iniciativas3d.com\/tienda-online\/wp-json\/wp\/v2\/types\/page"}],"author":[{"embeddable":true,"href":"https:\/\/www.iniciativas3d.com\/tienda-online\/wp-json\/wp\/v2\/users\/1"}],"replies":[{"embeddable":true,"href":"https:\/\/www.iniciativas3d.com\/tienda-online\/wp-json\/wp\/v2\/comments?post=161"}],"version-history":[{"count":4,"href":"https:\/\/www.iniciativas3d.com\/tienda-online\/wp-json\/wp\/v2\/pages\/161\/revisions"}],"predecessor-version":[{"id":398,"href":"https:\/\/www.iniciativas3d.com\/tienda-online\/wp-json\/wp\/v2\/pages\/161\/revisions\/398"}],"wp:attachment":[{"href":"https:\/\/www.iniciativas3d.com\/tienda-online\/wp-json\/wp\/v2\/media?parent=161"}],"curies":[{"name":"wp","href":"https:\/\/api.w.org\/{rel}","templated":true}]}}