{"id":155,"date":"2023-03-19T11:08:39","date_gmt":"2023-03-19T10:08:39","guid":{"rendered":"https:\/\/www.iniciativas3d.com\/tienda-online\/?page_id=155"},"modified":"2023-07-11T10:11:48","modified_gmt":"2023-07-11T09:11:48","slug":"impresoras-3d-de-escritorio","status":"publish","type":"page","link":"https:\/\/www.iniciativas3d.com\/tienda-online\/impresoras-3d-de-escritorio\/","title":{"rendered":"Impresoras 3D de escritorio"},"content":{"rendered":"\n<p>Descubre nuestra selecci\u00f3n de impresoras 3D de escritorio, perfectas para materializar tus ideas con precisi\u00f3n y detalle. Encuentra la impresora 3D ideal para tu hogar o peque\u00f1a empresa y da vida a tus proyectos creativos.<\/p>\n\n\n\n<h2 class=\"wp-block-heading\">Impresoras 3D de escritorio m\u00e1s vendidas<\/h2>\n\n\n\n<iframe class=\"adsFrame\" sandbox=\"allow-popups allow-scripts allow-modals allow-forms allow-same-origin\" style=\"width:120px;height:240px;\" marginwidth=\"0\" marginheight=\"0\" scrolling=\"no\" frameborder=\"0\" src=\"\/\/rcm-eu.amazon-adsystem.com\/e\/cm?lt1=_blank&#038;bc1=000000&#038;IS2=1&#038;bg1=FFFFFF&#038;fc1=000000&#038;lc1=0000FF&#038;t=iniciativas3d-21&#038;language=es_ES&#038;o=30&#038;p=8&#038;l=as4&#038;m=amazon&#038;f=ifr&#038;ref=as_ss_li_til&#038;asins=B07BR3F9N6&#038;linkId=afc2f212a2caf70b53242075756161a1\"><\/iframe>\n<iframe class=\"adsFrame\" sandbox=\"allow-popups allow-scripts allow-modals allow-forms allow-same-origin\" style=\"width:120px;height:240px;\" marginwidth=\"0\" marginheight=\"0\" scrolling=\"no\" frameborder=\"0\" src=\"\/\/rcm-eu.amazon-adsystem.com\/e\/cm?lt1=_blank&#038;bc1=000000&#038;IS2=1&#038;bg1=FFFFFF&#038;fc1=000000&#038;lc1=0000FF&#038;t=iniciativas3d-21&#038;language=es_ES&#038;o=30&#038;p=8&#038;l=as4&#038;m=amazon&#038;f=ifr&#038;ref=as_ss_li_til&#038;asins=B0BQJCX9HC&#038;linkId=4c433073bff00e8844cc14df78c2afd4\"><\/iframe>\n<iframe sandbox=\"allow-popups allow-scripts allow-modals allow-forms allow-same-origin\" style=\"width:120px;height:240px;\" marginwidth=\"0\" marginheight=\"0\" scrolling=\"no\" frameborder=\"0\" src=\"\/\/rcm-eu.amazon-adsystem.com\/e\/cm?lt1=_blank&#038;bc1=000000&#038;IS2=1&#038;bg1=FFFFFF&#038;fc1=000000&#038;lc1=0000FF&#038;t=iniciativas3d-21&#038;language=es_ES&#038;o=30&#038;p=8&#038;l=as4&#038;m=amazon&#038;f=ifr&#038;ref=as_ss_li_til&#038;asins=B09FXCD3KC&#038;linkId=05fc6f4f4536191e2ba46870cb0687a2\"><\/iframe>\n<iframe sandbox=\"allow-popups allow-scripts allow-modals allow-forms allow-same-origin\" style=\"width:120px;height:240px;\" marginwidth=\"0\" marginheight=\"0\" scrolling=\"no\" frameborder=\"0\" src=\"\/\/rcm-eu.amazon-adsystem.com\/e\/cm?lt1=_blank&#038;bc1=000000&#038;IS2=1&#038;bg1=FFFFFF&#038;fc1=000000&#038;lc1=0000FF&#038;t=iniciativas3d-21&#038;language=es_ES&#038;o=30&#038;p=8&#038;l=as4&#038;m=amazon&#038;f=ifr&#038;ref=as_ss_li_til&#038;asins=B0BKPN62VK&#038;linkId=2fa8846316c5fc0f7e0912acc6d5a51b\"><\/iframe>\n<iframe sandbox=\"allow-popups allow-scripts allow-modals allow-forms allow-same-origin\" style=\"width:120px;height:240px;\" marginwidth=\"0\" marginheight=\"0\" scrolling=\"no\" frameborder=\"0\" src=\"\/\/rcm-eu.amazon-adsystem.com\/e\/cm?lt1=_blank&#038;bc1=000000&#038;IS2=1&#038;bg1=FFFFFF&#038;fc1=000000&#038;lc1=0000FF&#038;t=iniciativas3d-21&#038;language=es_ES&#038;o=30&#038;p=8&#038;l=as4&#038;m=amazon&#038;f=ifr&#038;ref=as_ss_li_til&#038;asins=B09FZ5BVSP&#038;linkId=adb0d1548d2cc6d6b2bab7531841ca19\"><\/iframe>\n<iframe sandbox=\"allow-popups allow-scripts allow-modals allow-forms allow-same-origin\" style=\"width:120px;height:240px;\" marginwidth=\"0\" marginheight=\"0\" scrolling=\"no\" frameborder=\"0\" src=\"\/\/rcm-eu.amazon-adsystem.com\/e\/cm?lt1=_blank&#038;bc1=000000&#038;IS2=1&#038;bg1=FFFFFF&#038;fc1=000000&#038;lc1=0000FF&#038;t=iniciativas3d-21&#038;language=es_ES&#038;o=30&#038;p=8&#038;l=as4&#038;m=amazon&#038;f=ifr&#038;ref=as_ss_li_til&#038;asins=B083P1F9P2&#038;linkId=ba69f4caa133773d805f780e73de618d\"><\/iframe>\n<iframe sandbox=\"allow-popups allow-scripts allow-modals allow-forms allow-same-origin\" style=\"width:120px;height:240px;\" marginwidth=\"0\" marginheight=\"0\" scrolling=\"no\" frameborder=\"0\" src=\"\/\/rcm-eu.amazon-adsystem.com\/e\/cm?lt1=_blank&#038;bc1=000000&#038;IS2=1&#038;bg1=FFFFFF&#038;fc1=000000&#038;lc1=0000FF&#038;t=iniciativas3d-21&#038;language=es_ES&#038;o=30&#038;p=8&#038;l=as4&#038;m=amazon&#038;f=ifr&#038;ref=as_ss_li_til&#038;asins=B07212BMVR&#038;linkId=44589f7538dc40f74970c7d882c1c695\"><\/iframe>\n<iframe sandbox=\"allow-popups allow-scripts allow-modals allow-forms allow-same-origin\" style=\"width:120px;height:240px;\" marginwidth=\"0\" marginheight=\"0\" scrolling=\"no\" frameborder=\"0\" src=\"\/\/rcm-eu.amazon-adsystem.com\/e\/cm?lt1=_blank&#038;bc1=000000&#038;IS2=1&#038;bg1=FFFFFF&#038;fc1=000000&#038;lc1=0000FF&#038;t=iniciativas3d-21&#038;language=es_ES&#038;o=30&#038;p=8&#038;l=as4&#038;m=amazon&#038;f=ifr&#038;ref=as_ss_li_til&#038;asins=B09FF587QD&#038;linkId=2eb1cdc0c8b9387a6e800690f0037528\"><\/iframe>\n<iframe sandbox=\"allow-popups allow-scripts allow-modals allow-forms allow-same-origin\" style=\"width:120px;height:240px;\" marginwidth=\"0\" marginheight=\"0\" scrolling=\"no\" frameborder=\"0\" src=\"\/\/rcm-eu.amazon-adsystem.com\/e\/cm?lt1=_blank&#038;bc1=000000&#038;IS2=1&#038;bg1=FFFFFF&#038;fc1=000000&#038;lc1=0000FF&#038;t=iniciativas3d-21&#038;language=es_ES&#038;o=30&#038;p=8&#038;l=as4&#038;m=amazon&#038;f=ifr&#038;ref=as_ss_li_til&#038;asins=B09FDYB6R9&#038;linkId=5785e808613d1a46e99d7013858bfe7e\"><\/iframe>\n<iframe sandbox=\"allow-popups allow-scripts allow-modals allow-forms allow-same-origin\" style=\"width:120px;height:240px;\" marginwidth=\"0\" marginheight=\"0\" scrolling=\"no\" frameborder=\"0\" src=\"\/\/rcm-eu.amazon-adsystem.com\/e\/cm?lt1=_blank&#038;bc1=000000&#038;IS2=1&#038;bg1=FFFFFF&#038;fc1=000000&#038;lc1=0000FF&#038;t=iniciativas3d-21&#038;language=es_ES&#038;o=30&#038;p=8&#038;l=as4&#038;m=amazon&#038;f=ifr&#038;ref=as_ss_li_til&#038;asins=B0BJTVXHPH&#038;linkId=a1552d3341e56ba15720a74d76a733aa\"><\/iframe>\n<iframe sandbox=\"allow-popups allow-scripts allow-modals allow-forms allow-same-origin\" style=\"width:120px;height:240px;\" marginwidth=\"0\" marginheight=\"0\" scrolling=\"no\" frameborder=\"0\" src=\"\/\/rcm-eu.amazon-adsystem.com\/e\/cm?lt1=_blank&#038;bc1=000000&#038;IS2=1&#038;bg1=FFFFFF&#038;fc1=000000&#038;lc1=0000FF&#038;t=iniciativas3d-21&#038;language=es_ES&#038;o=30&#038;p=8&#038;l=as4&#038;m=amazon&#038;f=ifr&#038;ref=as_ss_li_til&#038;asins=B09FDNPQBD&#038;linkId=526bbb8b0e34a5b48d0388c661c03ccb\"><\/iframe>\n<iframe sandbox=\"allow-popups allow-scripts allow-modals allow-forms allow-same-origin\" style=\"width:120px;height:240px;\" marginwidth=\"0\" marginheight=\"0\" scrolling=\"no\" frameborder=\"0\" src=\"\/\/rcm-eu.amazon-adsystem.com\/e\/cm?lt1=_blank&#038;bc1=000000&#038;IS2=1&#038;bg1=FFFFFF&#038;fc1=000000&#038;lc1=0000FF&#038;t=iniciativas3d-21&#038;language=es_ES&#038;o=30&#038;p=8&#038;l=as4&#038;m=amazon&#038;f=ifr&#038;ref=as_ss_li_til&#038;asins=B09FZ4C95K&#038;linkId=ea80c66d1f58f336f4148656f6851cc1\"><\/iframe>\n<iframe sandbox=\"allow-popups allow-scripts allow-modals allow-forms allow-same-origin\" style=\"width:120px;height:240px;\" marginwidth=\"0\" marginheight=\"0\" scrolling=\"no\" frameborder=\"0\" src=\"\/\/rcm-eu.amazon-adsystem.com\/e\/cm?lt1=_blank&#038;bc1=000000&#038;IS2=1&#038;bg1=FFFFFF&#038;fc1=000000&#038;lc1=0000FF&#038;t=iniciativas3d-21&#038;language=es_ES&#038;o=30&#038;p=8&#038;l=as4&#038;m=amazon&#038;f=ifr&#038;ref=as_ss_li_til&#038;asins=B0BRXXLPPW&#038;linkId=6aebcbde387588a55474c700faf7ee32\"><\/iframe>\n<iframe sandbox=\"allow-popups allow-scripts allow-modals allow-forms allow-same-origin\" style=\"width:120px;height:240px;\" marginwidth=\"0\" marginheight=\"0\" scrolling=\"no\" frameborder=\"0\" src=\"\/\/rcm-eu.amazon-adsystem.com\/e\/cm?lt1=_blank&#038;bc1=000000&#038;IS2=1&#038;bg1=FFFFFF&#038;fc1=000000&#038;lc1=0000FF&#038;t=iniciativas3d-21&#038;language=es_ES&#038;o=30&#038;p=8&#038;l=as4&#038;m=amazon&#038;f=ifr&#038;ref=as_ss_li_til&#038;asins=B09J29CD9L&#038;linkId=6a2f96057cd474c0ae35088d42e23a08\"><\/iframe>\n<iframe sandbox=\"allow-popups allow-scripts allow-modals allow-forms allow-same-origin\" style=\"width:120px;height:240px;\" marginwidth=\"0\" marginheight=\"0\" scrolling=\"no\" frameborder=\"0\" src=\"\/\/rcm-eu.amazon-adsystem.com\/e\/cm?lt1=_blank&#038;bc1=000000&#038;IS2=1&#038;bg1=FFFFFF&#038;fc1=000000&#038;lc1=0000FF&#038;t=iniciativas3d-21&#038;language=es_ES&#038;o=30&#038;p=8&#038;l=as4&#038;m=amazon&#038;f=ifr&#038;ref=as_ss_li_til&#038;asins=B09F9XCH1H&#038;linkId=6a0d0fc59ef143ea7c3ef714ca639bb5\"><\/iframe>\n<iframe sandbox=\"allow-popups allow-scripts allow-modals allow-forms allow-same-origin\" style=\"width:120px;height:240px;\" marginwidth=\"0\" marginheight=\"0\" scrolling=\"no\" frameborder=\"0\" src=\"\/\/rcm-eu.amazon-adsystem.com\/e\/cm?lt1=_blank&#038;bc1=000000&#038;IS2=1&#038;bg1=FFFFFF&#038;fc1=000000&#038;lc1=0000FF&#038;t=iniciativas3d-21&#038;language=es_ES&#038;o=30&#038;p=8&#038;l=as4&#038;m=amazon&#038;f=ifr&#038;ref=as_ss_li_til&#038;asins=B0BJTJSL1L&#038;linkId=a69a60aeeee1cb1e21d8b31d867bb57c\"><\/iframe>\n\n\n\n<div class=\"wp-block-group alternativeAds\" style=\"display:none\"><div class=\"wp-block-group__inner-container is-layout-constrained wp-block-group-is-layout-constrained\">\n<div class=\"wc-block-grid wp-block-product-category wc-block-product-category has-3-columns has-multiple-rows\"><ul class=\"wc-block-grid__products\"><li class=\"wc-block-grid__product\">\n\t\t\t\t<a href=\"https:\/\/www.iniciativas3d.com\/tienda-online\/product\/comprar-impresora-3d-luocute-para-principiantes-al-mejor-precio\/\" class=\"wc-block-grid__product-link\">\n\t\t\t\t\t<div class=\"wc-block-grid__product-image\"><img loading=\"lazy\" decoding=\"async\" width=\"300\" height=\"300\" src=\"https:\/\/www.iniciativas3d.com\/tienda-online\/wp-content\/uploads\/2025\/08\/71t0xooaGZL._AC_SL1500_-300x300.jpg\" class=\"attachment-woocommerce_thumbnail size-woocommerce_thumbnail\" alt=\"\" srcset=\"https:\/\/www.iniciativas3d.com\/tienda-online\/wp-content\/uploads\/2025\/08\/71t0xooaGZL._AC_SL1500_-300x300.jpg 300w, https:\/\/www.iniciativas3d.com\/tienda-online\/wp-content\/uploads\/2025\/08\/71t0xooaGZL._AC_SL1500_-1024x1022.jpg 1024w, https:\/\/www.iniciativas3d.com\/tienda-online\/wp-content\/uploads\/2025\/08\/71t0xooaGZL._AC_SL1500_-150x150.jpg 150w, https:\/\/www.iniciativas3d.com\/tienda-online\/wp-content\/uploads\/2025\/08\/71t0xooaGZL._AC_SL1500_-768x766.jpg 768w, https:\/\/www.iniciativas3d.com\/tienda-online\/wp-content\/uploads\/2025\/08\/71t0xooaGZL._AC_SL1500_-512x512.jpg 512w, https:\/\/www.iniciativas3d.com\/tienda-online\/wp-content\/uploads\/2025\/08\/71t0xooaGZL._AC_SL1500_-420x420.jpg 420w, https:\/\/www.iniciativas3d.com\/tienda-online\/wp-content\/uploads\/2025\/08\/71t0xooaGZL._AC_SL1500_-75x75.jpg 75w, https:\/\/www.iniciativas3d.com\/tienda-online\/wp-content\/uploads\/2025\/08\/71t0xooaGZL._AC_SL1500_-600x599.jpg 600w, https:\/\/www.iniciativas3d.com\/tienda-online\/wp-content\/uploads\/2025\/08\/71t0xooaGZL._AC_SL1500_-100x100.jpg 100w, https:\/\/www.iniciativas3d.com\/tienda-online\/wp-content\/uploads\/2025\/08\/71t0xooaGZL._AC_SL1500_.jpg 1500w\" sizes=\"auto, (max-width: 300px) 100vw, 300px\" \/><\/div>\n\t\t\t\t\t<div class=\"wc-block-grid__product-title\">Comprar Impresora 3D Luocute para principiantes al mejor precio<\/div>\n\t\t\t\t<\/a>\n\t\t\t\t\n\t\t\t\t<div class=\"wc-block-grid__product-price price\"><span class=\"woocommerce-Price-amount amount\"><bdi><span class=\"woocommerce-Price-currencySymbol\">&euro;<\/span>130,95<\/bdi><\/span><\/div>\n\t\t\t\t\n\t\t\t\t<div class=\"wp-block-button wc-block-grid__product-add-to-cart\"><a href=\"https:\/\/amzn.to\/41IPuTm\" aria-label=\"Comprar en Amazon\" data-quantity=\"1\" data-product_id=\"425\" data-product_sku=\"\" rel=\"nofollow\" class=\"wp-block-button__link add_to_cart_button\">Comprar en Amazon<\/a><\/div>\n\t\t\t<\/li><li class=\"wc-block-grid__product\">\n\t\t\t\t<a href=\"https:\/\/www.iniciativas3d.com\/tienda-online\/product\/comprar-impresora-3d-ideaformer-ir3-v2-con-cinta-transportadora-al-mejor-precio\/\" class=\"wc-block-grid__product-link\">\n\t\t\t\t\t<div class=\"wc-block-grid__product-image\"><img loading=\"lazy\" decoding=\"async\" width=\"300\" height=\"300\" src=\"https:\/\/www.iniciativas3d.com\/tienda-online\/wp-content\/uploads\/2025\/08\/71TbCj9YxqL._AC_SL1500_-300x300.jpg\" class=\"attachment-woocommerce_thumbnail size-woocommerce_thumbnail\" alt=\"\" srcset=\"https:\/\/www.iniciativas3d.com\/tienda-online\/wp-content\/uploads\/2025\/08\/71TbCj9YxqL._AC_SL1500_-300x300.jpg 300w, https:\/\/www.iniciativas3d.com\/tienda-online\/wp-content\/uploads\/2025\/08\/71TbCj9YxqL._AC_SL1500_-150x150.jpg 150w, https:\/\/www.iniciativas3d.com\/tienda-online\/wp-content\/uploads\/2025\/08\/71TbCj9YxqL._AC_SL1500_-512x512.jpg 512w, https:\/\/www.iniciativas3d.com\/tienda-online\/wp-content\/uploads\/2025\/08\/71TbCj9YxqL._AC_SL1500_-420x420.jpg 420w, https:\/\/www.iniciativas3d.com\/tienda-online\/wp-content\/uploads\/2025\/08\/71TbCj9YxqL._AC_SL1500_-75x75.jpg 75w, https:\/\/www.iniciativas3d.com\/tienda-online\/wp-content\/uploads\/2025\/08\/71TbCj9YxqL._AC_SL1500_-100x100.jpg 100w\" sizes=\"auto, (max-width: 300px) 100vw, 300px\" \/><\/div>\n\t\t\t\t\t<div class=\"wc-block-grid__product-title\">Comprar Impresora 3d IdeaFormer IR3 V2 con cinta transportadora al mejor precio<\/div>\n\t\t\t\t<\/a>\n\t\t\t\t\n\t\t\t\t<div class=\"wc-block-grid__product-price price\"><span class=\"woocommerce-Price-amount amount\"><bdi><span class=\"woocommerce-Price-currencySymbol\">&euro;<\/span>1.071,99<\/bdi><\/span><\/div>\n\t\t\t\t\n\t\t\t\t<div class=\"wp-block-button wc-block-grid__product-add-to-cart\"><a href=\"https:\/\/amzn.to\/4ouYpBI\" aria-label=\"Comprar en Amazon\" data-quantity=\"1\" data-product_id=\"419\" data-product_sku=\"\" rel=\"nofollow\" class=\"wp-block-button__link add_to_cart_button\">Comprar en Amazon<\/a><\/div>\n\t\t\t<\/li><li class=\"wc-block-grid__product\">\n\t\t\t\t<a href=\"https:\/\/www.iniciativas3d.com\/tienda-online\/product\/comprar-mini-impresora-3d-para-principiantes-al-mejor-precio\/\" class=\"wc-block-grid__product-link\">\n\t\t\t\t\t<div class=\"wc-block-grid__product-image\"><img loading=\"lazy\" decoding=\"async\" width=\"300\" height=\"300\" src=\"https:\/\/www.iniciativas3d.com\/tienda-online\/wp-content\/uploads\/2022\/12\/61Sg0gtAyuL._AC_SX569_-300x300.jpg\" class=\"attachment-woocommerce_thumbnail size-woocommerce_thumbnail\" alt=\"\" \/><\/div>\n\t\t\t\t\t<div class=\"wc-block-grid__product-title\">Comprar Mini Impresora 3D para principiantes al mejor precio<\/div>\n\t\t\t\t<\/a>\n\t\t\t\t\n\t\t\t\t<div class=\"wc-block-grid__product-price price\"><span class=\"woocommerce-Price-amount amount\"><bdi><span class=\"woocommerce-Price-currencySymbol\">&euro;<\/span>89,99<\/bdi><\/span><\/div>\n\t\t\t\t\n\t\t\t\t<div class=\"wp-block-button wc-block-grid__product-add-to-cart\"><a href=\"https:\/\/amzn.to\/3F9YKUy\" aria-label=\"Comprar en Amazon\" data-quantity=\"1\" data-product_id=\"128\" data-product_sku=\"\" rel=\"nofollow\" class=\"wp-block-button__link add_to_cart_button\">Comprar en Amazon<\/a><\/div>\n\t\t\t<\/li><li class=\"wc-block-grid__product\">\n\t\t\t\t<a href=\"https:\/\/www.iniciativas3d.com\/tienda-online\/product\/comprar-impresora-3d-resina-anycubic-photon-m3-al-mejor-precio-copia\/\" class=\"wc-block-grid__product-link\">\n\t\t\t\t\t<div class=\"wc-block-grid__product-image\"><img loading=\"lazy\" decoding=\"async\" width=\"300\" height=\"300\" src=\"https:\/\/www.iniciativas3d.com\/tienda-online\/wp-content\/uploads\/2022\/08\/71rbDIIC3DL._SX466_.jpg\" class=\"attachment-woocommerce_thumbnail size-woocommerce_thumbnail\" alt=\"\" \/><\/div>\n\t\t\t\t\t<div class=\"wc-block-grid__product-title\">Comprar Impresora 3D Resina ANYCUBIC Photon M3 al mejor precio<\/div>\n\t\t\t\t<\/a>\n\t\t\t\t\n\t\t\t\t<div class=\"wc-block-grid__product-price price\"><span class=\"woocommerce-Price-amount amount\"><bdi><span class=\"woocommerce-Price-currencySymbol\">&euro;<\/span>259,00<\/bdi><\/span><\/div>\n\t\t\t\t\n\t\t\t\t<div class=\"wp-block-button wc-block-grid__product-add-to-cart\"><a href=\"https:\/\/amzn.to\/3d5qbV4\" aria-label=\"Comprar en Amazon\" data-quantity=\"1\" data-product_id=\"73\" data-product_sku=\"\" rel=\"nofollow\" class=\"wp-block-button__link add_to_cart_button\">Comprar en Amazon<\/a><\/div>\n\t\t\t<\/li><li class=\"wc-block-grid__product\">\n\t\t\t\t<a href=\"https:\/\/www.iniciativas3d.com\/tienda-online\/product\/comprar-impresora-3d-flashforge-al-mejor-precio\/\" class=\"wc-block-grid__product-link\">\n\t\t\t\t\t<div class=\"wc-block-grid__product-image\"><img loading=\"lazy\" decoding=\"async\" width=\"300\" height=\"300\" src=\"https:\/\/www.iniciativas3d.com\/tienda-online\/wp-content\/uploads\/2022\/08\/51f8dnTLMDL._AC_SL1000_-300x300.jpg\" class=\"attachment-woocommerce_thumbnail size-woocommerce_thumbnail\" alt=\"\" \/><\/div>\n\t\t\t\t\t<div class=\"wc-block-grid__product-title\">Comprar Impresora 3D Flashforge adventurer 4 al mejor precio<\/div>\n\t\t\t\t<\/a>\n\t\t\t\t\n\t\t\t\t<div class=\"wc-block-grid__product-price price\"><span class=\"woocommerce-Price-amount amount\"><bdi><span class=\"woocommerce-Price-currencySymbol\">&euro;<\/span>699,00<\/bdi><\/span><\/div>\n\t\t\t\t\n\t\t\t\t<div class=\"wp-block-button wc-block-grid__product-add-to-cart\"><a href=\"https:\/\/amzn.to\/3BFHM08\" aria-label=\"Comprar en Amazon\" data-quantity=\"1\" data-product_id=\"70\" data-product_sku=\"\" rel=\"nofollow\" class=\"wp-block-button__link add_to_cart_button\">Comprar en Amazon<\/a><\/div>\n\t\t\t<\/li><li class=\"wc-block-grid__product\">\n\t\t\t\t<a href=\"https:\/\/www.iniciativas3d.com\/tienda-online\/product\/comprar-impresora-3d-resina-elegoo-al-mejor-precio\/\" class=\"wc-block-grid__product-link\">\n\t\t\t\t\t<div class=\"wc-block-grid__product-image\"><img loading=\"lazy\" decoding=\"async\" width=\"300\" height=\"300\" src=\"https:\/\/www.iniciativas3d.com\/tienda-online\/wp-content\/uploads\/2022\/08\/61j6vBDZXtL._SX466_.jpg\" class=\"attachment-woocommerce_thumbnail size-woocommerce_thumbnail\" alt=\"\" \/><\/div>\n\t\t\t\t\t<div class=\"wc-block-grid__product-title\">Comprar Impresora 3D Resina ELEGOO al mejor precio<\/div>\n\t\t\t\t<\/a>\n\t\t\t\t\n\t\t\t\t<div class=\"wc-block-grid__product-price price\"><span class=\"woocommerce-Price-amount amount\"><bdi><span class=\"woocommerce-Price-currencySymbol\">&euro;<\/span>229,49<\/bdi><\/span><\/div>\n\t\t\t\t\n\t\t\t\t<div class=\"wp-block-button wc-block-grid__product-add-to-cart\"><a href=\"https:\/\/amzn.to\/3bshqUH\" aria-label=\"Comprar en Amazon\" data-quantity=\"1\" data-product_id=\"67\" data-product_sku=\"\" rel=\"nofollow\" class=\"wp-block-button__link add_to_cart_button\">Comprar en Amazon<\/a><\/div>\n\t\t\t<\/li><li class=\"wc-block-grid__product\">\n\t\t\t\t<a href=\"https:\/\/www.iniciativas3d.com\/tienda-online\/product\/comprar-impresora-3d-creality-ender-3-al-mejor-precio\/\" class=\"wc-block-grid__product-link\">\n\t\t\t\t\t<div class=\"wc-block-grid__product-image\"><img loading=\"lazy\" decoding=\"async\" width=\"300\" height=\"300\" src=\"https:\/\/www.iniciativas3d.com\/tienda-online\/wp-content\/uploads\/2022\/08\/61L4aoIqYOL._SX466_.jpg\" class=\"attachment-woocommerce_thumbnail size-woocommerce_thumbnail\" alt=\"\" \/><\/div>\n\t\t\t\t\t<div class=\"wc-block-grid__product-title\">Comprar Impresora 3D Creality Ender-3 al mejor precio<\/div>\n\t\t\t\t<\/a>\n\t\t\t\t\n\t\t\t\t<div class=\"wc-block-grid__product-price price\"><span class=\"woocommerce-Price-amount amount\"><bdi><span class=\"woocommerce-Price-currencySymbol\">&euro;<\/span>213,99<\/bdi><\/span><\/div>\n\t\t\t\t\n\t\t\t\t<div class=\"wp-block-button wc-block-grid__product-add-to-cart\"><a href=\"https:\/\/amzn.to\/3vGbaQ7\" aria-label=\"Comprar en Amazon\" data-quantity=\"1\" data-product_id=\"51\" data-product_sku=\"\" rel=\"nofollow\" class=\"wp-block-button__link add_to_cart_button\">Comprar en Amazon<\/a><\/div>\n\t\t\t<\/li><li class=\"wc-block-grid__product\">\n\t\t\t\t<a href=\"https:\/\/www.iniciativas3d.com\/tienda-online\/product\/comprar-impresora-3d-sx1-al-mejor-precio\/\" class=\"wc-block-grid__product-link\">\n\t\t\t\t\t<div class=\"wc-block-grid__product-image\"><img loading=\"lazy\" decoding=\"async\" width=\"300\" height=\"300\" src=\"https:\/\/www.iniciativas3d.com\/tienda-online\/wp-content\/uploads\/2022\/08\/71BVPTh53GL._SX466_.jpg\" class=\"attachment-woocommerce_thumbnail size-woocommerce_thumbnail\" alt=\"\" \/><\/div>\n\t\t\t\t\t<div class=\"wc-block-grid__product-title\">Comprar Impresora 3D SX1 de alta precisi\u00f3n al mejor precio<\/div>\n\t\t\t\t<\/a>\n\t\t\t\t\n\t\t\t\t<div class=\"wc-block-grid__product-price price\"><span class=\"woocommerce-Price-amount amount\"><bdi><span class=\"woocommerce-Price-currencySymbol\">&euro;<\/span>137,29<\/bdi><\/span><\/div>\n\t\t\t\t\n\t\t\t\t<div class=\"wp-block-button wc-block-grid__product-add-to-cart\"><a href=\"https:\/\/amzn.to\/3Qfo8vX\" aria-label=\"Comprar en Amazon\" data-quantity=\"1\" data-product_id=\"49\" data-product_sku=\"\" rel=\"nofollow\" class=\"wp-block-button__link add_to_cart_button\">Comprar en Amazon<\/a><\/div>\n\t\t\t<\/li><li class=\"wc-block-grid__product\">\n\t\t\t\t<a href=\"https:\/\/www.iniciativas3d.com\/tienda-online\/product\/comprar-impresora-3d-witbox-2-al-mejor-precio\/\" class=\"wc-block-grid__product-link\">\n\t\t\t\t\t<div class=\"wc-block-grid__product-image\"><img loading=\"lazy\" decoding=\"async\" width=\"300\" height=\"300\" src=\"https:\/\/www.iniciativas3d.com\/tienda-online\/wp-content\/uploads\/2022\/08\/81JrwHYHhqL._SX466_.jpg\" class=\"attachment-woocommerce_thumbnail size-woocommerce_thumbnail\" alt=\"\" \/><\/div>\n\t\t\t\t\t<div class=\"wc-block-grid__product-title\">Comprar Impresora BQ Witbox 2 al mejor precio<\/div>\n\t\t\t\t<\/a>\n\t\t\t\t\n\t\t\t\t<div class=\"wc-block-grid__product-price price\"><span class=\"woocommerce-Price-amount amount\"><bdi><span class=\"woocommerce-Price-currencySymbol\">&euro;<\/span>790,00<\/bdi><\/span><\/div>\n\t\t\t\t\n\t\t\t\t<div class=\"wp-block-button wc-block-grid__product-add-to-cart\"><a href=\"https:\/\/amzn.to\/3zSXp2X\" aria-label=\"Comprar en Amazon\" data-quantity=\"1\" data-product_id=\"47\" data-product_sku=\"\" rel=\"nofollow\" class=\"wp-block-button__link add_to_cart_button\">Comprar en Amazon<\/a><\/div>\n\t\t\t<\/li><\/ul><\/div>\n<\/div><\/div>\n\n\n\n<h2 class=\"wp-block-heading\">Ventajas de usar las impresoras 3d de escritorio<\/h2>\n\n\n\n<ol class=\"wp-block-list\">\n<li><strong>Accesibilidad<\/strong>: Las impresoras 3D de escritorio son m\u00e1s asequibles y est\u00e1n dise\u00f1adas para su uso en entornos dom\u00e9sticos o de peque\u00f1as empresas, lo que las hace accesibles para un p\u00fablico m\u00e1s amplio.<\/li>\n\n\n\n<li><strong>Personalizaci\u00f3n<\/strong>: Estas impresoras permiten la creaci\u00f3n de objetos personalizados seg\u00fan las necesidades y preferencias individuales, lo que brinda la oportunidad de crear dise\u00f1os \u00fanicos y personalizados.<\/li>\n\n\n\n<li><strong>Prototipado r\u00e1pido<\/strong>: Con una impresora 3D de escritorio, puedes imprimir r\u00e1pidamente prototipos de tus ideas o productos, lo que acelera el proceso de desarrollo y permite realizar pruebas y ajustes de dise\u00f1o de manera eficiente.<\/li>\n\n\n\n<li><strong>Ahorro de costos<\/strong>: La fabricaci\u00f3n en 3D de escritorio puede ayudar a reducir los costos de producci\u00f3n al eliminar la necesidad de herramientas y moldes costosos utilizados en m\u00e9todos de fabricaci\u00f3n tradicionales.<\/li>\n\n\n\n<li><strong>Creatividad ilimitada<\/strong>: Las impresoras 3D de escritorio permiten dar vida a dise\u00f1os complejos y formas \u00fanicas que ser\u00edan dif\u00edciles o imposibles de lograr con otros m\u00e9todos de fabricaci\u00f3n.<\/li>\n\n\n\n<li><strong>Aprendizaje y educaci\u00f3n<\/strong>: Estas impresoras fomentan la experimentaci\u00f3n y el aprendizaje pr\u00e1ctico, lo que las convierte en una herramienta valiosa en entornos educativos y de formaci\u00f3n, estimulando la creatividad y el pensamiento innovador.<\/li>\n<\/ol>\n","protected":false},"excerpt":{"rendered":"<p>Descubre nuestra selecci\u00f3n de impresoras 3D de escritorio, perfectas para materializar tus ideas con precisi\u00f3n y detalle. Encuentra la impresora 3D ideal para tu hogar o peque\u00f1a empresa y da vida a tus proyectos creativos. Impresoras 3D de escritorio m\u00e1s vendidas Ventajas de usar las impresoras 3d de escritorio<\/p>\n","protected":false},"author":1,"featured_media":0,"parent":0,"menu_order":0,"comment_status":"closed","ping_status":"closed","template":"","meta":{"footnotes":""},"class_list":["post-155","page","type-page","status-publish","hentry"],"_links":{"self":[{"href":"https:\/\/www.iniciativas3d.com\/tienda-online\/wp-json\/wp\/v2\/pages\/155","targetHints":{"allow":["GET"]}}],"collection":[{"href":"https:\/\/www.iniciativas3d.com\/tienda-online\/wp-json\/wp\/v2\/pages"}],"about":[{"href":"https:\/\/www.iniciativas3d.com\/tienda-online\/wp-json\/wp\/v2\/types\/page"}],"author":[{"embeddable":true,"href":"https:\/\/www.iniciativas3d.com\/tienda-online\/wp-json\/wp\/v2\/users\/1"}],"replies":[{"embeddable":true,"href":"https:\/\/www.iniciativas3d.com\/tienda-online\/wp-json\/wp\/v2\/comments?post=155"}],"version-history":[{"count":32,"href":"https:\/\/www.iniciativas3d.com\/tienda-online\/wp-json\/wp\/v2\/pages\/155\/revisions"}],"predecessor-version":[{"id":384,"href":"https:\/\/www.iniciativas3d.com\/tienda-online\/wp-json\/wp\/v2\/pages\/155\/revisions\/384"}],"wp:attachment":[{"href":"https:\/\/www.iniciativas3d.com\/tienda-online\/wp-json\/wp\/v2\/media?parent=155"}],"curies":[{"name":"wp","href":"https:\/\/api.w.org\/{rel}","templated":true}]}}